{"id":998,"date":"2023-07-24T08:58:48","date_gmt":"2023-07-24T05:58:48","guid":{"rendered":"https:\/\/college.iseri.eu\/?page_id=998"},"modified":"2025-09-10T09:24:58","modified_gmt":"2025-09-10T06:24:58","slug":"duyurular","status":"publish","type":"page","link":"https:\/\/turkmaarifkoleji.org\/en\/duyurular\/","title":{"rendered":"Announcements"},"content":{"rendered":"<div data-elementor-type=\"wp-page\" data-elementor-id=\"998\" class=\"elementor elementor-998\">\n\t\t\t\t<div class=\"elementor-element elementor-element-fc33db4 e-flex e-con-boxed e-con e-parent\" data-id=\"fc33db4\" data-element_type=\"container\" data-settings=\"{&quot;background_background&quot;:&quot;classic&quot;}\">\n\t\t\t\t\t<div class=\"e-con-inner\">\n\t\t\t\t<div class=\"elementor-element elementor-element-8c8d0d7 elementor-widget elementor-widget-heading\" data-id=\"8c8d0d7\" data-element_type=\"widget\" data-widget_type=\"heading.default\">\n\t\t\t\t<div class=\"elementor-widget-container\">\n\t\t\t\t\t<h2 class=\"elementor-heading-title elementor-size-default\">Announcements<\/h2>\t\t\t\t<\/div>\n\t\t\t\t<\/div>\n\t\t\t\t\t<\/div>\n\t\t\t\t<\/div>\n\t\t<div data-xpro-equal-height=\".xpro-post-grid-content\" class=\"elementor-element elementor-element-fdfda17 e-con-full e-flex e-con e-parent\" data-id=\"fdfda17\" data-element_type=\"container\">\n\t\t\t\t<div class=\"elementor-element elementor-element-97e099a elementor-widget__width-initial elementor-widget elementor-widget-xpro-post-grid\" data-id=\"97e099a\" data-element_type=\"widget\" data-settings=\"{&quot;column_grid&quot;:&quot;4&quot;,&quot;space_between&quot;:{&quot;unit&quot;:&quot;px&quot;,&quot;size&quot;:30,&quot;sizes&quot;:[]},&quot;item_height&quot;:{&quot;unit&quot;:&quot;px&quot;,&quot;size&quot;:350,&quot;sizes&quot;:[]},&quot;column_grid_tablet&quot;:&quot;2&quot;,&quot;column_grid_mobile&quot;:&quot;1&quot;,&quot;item_height_tablet&quot;:{&quot;unit&quot;:&quot;px&quot;,&quot;size&quot;:&quot;&quot;,&quot;sizes&quot;:[]},&quot;item_height_mobile&quot;:{&quot;unit&quot;:&quot;px&quot;,&quot;size&quot;:&quot;&quot;,&quot;sizes&quot;:[]},&quot;space_between_tablet&quot;:{&quot;unit&quot;:&quot;px&quot;,&quot;size&quot;:15,&quot;sizes&quot;:[]},&quot;space_between_mobile&quot;:{&quot;unit&quot;:&quot;px&quot;,&quot;size&quot;:15,&quot;sizes&quot;:[]}}\" data-widget_type=\"xpro-post-grid.default\">\n\t\t\t\t<div class=\"elementor-widget-container\">\n\t\t\t\t\t\n\t\t<div class=\"xpro-post-grid-wrapper xpro-post-grid-layout-6\">\n\n\t\t\t\n\t\t\t\t<div class=\"xpro-post-grid-main cbp\">\n\n\t\t\t\t\t\n<div class=\"cbp-item xpro-post-grid-item\">\n\t\n\t<div class=\"xpro-post-grid-content\">\n\n\t\t\n\t\t\t\t\t<ul class=\"xpro-post-grid-meta-list\">\n\t\t\t\t\t\t\t\t\t\t\t\t\t\t\t<li class=\"xpro-post-grid-meta-date\">\n\t\t\t\t\t\t\t<i aria-hidden=\"true\" class=\"far fa-calendar\"><\/i>\t\t\t\t\t\t\t19\/06\/2025\t\t\t\t\t\t<\/li>\n\t\t\t\t\t\t\t\t\t\t\t\t\t\t\t\n\t\t\t\t\t\t\t<\/ul>\n\t\t\n\t\t<a href=\"https:\/\/turkmaarifkoleji.org\/en\/yaz-tatilinde-okunacak-kitaplar\/\">\n\t\t\t<h2 class=\"xpro-post-grid-title\">Yaz Tatilinde Okunacak Kitaplar<\/h2>\n\t\t<\/a>\n\n\t\t\n\t\t\t\t\t<p class=\"xpro-post-grid-excerpt\">De\u011ferli Velilerimiz, \u00a0\u25ba Televizyon \u25ba Telefon\u00a0 \u25baTablet \u25ba Bilgisayar...<\/p>\n\t\t\t\t\t\t\t<a href=\"https:\/\/turkmaarifkoleji.org\/en\/yaz-tatilinde-okunacak-kitaplar\/\" class=\"xpro-post-grid-btn\">Read More<\/a>\n\t\t\t\t\n\t\t\n\t<\/div>\n<\/div>\n\n<div class=\"cbp-item xpro-post-grid-item\">\n\t\n\t<div class=\"xpro-post-grid-content\">\n\n\t\t\n\t\t\t\t\t<ul class=\"xpro-post-grid-meta-list\">\n\t\t\t\t\t\t\t\t\t\t\t\t\t\t\t<li class=\"xpro-post-grid-meta-date\">\n\t\t\t\t\t\t\t<i aria-hidden=\"true\" class=\"far fa-calendar\"><\/i>\t\t\t\t\t\t\t19\/06\/2025\t\t\t\t\t\t<\/li>\n\t\t\t\t\t\t\t\t\t\t\t\t\t\t\t\n\t\t\t\t\t\t\t<\/ul>\n\t\t\n\t\t<a href=\"https:\/\/turkmaarifkoleji.org\/en\/tmk-vakfi-mutevelli-heyeti-icra-kurulu-secim-basvuru-tarihi-uzatildi\/\">\n\t\t\t<h2 class=\"xpro-post-grid-title\">TMK Vakf\u0131 M\u00fctevelli Heyeti &#038; \u0130cra Kurulu Se\u00e7im Ba\u015fvuru Tarihi Uzat\u0131ld\u0131!<\/h2>\n\t\t<\/a>\n\n\t\t\n\t\t\t\t\t<p class=\"xpro-post-grid-excerpt\"><\/p>\n\t\t\t\t\t\t\t<a href=\"https:\/\/turkmaarifkoleji.org\/en\/tmk-vakfi-mutevelli-heyeti-icra-kurulu-secim-basvuru-tarihi-uzatildi\/\" class=\"xpro-post-grid-btn\">Read More<\/a>\n\t\t\t\t\n\t\t\n\t<\/div>\n<\/div>\n\n<div class=\"cbp-item xpro-post-grid-item\">\n\t\n\t<div class=\"xpro-post-grid-content\">\n\n\t\t\n\t\t\t\t\t<ul class=\"xpro-post-grid-meta-list\">\n\t\t\t\t\t\t\t\t\t\t\t\t\t\t\t<li class=\"xpro-post-grid-meta-date\">\n\t\t\t\t\t\t\t<i aria-hidden=\"true\" class=\"far fa-calendar\"><\/i>\t\t\t\t\t\t\t15\/06\/2025\t\t\t\t\t\t<\/li>\n\t\t\t\t\t\t\t\t\t\t\t\t\t\t\t\n\t\t\t\t\t\t\t<\/ul>\n\t\t\n\t\t<a href=\"https:\/\/turkmaarifkoleji.org\/en\/6-sinif-kayitlari\/\">\n\t\t\t<h2 class=\"xpro-post-grid-title\">6. SINIF KAYITLARI<\/h2>\n\t\t<\/a>\n\n\t\t\n\t\t\t\t\t<p class=\"xpro-post-grid-excerpt\">KGS SINAVI SONUCUNDA OKULUMUZA KAYIT HAKKI ELDE EDEN T\u00dcM...<\/p>\n\t\t\t\t\t\t\t<a href=\"https:\/\/turkmaarifkoleji.org\/en\/6-sinif-kayitlari\/\" class=\"xpro-post-grid-btn\">Read More<\/a>\n\t\t\t\t\n\t\t\n\t<\/div>\n<\/div>\n\n<div class=\"cbp-item xpro-post-grid-item\">\n\t\n\t<div class=\"xpro-post-grid-content\">\n\n\t\t\n\t\t\t\t\t<ul class=\"xpro-post-grid-meta-list\">\n\t\t\t\t\t\t\t\t\t\t\t\t\t\t\t<li class=\"xpro-post-grid-meta-date\">\n\t\t\t\t\t\t\t<i aria-hidden=\"true\" class=\"far fa-calendar\"><\/i>\t\t\t\t\t\t\t17\/10\/2024\t\t\t\t\t\t<\/li>\n\t\t\t\t\t\t\t\t\t\t\t\t\t\t\t\n\t\t\t\t\t\t\t<\/ul>\n\t\t\n\t\t<a href=\"https:\/\/turkmaarifkoleji.org\/en\/tmk-halk-danslari-kulubu\/\">\n\t\t\t<h2 class=\"xpro-post-grid-title\">TMK Halk Danslar\u0131 Kul\u00fcb\u00fc<\/h2>\n\t\t<\/a>\n\n\t\t\n\t\t\t\t\t<p class=\"xpro-post-grid-excerpt\">TMK Halk Danslar\u0131 Kul\u00fcb\u00fc 2024-2025 E\u011fitim ve \u00d6\u011fretim Y\u0131l\u0131...<\/p>\n\t\t\t\t\t\t\t<a href=\"https:\/\/turkmaarifkoleji.org\/en\/tmk-halk-danslari-kulubu\/\" class=\"xpro-post-grid-btn\">Read More<\/a>\n\t\t\t\t\n\t\t\n\t<\/div>\n<\/div>\n\n<div class=\"cbp-item xpro-post-grid-item\">\n\t\n\t<div class=\"xpro-post-grid-content\">\n\n\t\t\n\t\t\t\t\t<ul class=\"xpro-post-grid-meta-list\">\n\t\t\t\t\t\t\t\t\t\t\t\t\t\t\t<li class=\"xpro-post-grid-meta-date\">\n\t\t\t\t\t\t\t<i aria-hidden=\"true\" class=\"far fa-calendar\"><\/i>\t\t\t\t\t\t\t27\/04\/2024\t\t\t\t\t\t<\/li>\n\t\t\t\t\t\t\t\t\t\t\t\t\t\t\t\n\t\t\t\t\t\t\t<\/ul>\n\t\t\n\t\t<a href=\"https:\/\/turkmaarifkoleji.org\/en\/tmk-thrift-store\/\">\n\t\t\t<h2 class=\"xpro-post-grid-title\">TMK THRIFT STORE<\/h2>\n\t\t<\/a>\n\n\t\t\n\t\t\t\t\t<p class=\"xpro-post-grid-excerpt\">TMK ENVIRONMENTAL CLUB \u0130kinci el \u00fcniforma sat\u0131\u015f\u0131.\u00a0<\/p>\n\t\t\t\t\t\t\t<a href=\"https:\/\/turkmaarifkoleji.org\/en\/tmk-thrift-store\/\" class=\"xpro-post-grid-btn\">Read More<\/a>\n\t\t\t\t\n\t\t\n\t<\/div>\n<\/div>\n\n<div class=\"cbp-item xpro-post-grid-item\">\n\t\n\t<div class=\"xpro-post-grid-content\">\n\n\t\t\n\t\t\t\t\t<ul class=\"xpro-post-grid-meta-list\">\n\t\t\t\t\t\t\t\t\t\t\t\t\t\t\t<li class=\"xpro-post-grid-meta-date\">\n\t\t\t\t\t\t\t<i aria-hidden=\"true\" class=\"far fa-calendar\"><\/i>\t\t\t\t\t\t\t29\/02\/2024\t\t\t\t\t\t<\/li>\n\t\t\t\t\t\t\t\t\t\t\t\t\t\t\t\n\t\t\t\t\t\t\t<\/ul>\n\t\t\n\t\t<a href=\"https:\/\/turkmaarifkoleji.org\/en\/tmk-60th-anniversary-grand-alumni-homecoming\/\">\n\t\t\t<h2 class=\"xpro-post-grid-title\">TMK 60th Anniversary Grand Alumni Homecoming<\/h2>\n\t\t<\/a>\n\n\t\t\n\t\t\t\t\t<p class=\"xpro-post-grid-excerpt\">You are cordially invited to The 60-Year Reunion Click...<\/p>\n\t\t\t\t\t\t\t<a href=\"https:\/\/turkmaarifkoleji.org\/en\/tmk-60th-anniversary-grand-alumni-homecoming\/\" class=\"xpro-post-grid-btn\">Read More<\/a>\n\t\t\t\t\n\t\t\n\t<\/div>\n<\/div>\n\n<div class=\"cbp-item xpro-post-grid-item\">\n\t\n\t<div class=\"xpro-post-grid-content\">\n\n\t\t\n\t\t\t\t\t<ul class=\"xpro-post-grid-meta-list\">\n\t\t\t\t\t\t\t\t\t\t\t\t\t\t\t<li class=\"xpro-post-grid-meta-date\">\n\t\t\t\t\t\t\t<i aria-hidden=\"true\" class=\"far fa-calendar\"><\/i>\t\t\t\t\t\t\t31\/07\/2023\t\t\t\t\t\t<\/li>\n\t\t\t\t\t\t\t\t\t\t\t\t\t\t\t\n\t\t\t\t\t\t\t<\/ul>\n\t\t\n\t\t<a href=\"https:\/\/turkmaarifkoleji.org\/en\/okul-uniformalari\/\">\n\t\t\t<h2 class=\"xpro-post-grid-title\">Okul \u00dcniformalar\u0131<\/h2>\n\t\t<\/a>\n\n\t\t\n\t\t\t\t\t<p class=\"xpro-post-grid-excerpt\">Okul \u00dcniforman\u0131z\u0131, anla\u015fmam\u0131z olan Leman Ticaret satmaktad\u0131r.\u00a0 19 A\u011fustos...<\/p>\n\t\t\t\t\t\t\t<a href=\"https:\/\/turkmaarifkoleji.org\/en\/okul-uniformalari\/\" class=\"xpro-post-grid-btn\">Read More<\/a>\n\t\t\t\t\n\t\t\n\t<\/div>\n<\/div>\n\n<div class=\"cbp-item xpro-post-grid-item\">\n\t\n\t<div class=\"xpro-post-grid-content\">\n\n\t\t\n\t\t\t\t\t<ul class=\"xpro-post-grid-meta-list\">\n\t\t\t\t\t\t\t\t\t\t\t\t\t\t\t<li class=\"xpro-post-grid-meta-date\">\n\t\t\t\t\t\t\t<i aria-hidden=\"true\" class=\"far fa-calendar\"><\/i>\t\t\t\t\t\t\t31\/07\/2023\t\t\t\t\t\t<\/li>\n\t\t\t\t\t\t\t\t\t\t\t\t\t\t\t\n\t\t\t\t\t\t\t<\/ul>\n\t\t\n\t\t<a href=\"https:\/\/turkmaarifkoleji.org\/en\/yaz-tatilinde-okunacak-kitap\/\">\n\t\t\t<h2 class=\"xpro-post-grid-title\">Yaz Tatilinde Okunacak Kitaplar<\/h2>\n\t\t<\/a>\n\n\t\t\n\t\t\t\t\t<p class=\"xpro-post-grid-excerpt\">6. S\u0131n\u0131flar: Ye\u015fil Ada&#8217;n\u0131n \u00c7ocuklar\u0131 (Havva Tekin) \/ \u015eapka...<\/p>\n\t\t\t\t\t\t\t<a href=\"https:\/\/turkmaarifkoleji.org\/en\/yaz-tatilinde-okunacak-kitap\/\" class=\"xpro-post-grid-btn\">Read More<\/a>\n\t\t\t\t\n\t\t\n\t<\/div>\n<\/div>\n\n<div class=\"cbp-item xpro-post-grid-item\">\n\t\n\t<div class=\"xpro-post-grid-content\">\n\n\t\t\n\t\t\t\t\t<ul class=\"xpro-post-grid-meta-list\">\n\t\t\t\t\t\t\t\t\t\t\t\t\t\t\t<li class=\"xpro-post-grid-meta-date\">\n\t\t\t\t\t\t\t<i aria-hidden=\"true\" class=\"far fa-calendar\"><\/i>\t\t\t\t\t\t\t23\/07\/2023\t\t\t\t\t\t<\/li>\n\t\t\t\t\t\t\t\t\t\t\t\t\t\t\t\n\t\t\t\t\t\t\t<\/ul>\n\t\t\n\t\t<a href=\"https:\/\/turkmaarifkoleji.org\/en\/diploma-toreni3\/\">\n\t\t\t<h2 class=\"xpro-post-grid-title\">Diploma T\u00f6reni<\/h2>\n\t\t<\/a>\n\n\t\t\n\t\t\t\t\t<p class=\"xpro-post-grid-excerpt\">2022-23 Akademik y\u0131l\u0131 Diploma t\u00f6reni 23 haziran tarihinde saat...<\/p>\n\t\t\t\t\t\t\t<a href=\"https:\/\/turkmaarifkoleji.org\/en\/diploma-toreni3\/\" class=\"xpro-post-grid-btn\">Read More<\/a>\n\t\t\t\t\n\t\t\n\t<\/div>\n<\/div>\n\n<div class=\"cbp-item xpro-post-grid-item\">\n\t\n\t<div class=\"xpro-post-grid-content\">\n\n\t\t\n\t\t\t\t\t<ul class=\"xpro-post-grid-meta-list\">\n\t\t\t\t\t\t\t\t\t\t\t\t\t\t\t<li class=\"xpro-post-grid-meta-date\">\n\t\t\t\t\t\t\t<i aria-hidden=\"true\" class=\"far fa-calendar\"><\/i>\t\t\t\t\t\t\t23\/07\/2023\t\t\t\t\t\t<\/li>\n\t\t\t\t\t\t\t\t\t\t\t\t\t\t\t\n\t\t\t\t\t\t\t<\/ul>\n\t\t\n\t\t<a href=\"https:\/\/turkmaarifkoleji.org\/en\/diploma-toreni-2\/\">\n\t\t\t<h2 class=\"xpro-post-grid-title\">6.S\u0131n\u0131f Kay\u0131tlar\u0131<\/h2>\n\t\t<\/a>\n\n\t\t\n\t\t\t\t\t<p class=\"xpro-post-grid-excerpt\">Veli bilgilendirme toplant\u0131s\u0131 13 Haziran 2023, Sal\u0131 g\u00fcn\u00fc saat...<\/p>\n\t\t\t\t\t\t\t<a href=\"https:\/\/turkmaarifkoleji.org\/en\/diploma-toreni-2\/\" class=\"xpro-post-grid-btn\">Read More<\/a>\n\t\t\t\t\n\t\t\n\t<\/div>\n<\/div>\n\n\t\t\t\t<\/div>\n\n\t\t\t\t\n\t\t<\/div>\n\n\t\t\t\t\t\t<\/div>\n\t\t\t\t<\/div>\n\t\t\t\t<\/div>\n\t\t\t\t<\/div>","protected":false},"excerpt":{"rendered":"<p>Duyurular 19\/06\/2025 Yaz Tatilinde Okunacak Kitaplar De\u011ferli Velilerimiz, \u00a0\u25ba Televizyon \u25ba Telefon\u00a0 \u25baTablet \u25ba Bilgisayar&#8230; Daha Fazla 19\/06\/2025 TMK Vakf\u0131 M\u00fctevelli Heyeti &#038; \u0130cra Kurulu Se\u00e7im Ba\u015fvuru Tarihi Uzat\u0131ld\u0131! Daha Fazla 15\/06\/2025 6. SINIF KAYITLARI KGS SINAVI SONUCUNDA OKULUMUZA KAYIT HAKKI ELDE EDEN T\u00dcM&#8230; Daha Fazla 17\/10\/2024 TMK Halk Danslar\u0131 Kul\u00fcb\u00fc TMK Halk Danslar\u0131 Kul\u00fcb\u00fc&#8230;<\/p>","protected":false},"author":1,"featured_media":0,"parent":0,"menu_order":0,"comment_status":"closed","ping_status":"closed","template":"elementor_header_footer","meta":{"_kad_post_transparent":"","_kad_post_title":"","_kad_post_layout":"","_kad_post_sidebar_id":"","_kad_post_content_style":"","_kad_post_vertical_padding":"","_kad_post_feature":"","_kad_post_feature_position":"","_kad_post_header":false,"_kad_post_footer":false,"footnotes":""},"class_list":["post-998","page","type-page","status-publish","hentry"],"yoast_head":"<!-- This site is optimized with the Yoast SEO plugin v25.9 - https:\/\/yoast.com\/wordpress\/plugins\/seo\/ -->\n<title>Duyurular - T\u00fcrk Maarif Koleji<\/title>\n<meta name=\"robots\" content=\"index, follow, max-snippet:-1, max-image-preview:large, max-video-preview:-1\" \/>\n<link rel=\"canonical\" href=\"https:\/\/turkmaarifkoleji.org\/en\/duyurular\/\" \/>\n<meta property=\"og:locale\" content=\"en_US\" \/>\n<meta property=\"og:type\" content=\"article\" \/>\n<meta property=\"og:title\" content=\"Duyurular - T\u00fcrk Maarif Koleji\" \/>\n<meta property=\"og:description\" content=\"Duyurular 19\/06\/2025 Yaz Tatilinde Okunacak Kitaplar De\u011ferli Velilerimiz, \u00a0\u25ba Televizyon \u25ba Telefon\u00a0 \u25baTablet \u25ba Bilgisayar&#8230; Daha Fazla 19\/06\/2025 TMK Vakf\u0131 M\u00fctevelli Heyeti &#038; \u0130cra Kurulu Se\u00e7im Ba\u015fvuru Tarihi Uzat\u0131ld\u0131! Daha Fazla 15\/06\/2025 6. SINIF KAYITLARI KGS SINAVI SONUCUNDA OKULUMUZA KAYIT HAKKI ELDE EDEN T\u00dcM&#8230; Daha Fazla 17\/10\/2024 TMK Halk Danslar\u0131 Kul\u00fcb\u00fc TMK Halk Danslar\u0131 Kul\u00fcb\u00fc...\" \/>\n<meta property=\"og:url\" content=\"https:\/\/turkmaarifkoleji.org\/en\/duyurular\/\" \/>\n<meta property=\"og:site_name\" content=\"T\u00fcrk Maarif Koleji\" \/>\n<meta property=\"article:publisher\" content=\"https:\/\/www.facebook.com\/tmkcyprus\/\" \/>\n<meta property=\"article:modified_time\" content=\"2025-09-10T06:24:58+00:00\" \/>\n<meta property=\"og:image\" content=\"https:\/\/turkmaarifkoleji.org\/wp-content\/uploads\/2023\/07\/Turk_Maarif_Koleji_logo-1.png\" \/>\n\t<meta property=\"og:image:width\" content=\"477\" \/>\n\t<meta property=\"og:image:height\" content=\"160\" \/>\n\t<meta property=\"og:image:type\" content=\"image\/png\" \/>\n<meta name=\"twitter:card\" content=\"summary_large_image\" \/>\n<meta name=\"twitter:label1\" content=\"Est. reading time\" \/>\n\t<meta name=\"twitter:data1\" content=\"1 minute\" \/>\n<script type=\"application\/ld+json\" class=\"yoast-schema-graph\">{\"@context\":\"https:\/\/schema.org\",\"@graph\":[{\"@type\":\"WebPage\",\"@id\":\"https:\/\/turkmaarifkoleji.org\/duyurular\/\",\"url\":\"https:\/\/turkmaarifkoleji.org\/duyurular\/\",\"name\":\"Duyurular - T\u00fcrk Maarif Koleji\",\"isPartOf\":{\"@id\":\"https:\/\/turkmaarifkoleji.org\/en\/#website\"},\"datePublished\":\"2023-07-24T05:58:48+00:00\",\"dateModified\":\"2025-09-10T06:24:58+00:00\",\"breadcrumb\":{\"@id\":\"https:\/\/turkmaarifkoleji.org\/duyurular\/#breadcrumb\"},\"inLanguage\":\"en-US\",\"potentialAction\":[{\"@type\":\"ReadAction\",\"target\":[\"https:\/\/turkmaarifkoleji.org\/duyurular\/\"]}]},{\"@type\":\"BreadcrumbList\",\"@id\":\"https:\/\/turkmaarifkoleji.org\/duyurular\/#breadcrumb\",\"itemListElement\":[{\"@type\":\"ListItem\",\"position\":1,\"name\":\"Anasayfa\",\"item\":\"https:\/\/turkmaarifkoleji.org\/\"},{\"@type\":\"ListItem\",\"position\":2,\"name\":\"Duyurular\"}]},{\"@type\":\"WebSite\",\"@id\":\"https:\/\/turkmaarifkoleji.org\/en\/#website\",\"url\":\"https:\/\/turkmaarifkoleji.org\/en\/\",\"name\":\"T\u00fcrk Maarif Koleji\",\"description\":\"D\u00fcnyaya A\u00e7\u0131lan Kap\u0131\",\"publisher\":{\"@id\":\"https:\/\/turkmaarifkoleji.org\/en\/#organization\"},\"potentialAction\":[{\"@type\":\"SearchAction\",\"target\":{\"@type\":\"EntryPoint\",\"urlTemplate\":\"https:\/\/turkmaarifkoleji.org\/en\/?s={search_term_string}\"},\"query-input\":{\"@type\":\"PropertyValueSpecification\",\"valueRequired\":true,\"valueName\":\"search_term_string\"}}],\"inLanguage\":\"en-US\"},{\"@type\":\"Organization\",\"@id\":\"https:\/\/turkmaarifkoleji.org\/en\/#organization\",\"name\":\"T\u00fcrk Maarif Koleji\",\"alternateName\":\"TMK\",\"url\":\"https:\/\/turkmaarifkoleji.org\/en\/\",\"logo\":{\"@type\":\"ImageObject\",\"inLanguage\":\"en-US\",\"@id\":\"https:\/\/turkmaarifkoleji.org\/en\/#\/schema\/logo\/image\/\",\"url\":\"https:\/\/turkmaarifkoleji.org\/wp-content\/uploads\/2023\/08\/Turk_Maarif_Koleji-1.svg\",\"contentUrl\":\"https:\/\/turkmaarifkoleji.org\/wp-content\/uploads\/2023\/08\/Turk_Maarif_Koleji-1.svg\",\"width\":120,\"height\":160,\"caption\":\"T\u00fcrk Maarif Koleji\"},\"image\":{\"@id\":\"https:\/\/turkmaarifkoleji.org\/en\/#\/schema\/logo\/image\/\"},\"sameAs\":[\"https:\/\/www.facebook.com\/tmkcyprus\/\",\"https:\/\/www.instagram.com\/turkmaarifkolejitmk\/\"]}]}<\/script>\n<!-- \/ Yoast SEO plugin. -->","yoast_head_json":{"title":"Duyurular - T\u00fcrk Maarif Koleji","robots":{"index":"index","follow":"follow","max-snippet":"max-snippet:-1","max-image-preview":"max-image-preview:large","max-video-preview":"max-video-preview:-1"},"canonical":"https:\/\/turkmaarifkoleji.org\/en\/duyurular\/","og_locale":"en_US","og_type":"article","og_title":"Duyurular - T\u00fcrk Maarif Koleji","og_description":"Duyurular 19\/06\/2025 Yaz Tatilinde Okunacak Kitaplar De\u011ferli Velilerimiz, \u00a0\u25ba Televizyon \u25ba Telefon\u00a0 \u25baTablet \u25ba Bilgisayar&#8230; Daha Fazla 19\/06\/2025 TMK Vakf\u0131 M\u00fctevelli Heyeti &#038; \u0130cra Kurulu Se\u00e7im Ba\u015fvuru Tarihi Uzat\u0131ld\u0131! Daha Fazla 15\/06\/2025 6. SINIF KAYITLARI KGS SINAVI SONUCUNDA OKULUMUZA KAYIT HAKKI ELDE EDEN T\u00dcM&#8230; Daha Fazla 17\/10\/2024 TMK Halk Danslar\u0131 Kul\u00fcb\u00fc TMK Halk Danslar\u0131 Kul\u00fcb\u00fc...","og_url":"https:\/\/turkmaarifkoleji.org\/en\/duyurular\/","og_site_name":"T\u00fcrk Maarif Koleji","article_publisher":"https:\/\/www.facebook.com\/tmkcyprus\/","article_modified_time":"2025-09-10T06:24:58+00:00","og_image":[{"width":477,"height":160,"url":"https:\/\/turkmaarifkoleji.org\/wp-content\/uploads\/2023\/07\/Turk_Maarif_Koleji_logo-1.png","type":"image\/png"}],"twitter_card":"summary_large_image","twitter_misc":{"Est. reading time":"1 minute"},"schema":{"@context":"https:\/\/schema.org","@graph":[{"@type":"WebPage","@id":"https:\/\/turkmaarifkoleji.org\/duyurular\/","url":"https:\/\/turkmaarifkoleji.org\/duyurular\/","name":"Duyurular - T\u00fcrk Maarif Koleji","isPartOf":{"@id":"https:\/\/turkmaarifkoleji.org\/en\/#website"},"datePublished":"2023-07-24T05:58:48+00:00","dateModified":"2025-09-10T06:24:58+00:00","breadcrumb":{"@id":"https:\/\/turkmaarifkoleji.org\/duyurular\/#breadcrumb"},"inLanguage":"en-US","potentialAction":[{"@type":"ReadAction","target":["https:\/\/turkmaarifkoleji.org\/duyurular\/"]}]},{"@type":"BreadcrumbList","@id":"https:\/\/turkmaarifkoleji.org\/duyurular\/#breadcrumb","itemListElement":[{"@type":"ListItem","position":1,"name":"Anasayfa","item":"https:\/\/turkmaarifkoleji.org\/"},{"@type":"ListItem","position":2,"name":"Duyurular"}]},{"@type":"WebSite","@id":"https:\/\/turkmaarifkoleji.org\/en\/#website","url":"https:\/\/turkmaarifkoleji.org\/en\/","name":"T\u00fcrk Maarif College","description":"A Gateway to the World","publisher":{"@id":"https:\/\/turkmaarifkoleji.org\/en\/#organization"},"potentialAction":[{"@type":"SearchAction","target":{"@type":"EntryPoint","urlTemplate":"https:\/\/turkmaarifkoleji.org\/en\/?s={search_term_string}"},"query-input":{"@type":"PropertyValueSpecification","valueRequired":true,"valueName":"search_term_string"}}],"inLanguage":"en-US"},{"@type":"Organization","@id":"https:\/\/turkmaarifkoleji.org\/en\/#organization","name":"T\u00fcrk Maarif College","alternateName":"TMK","url":"https:\/\/turkmaarifkoleji.org\/en\/","logo":{"@type":"ImageObject","inLanguage":"en-US","@id":"https:\/\/turkmaarifkoleji.org\/en\/#\/schema\/logo\/image\/","url":"https:\/\/turkmaarifkoleji.org\/wp-content\/uploads\/2023\/08\/Turk_Maarif_Koleji-1.svg","contentUrl":"https:\/\/turkmaarifkoleji.org\/wp-content\/uploads\/2023\/08\/Turk_Maarif_Koleji-1.svg","width":120,"height":160,"caption":"T\u00fcrk Maarif Koleji"},"image":{"@id":"https:\/\/turkmaarifkoleji.org\/en\/#\/schema\/logo\/image\/"},"sameAs":["https:\/\/www.facebook.com\/tmkcyprus\/","https:\/\/www.instagram.com\/turkmaarifkolejitmk\/"]}]}},"_links":{"self":[{"href":"https:\/\/turkmaarifkoleji.org\/en\/wp-json\/wp\/v2\/pages\/998","targetHints":{"allow":["GET"]}}],"collection":[{"href":"https:\/\/turkmaarifkoleji.org\/en\/wp-json\/wp\/v2\/pages"}],"about":[{"href":"https:\/\/turkmaarifkoleji.org\/en\/wp-json\/wp\/v2\/types\/page"}],"author":[{"embeddable":true,"href":"https:\/\/turkmaarifkoleji.org\/en\/wp-json\/wp\/v2\/users\/1"}],"replies":[{"embeddable":true,"href":"https:\/\/turkmaarifkoleji.org\/en\/wp-json\/wp\/v2\/comments?post=998"}],"version-history":[{"count":0,"href":"https:\/\/turkmaarifkoleji.org\/en\/wp-json\/wp\/v2\/pages\/998\/revisions"}],"wp:attachment":[{"href":"https:\/\/turkmaarifkoleji.org\/en\/wp-json\/wp\/v2\/media?parent=998"}],"curies":[{"name":"wp","href":"https:\/\/api.w.org\/{rel}","templated":true}]}}