{"id":933,"date":"2023-07-23T23:59:36","date_gmt":"2023-07-23T20:59:36","guid":{"rendered":"https:\/\/college.iseri.eu\/?page_id=933"},"modified":"2025-09-29T14:54:17","modified_gmt":"2025-09-29T11:54:17","slug":"idari-kadro","status":"publish","type":"page","link":"https:\/\/turkmaarifkoleji.org\/en\/idari-kadro\/","title":{"rendered":"Admission"},"content":{"rendered":"<div data-elementor-type=\"wp-page\" data-elementor-id=\"933\" class=\"elementor elementor-933\">\n\t\t\t\t<div class=\"elementor-element elementor-element-98a3ba9 e-flex e-con-boxed e-con e-parent\" data-id=\"98a3ba9\" data-element_type=\"container\" data-settings=\"{&quot;background_background&quot;:&quot;classic&quot;}\">\n\t\t\t\t\t<div class=\"e-con-inner\">\n\t\t\t\t<div class=\"elementor-element elementor-element-40fe7b4 elementor-widget elementor-widget-heading\" data-id=\"40fe7b4\" data-element_type=\"widget\" data-widget_type=\"heading.default\">\n\t\t\t\t<div class=\"elementor-widget-container\">\n\t\t\t\t\t<h2 class=\"elementor-heading-title elementor-size-default\">Headmistress<\/h2>\t\t\t\t<\/div>\n\t\t\t\t<\/div>\n\t\t\t\t\t<\/div>\n\t\t\t\t<\/div>\n\t\t<div class=\"elementor-element elementor-element-3388029 e-flex e-con-boxed e-con e-parent\" data-id=\"3388029\" data-element_type=\"container\" data-settings=\"{&quot;background_background&quot;:&quot;classic&quot;}\">\n\t\t\t\t\t<div class=\"e-con-inner\">\n\t\t\t\t<div class=\"elementor-element elementor-element-29a4aeb elementor-widget elementor-widget-xpro-team\" data-id=\"29a4aeb\" data-element_type=\"widget\" data-settings=\"{&quot;layout&quot;:&quot;2&quot;,&quot;_animation&quot;:&quot;none&quot;}\" data-widget_type=\"xpro-team.default\">\n\t\t\t\t<div class=\"elementor-widget-container\">\n\t\t\t\t\t\n<div class=\"xpro-team-wrapper xpro-team-layout-2\">\n\t\n\t\t<div class=\"xpro-team-image\">\n\t\t<img decoding=\"async\" alt=\"team-img\" src=\"https:\/\/turkmaarifkoleji.org\/wp-content\/uploads\/resimler\/idare\/Candan__Kortay_.webp\">\t\t\t\t\t\t<ul class=\"xpro-team-social-list xpro-team-social-list-dis\">\n\t\t\t\t\t\t<li class=\"elementor-repeater-item-67d0211\">\n\t\t\t\t<a  target=\"_blank\" href=\"mailto:candan.kortay@turkmaarifkoleji.org\" class=\"xpro-team-social-icon\">\n\t\t\t\t<i aria-hidden=\"true\" class=\"xi xi-email\"><\/i>\t\t\t\t<\/a>\n\t\t\t\t<\/li>\n\t\t\t\t\t<\/ul>\n\t<\/div>\n<div class=\"xpro-team-content\">\n\t\t\t\t<h2\tclass=\"xpro-team-title\">Candan Kortay<\/h2>\n\t\t\n<\/div>\n<\/div>\n\t\t\t\t<\/div>\n\t\t\t\t<\/div>\n\t\t\t\t\t<\/div>\n\t\t\t\t<\/div>\n\t\t<div class=\"elementor-element elementor-element-054ea65 e-flex e-con-boxed e-con e-parent\" data-id=\"054ea65\" data-element_type=\"container\" data-settings=\"{&quot;background_background&quot;:&quot;classic&quot;}\">\n\t\t\t\t\t<div class=\"e-con-inner\">\n\t\t\t\t<div class=\"elementor-element elementor-element-7bde91e elementor-widget-divider--view-line elementor-widget elementor-widget-divider\" data-id=\"7bde91e\" data-element_type=\"widget\" data-widget_type=\"divider.default\">\n\t\t\t\t<div class=\"elementor-widget-container\">\n\t\t\t\t\t\t\t<div class=\"elementor-divider\">\n\t\t\t<span class=\"elementor-divider-separator\">\n\t\t\t\t\t\t<\/span>\n\t\t<\/div>\n\t\t\t\t\t\t<\/div>\n\t\t\t\t<\/div>\n\t\t\t\t\t<\/div>\n\t\t\t\t<\/div>\n\t\t<div class=\"elementor-element elementor-element-35e33fc e-flex e-con-boxed e-con e-parent\" data-id=\"35e33fc\" data-element_type=\"container\" data-settings=\"{&quot;background_background&quot;:&quot;classic&quot;}\">\n\t\t\t\t\t<div class=\"e-con-inner\">\n\t\t\t\t<div class=\"elementor-element elementor-element-d729d77 elementor-widget elementor-widget-heading\" data-id=\"d729d77\" data-element_type=\"widget\" data-widget_type=\"heading.default\">\n\t\t\t\t<div class=\"elementor-widget-container\">\n\t\t\t\t\t<h2 class=\"elementor-heading-title elementor-size-default\">Assistant Headmasters<\/h2>\t\t\t\t<\/div>\n\t\t\t\t<\/div>\n\t\t\t\t\t<\/div>\n\t\t\t\t<\/div>\n\t\t<div class=\"elementor-element elementor-element-7adedfe e-grid e-con-boxed e-con e-parent\" data-id=\"7adedfe\" data-element_type=\"container\" data-settings=\"{&quot;background_background&quot;:&quot;classic&quot;}\">\n\t\t\t\t\t<div class=\"e-con-inner\">\n\t\t\t\t<div class=\"elementor-element elementor-element-27cbac3 elementor-widget elementor-widget-xpro-team\" data-id=\"27cbac3\" data-element_type=\"widget\" data-settings=\"{&quot;layout&quot;:&quot;2&quot;}\" data-widget_type=\"xpro-team.default\">\n\t\t\t\t<div class=\"elementor-widget-container\">\n\t\t\t\t\t\n<div class=\"xpro-team-wrapper xpro-team-layout-2\">\n\t\n\t\t<div class=\"xpro-team-image\">\n\t\t<img decoding=\"async\" alt=\"team-img\" src=\"https:\/\/turkmaarifkoleji.org\/wp-content\/uploads\/resimler\/idare\/GULUGURLU.webp\">\t\t\t\t<\/div>\n<div class=\"xpro-team-content\">\n\t\t\t\t<h2\tclass=\"xpro-team-title\">G\u00fcl U\u011furlu<\/h2>\n\t\t\t<p class=\"xpro-team-description\">Chief Assistant Headmaster<\/p>\n\n<\/div>\n<\/div>\n\t\t\t\t<\/div>\n\t\t\t\t<\/div>\n\t\t\t\t<div class=\"elementor-element elementor-element-8b7fba9 elementor-widget elementor-widget-xpro-team\" data-id=\"8b7fba9\" data-element_type=\"widget\" data-settings=\"{&quot;layout&quot;:&quot;2&quot;}\" data-widget_type=\"xpro-team.default\">\n\t\t\t\t<div class=\"elementor-widget-container\">\n\t\t\t\t\t\n<div class=\"xpro-team-wrapper xpro-team-layout-2\">\n\t\n\t\t<div class=\"xpro-team-image\">\n\t\t<img decoding=\"async\" alt=\"team-img\" src=\"https:\/\/turkmaarifkoleji.org\/wp-content\/uploads\/resimler\/idare\/SELENKESENEL.webp\">\t\t\t\t<\/div>\n<div class=\"xpro-team-content\">\n\t\t\t\t<h2\tclass=\"xpro-team-title\">Selen K\u00f6se esenel<\/h2>\n\t\t\t<p class=\"xpro-team-description\">Assistant Headmaster<\/p>\n\n<\/div>\n<\/div>\n\t\t\t\t<\/div>\n\t\t\t\t<\/div>\n\t\t\t\t<div class=\"elementor-element elementor-element-4b1b466 elementor-widget elementor-widget-xpro-team\" data-id=\"4b1b466\" data-element_type=\"widget\" data-settings=\"{&quot;layout&quot;:&quot;2&quot;}\" data-widget_type=\"xpro-team.default\">\n\t\t\t\t<div class=\"elementor-widget-container\">\n\t\t\t\t\t\n<div class=\"xpro-team-wrapper xpro-team-layout-2\">\n\t\n\t\t<div class=\"xpro-team-image\">\n\t\t<img decoding=\"async\" alt=\"team-img\" src=\"https:\/\/turkmaarifkoleji.org\/wp-content\/uploads\/resimler\/idare\/ECEABASMAN.webp\">\t\t\t\t<\/div>\n<div class=\"xpro-team-content\">\n\t\t\t\t<h2\tclass=\"xpro-team-title\">Ece Atakan Ba\u015fman<\/h2>\n\t\t\t<p class=\"xpro-team-description\">Assistant Headmaster<\/p>\n\n<\/div>\n<\/div>\n\t\t\t\t<\/div>\n\t\t\t\t<\/div>\n\t\t\t\t<div class=\"elementor-element elementor-element-5121d0e elementor-widget elementor-widget-xpro-team\" data-id=\"5121d0e\" data-element_type=\"widget\" data-settings=\"{&quot;layout&quot;:&quot;2&quot;}\" data-widget_type=\"xpro-team.default\">\n\t\t\t\t<div class=\"elementor-widget-container\">\n\t\t\t\t\t\n<div class=\"xpro-team-wrapper xpro-team-layout-2\">\n\t\n\t\t<div class=\"xpro-team-image\">\n\t\t<img decoding=\"async\" alt=\"team-img\" src=\"https:\/\/turkmaarifkoleji.org\/wp-content\/uploads\/resimler\/idare\/EDASAN.webp\">\t\t\t\t<\/div>\n<div class=\"xpro-team-content\">\n\t\t\t\t<h2\tclass=\"xpro-team-title\">Eda \u015ean<\/h2>\n\t\t\t<p class=\"xpro-team-description\">Assistant Headmaster<\/p>\n\n<\/div>\n<\/div>\n\t\t\t\t<\/div>\n\t\t\t\t<\/div>\n\t\t\t\t<div class=\"elementor-element elementor-element-f3922ec elementor-widget elementor-widget-xpro-team\" data-id=\"f3922ec\" data-element_type=\"widget\" data-settings=\"{&quot;layout&quot;:&quot;2&quot;}\" data-widget_type=\"xpro-team.default\">\n\t\t\t\t<div class=\"elementor-widget-container\">\n\t\t\t\t\t\n<div class=\"xpro-team-wrapper xpro-team-layout-2\">\n\t\n\t\t<div class=\"xpro-team-image\">\n\t\t<img decoding=\"async\" alt=\"team-img\" src=\"https:\/\/turkmaarifkoleji.org\/wp-content\/uploads\/resimler\/idare\/FATMAVURANA.webp\">\t\t\t\t<\/div>\n<div class=\"xpro-team-content\">\n\t\t\t\t<h2\tclass=\"xpro-team-title\">Fatma \u00d6zyan\u0131klar Vurana<\/h2>\n\t\t\t<p class=\"xpro-team-description\">Assistant Headmaster<\/p>\n\n<\/div>\n<\/div>\n\t\t\t\t<\/div>\n\t\t\t\t<\/div>\n\t\t\t\t<div class=\"elementor-element elementor-element-14022a3 elementor-widget elementor-widget-xpro-team\" data-id=\"14022a3\" data-element_type=\"widget\" data-settings=\"{&quot;layout&quot;:&quot;2&quot;}\" data-widget_type=\"xpro-team.default\">\n\t\t\t\t<div class=\"elementor-widget-container\">\n\t\t\t\t\t\n<div class=\"xpro-team-wrapper xpro-team-layout-2\">\n\t\n\t\t<div class=\"xpro-team-image\">\n\t\t<img decoding=\"async\" alt=\"team-img\" src=\"http:\/\/.\">\t\t\t\t<\/div>\n<div class=\"xpro-team-content\">\n\t\t\t\t<h2\tclass=\"xpro-team-title\">Elvan Leman Karaye\u011fen<\/h2>\n\t\t\t<p class=\"xpro-team-description\">Assistant Headmaster<\/p>\n\n<\/div>\n<\/div>\n\t\t\t\t<\/div>\n\t\t\t\t<\/div>\n\t\t\t\t<div class=\"elementor-element elementor-element-7461586 elementor-widget elementor-widget-xpro-team\" data-id=\"7461586\" data-element_type=\"widget\" data-settings=\"{&quot;layout&quot;:&quot;2&quot;}\" data-widget_type=\"xpro-team.default\">\n\t\t\t\t<div class=\"elementor-widget-container\">\n\t\t\t\t\t\n<div class=\"xpro-team-wrapper xpro-team-layout-2\">\n\t\n\t\t<div class=\"xpro-team-image\">\n\t\t<img decoding=\"async\" alt=\"team-img\" src=\"https:\/\/turkmaarifkoleji.org\/wp-content\/uploads\/resimler\/idare\/BURCINKAZALI.webp\">\t\t\t\t<\/div>\n<div class=\"xpro-team-content\">\n\t\t\t\t<h2\tclass=\"xpro-team-title\">Bur\u00e7in Kazali<\/h2>\n\t\t\t<p class=\"xpro-team-description\">Assistant Headmaster<\/p>\n\n<\/div>\n<\/div>\n\t\t\t\t<\/div>\n\t\t\t\t<\/div>\n\t\t\t\t\t<\/div>\n\t\t\t\t<\/div>\n\t\t\t\t<\/div>","protected":false},"excerpt":{"rendered":"<p>Okul M\u00fcd\u00fcr\u00fc Candan Kortay M\u00fcd\u00fcr Muavinleri G\u00fcl U\u011furlu Ba\u015fmuavin Selen K\u00f6se esenel M\u00fcd\u00fcr Muavini Ece Atakan Ba\u015fman M\u00fcd\u00fcr Muavini Eda \u015ean M\u00fcd\u00fcr Muavini Fatma \u00d6zyan\u0131klar Vurana M\u00fcd\u00fcr Muavini Elvan Leman Karaye\u011fen M\u00fcd\u00fcr Muavini Bur\u00e7in Kazali M\u00fcd\u00fcr Muavini<\/p>","protected":false},"author":1,"featured_media":0,"parent":0,"menu_order":0,"comment_status":"closed","ping_status":"closed","template":"elementor_header_footer","meta":{"_kad_post_transparent":"default","_kad_post_title":"default","_kad_post_layout":"default","_kad_post_sidebar_id":"","_kad_post_content_style":"default","_kad_post_vertical_padding":"default","_kad_post_feature":"","_kad_post_feature_position":"","_kad_post_header":false,"_kad_post_footer":false,"footnotes":""},"class_list":["post-933","page","type-page","status-publish","hentry"],"yoast_head":"<!-- This site is optimized with the Yoast SEO plugin v25.9 - https:\/\/yoast.com\/wordpress\/plugins\/seo\/ -->\n<title>\u0130dari Kadro - T\u00fcrk Maarif Koleji<\/title>\n<meta name=\"description\" content=\"M\u00fcd\u00fcr ve M\u00fcd\u00fcr Muavinleri\" \/>\n<meta name=\"robots\" content=\"index, follow, max-snippet:-1, max-image-preview:large, max-video-preview:-1\" \/>\n<link rel=\"canonical\" href=\"https:\/\/turkmaarifkoleji.org\/en\/idari-kadro\/\" \/>\n<meta property=\"og:locale\" content=\"en_US\" \/>\n<meta property=\"og:type\" content=\"article\" \/>\n<meta property=\"og:title\" content=\"\u0130dari Kadro - T\u00fcrk Maarif Koleji\" \/>\n<meta property=\"og:description\" content=\"M\u00fcd\u00fcr ve M\u00fcd\u00fcr Muavinleri\" \/>\n<meta property=\"og:url\" content=\"https:\/\/turkmaarifkoleji.org\/en\/idari-kadro\/\" \/>\n<meta property=\"og:site_name\" content=\"T\u00fcrk Maarif Koleji\" \/>\n<meta property=\"article:publisher\" content=\"https:\/\/www.facebook.com\/tmkcyprus\/\" \/>\n<meta property=\"article:modified_time\" content=\"2025-09-29T11:54:17+00:00\" \/>\n<meta property=\"og:image\" content=\"https:\/\/turkmaarifkoleji.org\/wp-content\/uploads\/resimler\/idare\/Candan__Kortay_.webp\" \/>\n<meta name=\"twitter:card\" content=\"summary_large_image\" \/>\n<meta name=\"twitter:label1\" content=\"Est. reading time\" \/>\n\t<meta name=\"twitter:data1\" content=\"2 minutes\" \/>\n<script type=\"application\/ld+json\" class=\"yoast-schema-graph\">{\"@context\":\"https:\/\/schema.org\",\"@graph\":[{\"@type\":\"WebPage\",\"@id\":\"https:\/\/turkmaarifkoleji.org\/idari-kadro\/\",\"url\":\"https:\/\/turkmaarifkoleji.org\/idari-kadro\/\",\"name\":\"\u0130dari Kadro - T\u00fcrk Maarif Koleji\",\"isPartOf\":{\"@id\":\"https:\/\/turkmaarifkoleji.org\/en\/#website\"},\"primaryImageOfPage\":{\"@id\":\"https:\/\/turkmaarifkoleji.org\/idari-kadro\/#primaryimage\"},\"image\":{\"@id\":\"https:\/\/turkmaarifkoleji.org\/idari-kadro\/#primaryimage\"},\"thumbnailUrl\":\"https:\/\/turkmaarifkoleji.org\/wp-content\/uploads\/resimler\/idare\/Candan__Kortay_.webp\",\"datePublished\":\"2023-07-23T20:59:36+00:00\",\"dateModified\":\"2025-09-29T11:54:17+00:00\",\"description\":\"M\u00fcd\u00fcr ve M\u00fcd\u00fcr Muavinleri\",\"breadcrumb\":{\"@id\":\"https:\/\/turkmaarifkoleji.org\/idari-kadro\/#breadcrumb\"},\"inLanguage\":\"en-US\",\"potentialAction\":[{\"@type\":\"ReadAction\",\"target\":[\"https:\/\/turkmaarifkoleji.org\/idari-kadro\/\"]}]},{\"@type\":\"ImageObject\",\"inLanguage\":\"en-US\",\"@id\":\"https:\/\/turkmaarifkoleji.org\/idari-kadro\/#primaryimage\",\"url\":\"https:\/\/turkmaarifkoleji.org\/wp-content\/uploads\/resimler\/idare\/Candan__Kortay_.webp\",\"contentUrl\":\"https:\/\/turkmaarifkoleji.org\/wp-content\/uploads\/resimler\/idare\/Candan__Kortay_.webp\"},{\"@type\":\"BreadcrumbList\",\"@id\":\"https:\/\/turkmaarifkoleji.org\/idari-kadro\/#breadcrumb\",\"itemListElement\":[{\"@type\":\"ListItem\",\"position\":1,\"name\":\"Anasayfa\",\"item\":\"https:\/\/turkmaarifkoleji.org\/\"},{\"@type\":\"ListItem\",\"position\":2,\"name\":\"\u0130dari Kadro\"}]},{\"@type\":\"WebSite\",\"@id\":\"https:\/\/turkmaarifkoleji.org\/en\/#website\",\"url\":\"https:\/\/turkmaarifkoleji.org\/en\/\",\"name\":\"T\u00fcrk Maarif Koleji\",\"description\":\"D\u00fcnyaya A\u00e7\u0131lan Kap\u0131\",\"publisher\":{\"@id\":\"https:\/\/turkmaarifkoleji.org\/en\/#organization\"},\"potentialAction\":[{\"@type\":\"SearchAction\",\"target\":{\"@type\":\"EntryPoint\",\"urlTemplate\":\"https:\/\/turkmaarifkoleji.org\/en\/?s={search_term_string}\"},\"query-input\":{\"@type\":\"PropertyValueSpecification\",\"valueRequired\":true,\"valueName\":\"search_term_string\"}}],\"inLanguage\":\"en-US\"},{\"@type\":\"Organization\",\"@id\":\"https:\/\/turkmaarifkoleji.org\/en\/#organization\",\"name\":\"T\u00fcrk Maarif Koleji\",\"alternateName\":\"TMK\",\"url\":\"https:\/\/turkmaarifkoleji.org\/en\/\",\"logo\":{\"@type\":\"ImageObject\",\"inLanguage\":\"en-US\",\"@id\":\"https:\/\/turkmaarifkoleji.org\/en\/#\/schema\/logo\/image\/\",\"url\":\"https:\/\/turkmaarifkoleji.org\/wp-content\/uploads\/2023\/08\/Turk_Maarif_Koleji-1.svg\",\"contentUrl\":\"https:\/\/turkmaarifkoleji.org\/wp-content\/uploads\/2023\/08\/Turk_Maarif_Koleji-1.svg\",\"width\":120,\"height\":160,\"caption\":\"T\u00fcrk Maarif Koleji\"},\"image\":{\"@id\":\"https:\/\/turkmaarifkoleji.org\/en\/#\/schema\/logo\/image\/\"},\"sameAs\":[\"https:\/\/www.facebook.com\/tmkcyprus\/\",\"https:\/\/www.instagram.com\/turkmaarifkolejitmk\/\"]}]}<\/script>\n<!-- \/ Yoast SEO plugin. -->","yoast_head_json":{"title":"\u0130dari Kadro - T\u00fcrk Maarif Koleji","description":"M\u00fcd\u00fcr ve M\u00fcd\u00fcr Muavinleri","robots":{"index":"index","follow":"follow","max-snippet":"max-snippet:-1","max-image-preview":"max-image-preview:large","max-video-preview":"max-video-preview:-1"},"canonical":"https:\/\/turkmaarifkoleji.org\/en\/idari-kadro\/","og_locale":"en_US","og_type":"article","og_title":"\u0130dari Kadro - T\u00fcrk Maarif Koleji","og_description":"M\u00fcd\u00fcr ve M\u00fcd\u00fcr Muavinleri","og_url":"https:\/\/turkmaarifkoleji.org\/en\/idari-kadro\/","og_site_name":"T\u00fcrk Maarif Koleji","article_publisher":"https:\/\/www.facebook.com\/tmkcyprus\/","article_modified_time":"2025-09-29T11:54:17+00:00","og_image":[{"url":"https:\/\/turkmaarifkoleji.org\/wp-content\/uploads\/resimler\/idare\/Candan__Kortay_.webp","type":"","width":"","height":""}],"twitter_card":"summary_large_image","twitter_misc":{"Est. reading time":"2 minutes"},"schema":{"@context":"https:\/\/schema.org","@graph":[{"@type":"WebPage","@id":"https:\/\/turkmaarifkoleji.org\/idari-kadro\/","url":"https:\/\/turkmaarifkoleji.org\/idari-kadro\/","name":"\u0130dari Kadro - T\u00fcrk Maarif Koleji","isPartOf":{"@id":"https:\/\/turkmaarifkoleji.org\/en\/#website"},"primaryImageOfPage":{"@id":"https:\/\/turkmaarifkoleji.org\/idari-kadro\/#primaryimage"},"image":{"@id":"https:\/\/turkmaarifkoleji.org\/idari-kadro\/#primaryimage"},"thumbnailUrl":"https:\/\/turkmaarifkoleji.org\/wp-content\/uploads\/resimler\/idare\/Candan__Kortay_.webp","datePublished":"2023-07-23T20:59:36+00:00","dateModified":"2025-09-29T11:54:17+00:00","description":"M\u00fcd\u00fcr ve M\u00fcd\u00fcr Muavinleri","breadcrumb":{"@id":"https:\/\/turkmaarifkoleji.org\/idari-kadro\/#breadcrumb"},"inLanguage":"en-US","potentialAction":[{"@type":"ReadAction","target":["https:\/\/turkmaarifkoleji.org\/idari-kadro\/"]}]},{"@type":"ImageObject","inLanguage":"en-US","@id":"https:\/\/turkmaarifkoleji.org\/idari-kadro\/#primaryimage","url":"https:\/\/turkmaarifkoleji.org\/wp-content\/uploads\/resimler\/idare\/Candan__Kortay_.webp","contentUrl":"https:\/\/turkmaarifkoleji.org\/wp-content\/uploads\/resimler\/idare\/Candan__Kortay_.webp"},{"@type":"BreadcrumbList","@id":"https:\/\/turkmaarifkoleji.org\/idari-kadro\/#breadcrumb","itemListElement":[{"@type":"ListItem","position":1,"name":"Anasayfa","item":"https:\/\/turkmaarifkoleji.org\/"},{"@type":"ListItem","position":2,"name":"\u0130dari Kadro"}]},{"@type":"WebSite","@id":"https:\/\/turkmaarifkoleji.org\/en\/#website","url":"https:\/\/turkmaarifkoleji.org\/en\/","name":"T\u00fcrk Maarif College","description":"A Gateway to the World","publisher":{"@id":"https:\/\/turkmaarifkoleji.org\/en\/#organization"},"potentialAction":[{"@type":"SearchAction","target":{"@type":"EntryPoint","urlTemplate":"https:\/\/turkmaarifkoleji.org\/en\/?s={search_term_string}"},"query-input":{"@type":"PropertyValueSpecification","valueRequired":true,"valueName":"search_term_string"}}],"inLanguage":"en-US"},{"@type":"Organization","@id":"https:\/\/turkmaarifkoleji.org\/en\/#organization","name":"T\u00fcrk Maarif College","alternateName":"TMK","url":"https:\/\/turkmaarifkoleji.org\/en\/","logo":{"@type":"ImageObject","inLanguage":"en-US","@id":"https:\/\/turkmaarifkoleji.org\/en\/#\/schema\/logo\/image\/","url":"https:\/\/turkmaarifkoleji.org\/wp-content\/uploads\/2023\/08\/Turk_Maarif_Koleji-1.svg","contentUrl":"https:\/\/turkmaarifkoleji.org\/wp-content\/uploads\/2023\/08\/Turk_Maarif_Koleji-1.svg","width":120,"height":160,"caption":"T\u00fcrk Maarif Koleji"},"image":{"@id":"https:\/\/turkmaarifkoleji.org\/en\/#\/schema\/logo\/image\/"},"sameAs":["https:\/\/www.facebook.com\/tmkcyprus\/","https:\/\/www.instagram.com\/turkmaarifkolejitmk\/"]}]}},"_links":{"self":[{"href":"https:\/\/turkmaarifkoleji.org\/en\/wp-json\/wp\/v2\/pages\/933","targetHints":{"allow":["GET"]}}],"collection":[{"href":"https:\/\/turkmaarifkoleji.org\/en\/wp-json\/wp\/v2\/pages"}],"about":[{"href":"https:\/\/turkmaarifkoleji.org\/en\/wp-json\/wp\/v2\/types\/page"}],"author":[{"embeddable":true,"href":"https:\/\/turkmaarifkoleji.org\/en\/wp-json\/wp\/v2\/users\/1"}],"replies":[{"embeddable":true,"href":"https:\/\/turkmaarifkoleji.org\/en\/wp-json\/wp\/v2\/comments?post=933"}],"version-history":[{"count":5,"href":"https:\/\/turkmaarifkoleji.org\/en\/wp-json\/wp\/v2\/pages\/933\/revisions"}],"predecessor-version":[{"id":8129,"href":"https:\/\/turkmaarifkoleji.org\/en\/wp-json\/wp\/v2\/pages\/933\/revisions\/8129"}],"wp:attachment":[{"href":"https:\/\/turkmaarifkoleji.org\/en\/wp-json\/wp\/v2\/media?parent=933"}],"curies":[{"name":"wp","href":"https:\/\/api.w.org\/{rel}","templated":true}]}}