{"id":6219,"date":"2024-03-27T19:55:36","date_gmt":"2024-03-27T17:55:36","guid":{"rendered":"https:\/\/turkmaarifkoleji.org\/?page_id=6219"},"modified":"2025-06-28T23:29:27","modified_gmt":"2025-06-28T20:29:27","slug":"university-admissions-consultants","status":"publish","type":"page","link":"https:\/\/turkmaarifkoleji.org\/en\/university-admissions-consultants\/","title":{"rendered":"University Admissions Consultants"},"content":{"rendered":"<div data-elementor-type=\"wp-page\" data-elementor-id=\"6219\" class=\"elementor elementor-6219\">\n\t\t\t\t<div class=\"elementor-element elementor-element-febac14 e-con-full e-flex e-con e-parent\" data-id=\"febac14\" data-element_type=\"container\">\n\t\t\t\t<div class=\"elementor-element elementor-element-2bc3e6a xpro-content-aligncenter elementor-widget elementor-widget-xpro-advance-heading\" data-id=\"2bc3e6a\" data-element_type=\"widget\" data-widget_type=\"xpro-advance-heading.default\">\n\t\t\t\t<div class=\"elementor-widget-container\">\n\t\t\t\t\t\r\n<div class=\"xpro-heading-wrapper\">\r\n\r\n\t<div class=\"xpro-heading-wrapper-inner\">\r\n\r\n\t\t\r\n\t\t<div class=\"xpro-heading-content\">\r\n\r\n\t\t\t\r\n\t\t\t<div class=\"xpro-heading-top\">\r\n\r\n\t\t\t\t\r\n\t\t\t\t<div class=\"xpro-heading-top-inner\">\r\n\t\t\t\t\t\t\t\t\t\t\t\t\t\t\t<h1 class=\"xpro-heading-title\">University Admissions Consultants <\/h1>\t\t\t\t\t\t\t\t\t\t\t\t\t\t<\/div>\r\n\r\n\t\t\t<\/div>\r\n\r\n\t\t\t\r\n\t\t<\/div>\r\n\r\n\t<\/div>\r\n\r\n<\/div>\r\n\t\t\t\t<\/div>\n\t\t\t\t<\/div>\n\t\t\t\t<\/div>\n\t\t<div class=\"elementor-element elementor-element-a470cee e-con-full e-grid e-con e-parent\" data-id=\"a470cee\" data-element_type=\"container\" data-settings=\"{&quot;background_background&quot;:&quot;classic&quot;}\">\n\t\t\t\t<div class=\"elementor-element elementor-element-fe400ba animated-fast elementor-invisible elementor-widget elementor-widget-xpro-team\" data-id=\"fe400ba\" data-element_type=\"widget\" data-settings=\"{&quot;_animation&quot;:&quot;xpro-anim-reveal-from-left&quot;,&quot;layout&quot;:&quot;1&quot;}\" data-widget_type=\"xpro-team.default\">\n\t\t\t\t<div class=\"elementor-widget-container\">\n\t\t\t\t\t\n<div class=\"xpro-team-wrapper xpro-team-layout-1\">\n\t\n\t\t<div class=\"xpro-team-image\">\n\t\t<img decoding=\"async\" alt=\"team-img\" src=\"https:\/\/filedn.com\/lMDRdxANDCyYRldQg97VNby\/TMK\/rehber\/HALIDEREHBERLIMAN.webp\">\t\t\t\t<\/div>\n<div class=\"xpro-team-content\">\n\t\t\t\t<h2\tclass=\"xpro-team-title\">Halide Rehber<\/h2>\n\t\t\t<h4 class=\"xpro-team-designation\">halide.rehber[at]turkmaarifkoleji.org<\/h4>\n\t\t\n\t<ul class=\"xpro-team-social-list xpro-team-social-list-dis\">\n\t\t\t\t<li class=\"elementor-repeater-item-4ce919b\">\n\t\t\t<a  target=\"_blank\" href=\"mailto:halide.rehber@turkmaarifkoleji.org\" class=\"xpro-team-social-icon\">\n\t\t\t<i aria-hidden=\"true\" class=\"xi xi-email\"><\/i>\t\t\t<\/a>\n\t\t\t<\/li>\n\t\t\t<\/ul>\n<\/div>\n<\/div>\n\t\t\t\t<\/div>\n\t\t\t\t<\/div>\n\t\t\t\t<div class=\"elementor-element elementor-element-50d7f20 animated-fast elementor-invisible elementor-widget elementor-widget-xpro-team\" data-id=\"50d7f20\" data-element_type=\"widget\" data-settings=\"{&quot;_animation&quot;:&quot;xpro-anim-reveal-from-left&quot;,&quot;_animation_delay&quot;:750,&quot;layout&quot;:&quot;1&quot;}\" data-widget_type=\"xpro-team.default\">\n\t\t\t\t<div class=\"elementor-widget-container\">\n\t\t\t\t\t\n<div class=\"xpro-team-wrapper xpro-team-layout-1\">\n\t\n\t\t<div class=\"xpro-team-image\">\n\t\t<img decoding=\"async\" alt=\"team-img\" src=\"https:\/\/filedn.com\/lMDRdxANDCyYRldQg97VNby\/TMK\/Matematik\/SIMGEKAHVECIOGLUZEKICAN.webp\">\t\t\t\t<\/div>\n<div class=\"xpro-team-content\">\n\t\t\t\t<h2\tclass=\"xpro-team-title\">Simge Zekican<\/h2>\n\t\t\t<h4 class=\"xpro-team-designation\">simge.zekican[at]turkmaarifkoleji.org<\/h4>\n\t\t\n\t<ul class=\"xpro-team-social-list xpro-team-social-list-dis\">\n\t\t\t\t<li class=\"elementor-repeater-item-4ce919b\">\n\t\t\t<a  target=\"_blank\" href=\"mailto:simge.zekican@turkmaarifkoleji.org\" class=\"xpro-team-social-icon\">\n\t\t\t<i aria-hidden=\"true\" class=\"xi xi-email\"><\/i>\t\t\t<\/a>\n\t\t\t<\/li>\n\t\t\t<\/ul>\n<\/div>\n<\/div>\n\t\t\t\t<\/div>\n\t\t\t\t<\/div>\n\t\t\t\t<div class=\"elementor-element elementor-element-472afe3 animated-fast elementor-invisible elementor-widget elementor-widget-xpro-team\" data-id=\"472afe3\" data-element_type=\"widget\" data-settings=\"{&quot;_animation&quot;:&quot;xpro-anim-reveal-from-left&quot;,&quot;_animation_delay&quot;:1500,&quot;layout&quot;:&quot;1&quot;}\" data-widget_type=\"xpro-team.default\">\n\t\t\t\t<div class=\"elementor-widget-container\">\n\t\t\t\t\t\n<div class=\"xpro-team-wrapper xpro-team-layout-1\">\n\t\n\t\t<div class=\"xpro-team-image\">\n\t\t<img decoding=\"async\" alt=\"team-img\" src=\"https:\/\/filedn.com\/lMDRdxANDCyYRldQg97VNby\/TMK\/rehber\/EBRUERVANDAR.webp\">\t\t\t\t<\/div>\n<div class=\"xpro-team-content\">\n\t\t\t\t<h2\tclass=\"xpro-team-title\">Ebru Ervandar<\/h2>\n\t\t\t<h4 class=\"xpro-team-designation\">ebru.ervandar[at]turkmaarifkoleji.org<\/h4>\n\t\t\n\t<ul class=\"xpro-team-social-list xpro-team-social-list-dis\">\n\t\t\t\t<li class=\"elementor-repeater-item-dd5f3ba\">\n\t\t\t<a  target=\"_blank\" href=\"mailto:ebru.ervandar@turkmaarifkoleji.org\" class=\"xpro-team-social-icon\">\n\t\t\t<i aria-hidden=\"true\" class=\"xi xi-email\"><\/i>\t\t\t<\/a>\n\t\t\t<\/li>\n\t\t\t<\/ul>\n<\/div>\n<\/div>\n\t\t\t\t<\/div>\n\t\t\t\t<\/div>\n\t\t\t\t<div class=\"elementor-element elementor-element-b4b6260 animated-fast elementor-invisible elementor-widget elementor-widget-xpro-team\" data-id=\"b4b6260\" data-element_type=\"widget\" data-settings=\"{&quot;_animation&quot;:&quot;xpro-anim-reveal-from-left&quot;,&quot;_animation_delay&quot;:1500,&quot;layout&quot;:&quot;1&quot;}\" data-widget_type=\"xpro-team.default\">\n\t\t\t\t<div class=\"elementor-widget-container\">\n\t\t\t\t\t\n<div class=\"xpro-team-wrapper xpro-team-layout-1\">\n\t\n\t\t<div class=\"xpro-team-image\">\n\t\t<img decoding=\"async\" alt=\"team-img\" src=\"https:\/\/filedn.com\/lMDRdxANDCyYRldQg97VNby\/TMK\/rehber\/ZULALDUZGUN.webp\">\t\t\t\t<\/div>\n<div class=\"xpro-team-content\">\n\t\t\t\t<h2\tclass=\"xpro-team-title\">Z\u00fclal D\u00fczg\u00fcn<\/h2>\n\t\t\t<h4 class=\"xpro-team-designation\">zulal.duzgun[at]turkmaarifkoleji.org<\/h4>\n\t\t\n\t<ul class=\"xpro-team-social-list xpro-team-social-list-dis\">\n\t\t\t\t<li class=\"elementor-repeater-item-dd5f3ba\">\n\t\t\t<a  target=\"_blank\" href=\"mailto:zulal.duzgun@turkmaarifkoleji.org\" class=\"xpro-team-social-icon\">\n\t\t\t<i aria-hidden=\"true\" class=\"xi xi-email\"><\/i>\t\t\t<\/a>\n\t\t\t<\/li>\n\t\t\t<\/ul>\n<\/div>\n<\/div>\n\t\t\t\t<\/div>\n\t\t\t\t<\/div>\n\t\t\t\t<\/div>\n\t\t\t\t<\/div>","protected":false},"excerpt":{"rendered":"<p>University Admissions Consultants Halide Rehber halide.rehber[at]turkmaarifkoleji.org Simge Zekican simge.zekican[at]turkmaarifkoleji.org Ebru Ervandar ebru.ervandar[at]turkmaarifkoleji.org Z\u00fclal D\u00fczg\u00fcn zulal.duzgun[at]turkmaarifkoleji.org<\/p>","protected":false},"author":1,"featured_media":0,"parent":0,"menu_order":0,"comment_status":"closed","ping_status":"closed","template":"elementor_header_footer","meta":{"_kad_post_transparent":"default","_kad_post_title":"hide","_kad_post_layout":"fullwidth","_kad_post_sidebar_id":"","_kad_post_content_style":"unboxed","_kad_post_vertical_padding":"hide","_kad_post_feature":"hide","_kad_post_feature_position":"","_kad_post_header":false,"_kad_post_footer":false,"footnotes":""},"class_list":["post-6219","page","type-page","status-publish","hentry"],"yoast_head":"<!-- This site is optimized with the Yoast SEO plugin v25.9 - https:\/\/yoast.com\/wordpress\/plugins\/seo\/ -->\n<title>University Admissions Consultants - T\u00fcrk Maarif Koleji<\/title>\n<meta name=\"robots\" content=\"index, follow, max-snippet:-1, max-image-preview:large, max-video-preview:-1\" \/>\n<link rel=\"canonical\" href=\"https:\/\/turkmaarifkoleji.org\/en\/university-admissions-consultants\/\" \/>\n<meta property=\"og:locale\" content=\"en_US\" \/>\n<meta property=\"og:type\" content=\"article\" \/>\n<meta property=\"og:title\" content=\"University Admissions Consultants - T\u00fcrk Maarif Koleji\" \/>\n<meta property=\"og:description\" content=\"University Admissions Consultants Halide Rehber halide.rehber[at]turkmaarifkoleji.org Simge Zekican simge.zekican[at]turkmaarifkoleji.org Ebru Ervandar ebru.ervandar[at]turkmaarifkoleji.org Z\u00fclal D\u00fczg\u00fcn zulal.duzgun[at]turkmaarifkoleji.org\" \/>\n<meta property=\"og:url\" content=\"https:\/\/turkmaarifkoleji.org\/en\/university-admissions-consultants\/\" \/>\n<meta property=\"og:site_name\" content=\"T\u00fcrk Maarif Koleji\" \/>\n<meta property=\"article:publisher\" content=\"https:\/\/www.facebook.com\/tmkcyprus\/\" \/>\n<meta property=\"article:modified_time\" content=\"2025-06-28T20:29:27+00:00\" \/>\n<meta property=\"og:image\" content=\"https:\/\/filedn.com\/lMDRdxANDCyYRldQg97VNby\/TMK\/rehber\/HALIDEREHBERLIMAN.webp\" \/>\n<meta name=\"twitter:card\" content=\"summary_large_image\" \/>\n<meta name=\"twitter:label1\" content=\"Est. reading time\" \/>\n\t<meta name=\"twitter:data1\" content=\"1 minute\" \/>\n<script type=\"application\/ld+json\" class=\"yoast-schema-graph\">{\"@context\":\"https:\/\/schema.org\",\"@graph\":[{\"@type\":\"WebPage\",\"@id\":\"https:\/\/turkmaarifkoleji.org\/university-admissions-consultants\/\",\"url\":\"https:\/\/turkmaarifkoleji.org\/university-admissions-consultants\/\",\"name\":\"University Admissions Consultants - T\u00fcrk Maarif Koleji\",\"isPartOf\":{\"@id\":\"https:\/\/turkmaarifkoleji.org\/en\/#website\"},\"primaryImageOfPage\":{\"@id\":\"https:\/\/turkmaarifkoleji.org\/university-admissions-consultants\/#primaryimage\"},\"image\":{\"@id\":\"https:\/\/turkmaarifkoleji.org\/university-admissions-consultants\/#primaryimage\"},\"thumbnailUrl\":\"https:\/\/filedn.com\/lMDRdxANDCyYRldQg97VNby\/TMK\/rehber\/HALIDEREHBERLIMAN.webp\",\"datePublished\":\"2024-03-27T17:55:36+00:00\",\"dateModified\":\"2025-06-28T20:29:27+00:00\",\"breadcrumb\":{\"@id\":\"https:\/\/turkmaarifkoleji.org\/university-admissions-consultants\/#breadcrumb\"},\"inLanguage\":\"en-US\",\"potentialAction\":[{\"@type\":\"ReadAction\",\"target\":[\"https:\/\/turkmaarifkoleji.org\/university-admissions-consultants\/\"]}]},{\"@type\":\"ImageObject\",\"inLanguage\":\"en-US\",\"@id\":\"https:\/\/turkmaarifkoleji.org\/university-admissions-consultants\/#primaryimage\",\"url\":\"https:\/\/filedn.com\/lMDRdxANDCyYRldQg97VNby\/TMK\/rehber\/HALIDEREHBERLIMAN.webp\",\"contentUrl\":\"https:\/\/filedn.com\/lMDRdxANDCyYRldQg97VNby\/TMK\/rehber\/HALIDEREHBERLIMAN.webp\"},{\"@type\":\"BreadcrumbList\",\"@id\":\"https:\/\/turkmaarifkoleji.org\/university-admissions-consultants\/#breadcrumb\",\"itemListElement\":[{\"@type\":\"ListItem\",\"position\":1,\"name\":\"Anasayfa\",\"item\":\"https:\/\/turkmaarifkoleji.org\/\"},{\"@type\":\"ListItem\",\"position\":2,\"name\":\"University Admissions Consultants\"}]},{\"@type\":\"WebSite\",\"@id\":\"https:\/\/turkmaarifkoleji.org\/en\/#website\",\"url\":\"https:\/\/turkmaarifkoleji.org\/en\/\",\"name\":\"T\u00fcrk Maarif Koleji\",\"description\":\"D\u00fcnyaya A\u00e7\u0131lan Kap\u0131\",\"publisher\":{\"@id\":\"https:\/\/turkmaarifkoleji.org\/en\/#organization\"},\"potentialAction\":[{\"@type\":\"SearchAction\",\"target\":{\"@type\":\"EntryPoint\",\"urlTemplate\":\"https:\/\/turkmaarifkoleji.org\/en\/?s={search_term_string}\"},\"query-input\":{\"@type\":\"PropertyValueSpecification\",\"valueRequired\":true,\"valueName\":\"search_term_string\"}}],\"inLanguage\":\"en-US\"},{\"@type\":\"Organization\",\"@id\":\"https:\/\/turkmaarifkoleji.org\/en\/#organization\",\"name\":\"T\u00fcrk Maarif Koleji\",\"alternateName\":\"TMK\",\"url\":\"https:\/\/turkmaarifkoleji.org\/en\/\",\"logo\":{\"@type\":\"ImageObject\",\"inLanguage\":\"en-US\",\"@id\":\"https:\/\/turkmaarifkoleji.org\/en\/#\/schema\/logo\/image\/\",\"url\":\"https:\/\/turkmaarifkoleji.org\/wp-content\/uploads\/2023\/08\/Turk_Maarif_Koleji-1.svg\",\"contentUrl\":\"https:\/\/turkmaarifkoleji.org\/wp-content\/uploads\/2023\/08\/Turk_Maarif_Koleji-1.svg\",\"width\":120,\"height\":160,\"caption\":\"T\u00fcrk Maarif Koleji\"},\"image\":{\"@id\":\"https:\/\/turkmaarifkoleji.org\/en\/#\/schema\/logo\/image\/\"},\"sameAs\":[\"https:\/\/www.facebook.com\/tmkcyprus\/\",\"https:\/\/www.instagram.com\/turkmaarifkolejitmk\/\"]}]}<\/script>\n<!-- \/ Yoast SEO plugin. -->","yoast_head_json":{"title":"University Admissions Consultants - T\u00fcrk Maarif Koleji","robots":{"index":"index","follow":"follow","max-snippet":"max-snippet:-1","max-image-preview":"max-image-preview:large","max-video-preview":"max-video-preview:-1"},"canonical":"https:\/\/turkmaarifkoleji.org\/en\/university-admissions-consultants\/","og_locale":"en_US","og_type":"article","og_title":"University Admissions Consultants - T\u00fcrk Maarif Koleji","og_description":"University Admissions Consultants Halide Rehber halide.rehber[at]turkmaarifkoleji.org Simge Zekican simge.zekican[at]turkmaarifkoleji.org Ebru Ervandar ebru.ervandar[at]turkmaarifkoleji.org Z\u00fclal D\u00fczg\u00fcn zulal.duzgun[at]turkmaarifkoleji.org","og_url":"https:\/\/turkmaarifkoleji.org\/en\/university-admissions-consultants\/","og_site_name":"T\u00fcrk Maarif Koleji","article_publisher":"https:\/\/www.facebook.com\/tmkcyprus\/","article_modified_time":"2025-06-28T20:29:27+00:00","og_image":[{"url":"https:\/\/filedn.com\/lMDRdxANDCyYRldQg97VNby\/TMK\/rehber\/HALIDEREHBERLIMAN.webp","type":"","width":"","height":""}],"twitter_card":"summary_large_image","twitter_misc":{"Est. reading time":"1 minute"},"schema":{"@context":"https:\/\/schema.org","@graph":[{"@type":"WebPage","@id":"https:\/\/turkmaarifkoleji.org\/university-admissions-consultants\/","url":"https:\/\/turkmaarifkoleji.org\/university-admissions-consultants\/","name":"University Admissions Consultants - T\u00fcrk Maarif Koleji","isPartOf":{"@id":"https:\/\/turkmaarifkoleji.org\/en\/#website"},"primaryImageOfPage":{"@id":"https:\/\/turkmaarifkoleji.org\/university-admissions-consultants\/#primaryimage"},"image":{"@id":"https:\/\/turkmaarifkoleji.org\/university-admissions-consultants\/#primaryimage"},"thumbnailUrl":"https:\/\/filedn.com\/lMDRdxANDCyYRldQg97VNby\/TMK\/rehber\/HALIDEREHBERLIMAN.webp","datePublished":"2024-03-27T17:55:36+00:00","dateModified":"2025-06-28T20:29:27+00:00","breadcrumb":{"@id":"https:\/\/turkmaarifkoleji.org\/university-admissions-consultants\/#breadcrumb"},"inLanguage":"en-US","potentialAction":[{"@type":"ReadAction","target":["https:\/\/turkmaarifkoleji.org\/university-admissions-consultants\/"]}]},{"@type":"ImageObject","inLanguage":"en-US","@id":"https:\/\/turkmaarifkoleji.org\/university-admissions-consultants\/#primaryimage","url":"https:\/\/filedn.com\/lMDRdxANDCyYRldQg97VNby\/TMK\/rehber\/HALIDEREHBERLIMAN.webp","contentUrl":"https:\/\/filedn.com\/lMDRdxANDCyYRldQg97VNby\/TMK\/rehber\/HALIDEREHBERLIMAN.webp"},{"@type":"BreadcrumbList","@id":"https:\/\/turkmaarifkoleji.org\/university-admissions-consultants\/#breadcrumb","itemListElement":[{"@type":"ListItem","position":1,"name":"Anasayfa","item":"https:\/\/turkmaarifkoleji.org\/"},{"@type":"ListItem","position":2,"name":"University Admissions Consultants"}]},{"@type":"WebSite","@id":"https:\/\/turkmaarifkoleji.org\/en\/#website","url":"https:\/\/turkmaarifkoleji.org\/en\/","name":"T\u00fcrk Maarif College","description":"A Gateway to the World","publisher":{"@id":"https:\/\/turkmaarifkoleji.org\/en\/#organization"},"potentialAction":[{"@type":"SearchAction","target":{"@type":"EntryPoint","urlTemplate":"https:\/\/turkmaarifkoleji.org\/en\/?s={search_term_string}"},"query-input":{"@type":"PropertyValueSpecification","valueRequired":true,"valueName":"search_term_string"}}],"inLanguage":"en-US"},{"@type":"Organization","@id":"https:\/\/turkmaarifkoleji.org\/en\/#organization","name":"T\u00fcrk Maarif College","alternateName":"TMK","url":"https:\/\/turkmaarifkoleji.org\/en\/","logo":{"@type":"ImageObject","inLanguage":"en-US","@id":"https:\/\/turkmaarifkoleji.org\/en\/#\/schema\/logo\/image\/","url":"https:\/\/turkmaarifkoleji.org\/wp-content\/uploads\/2023\/08\/Turk_Maarif_Koleji-1.svg","contentUrl":"https:\/\/turkmaarifkoleji.org\/wp-content\/uploads\/2023\/08\/Turk_Maarif_Koleji-1.svg","width":120,"height":160,"caption":"T\u00fcrk Maarif Koleji"},"image":{"@id":"https:\/\/turkmaarifkoleji.org\/en\/#\/schema\/logo\/image\/"},"sameAs":["https:\/\/www.facebook.com\/tmkcyprus\/","https:\/\/www.instagram.com\/turkmaarifkolejitmk\/"]}]}},"_links":{"self":[{"href":"https:\/\/turkmaarifkoleji.org\/en\/wp-json\/wp\/v2\/pages\/6219","targetHints":{"allow":["GET"]}}],"collection":[{"href":"https:\/\/turkmaarifkoleji.org\/en\/wp-json\/wp\/v2\/pages"}],"about":[{"href":"https:\/\/turkmaarifkoleji.org\/en\/wp-json\/wp\/v2\/types\/page"}],"author":[{"embeddable":true,"href":"https:\/\/turkmaarifkoleji.org\/en\/wp-json\/wp\/v2\/users\/1"}],"replies":[{"embeddable":true,"href":"https:\/\/turkmaarifkoleji.org\/en\/wp-json\/wp\/v2\/comments?post=6219"}],"version-history":[{"count":0,"href":"https:\/\/turkmaarifkoleji.org\/en\/wp-json\/wp\/v2\/pages\/6219\/revisions"}],"wp:attachment":[{"href":"https:\/\/turkmaarifkoleji.org\/en\/wp-json\/wp\/v2\/media?parent=6219"}],"curies":[{"name":"wp","href":"https:\/\/api.w.org\/{rel}","templated":true}]}}