{"id":3858,"date":"2023-11-12T12:58:55","date_gmt":"2023-11-12T10:58:55","guid":{"rendered":"https:\/\/turkmaarifkoleji.org\/?page_id=3858"},"modified":"2025-12-26T19:03:30","modified_gmt":"2025-12-26T17:03:30","slug":"edexcel-ofis","status":"publish","type":"page","link":"https:\/\/turkmaarifkoleji.org\/en\/edexcel-ofis\/","title":{"rendered":"Edexcel Ofis"},"content":{"rendered":"<div data-elementor-type=\"wp-page\" data-elementor-id=\"3858\" class=\"elementor elementor-3858\">\n\t\t\t\t<div class=\"elementor-element elementor-element-febac14 e-flex e-con-boxed e-con e-parent\" data-id=\"febac14\" data-element_type=\"container\">\n\t\t\t\t\t<div class=\"e-con-inner\">\n\t\t\t\t<div class=\"elementor-element elementor-element-2bc3e6a xpro-content-aligncenter elementor-widget elementor-widget-xpro-advance-heading\" data-id=\"2bc3e6a\" data-element_type=\"widget\" data-widget_type=\"xpro-advance-heading.default\">\n\t\t\t\t<div class=\"elementor-widget-container\">\n\t\t\t\t\t\r\n<div class=\"xpro-heading-wrapper\">\r\n\r\n\t<div class=\"xpro-heading-wrapper-inner\">\r\n\r\n\t\t\r\n\t\t<div class=\"xpro-heading-content\">\r\n\r\n\t\t\t\r\n\t\t\t<div class=\"xpro-heading-top\">\r\n\r\n\t\t\t\t\r\n\t\t\t\t<div class=\"xpro-heading-top-inner\">\r\n\t\t\t\t\t\t\t\t\t\t\t\t\t\t\t<h1 class=\"xpro-heading-title\"> <span class=\"xpro-title-focus\">TMK International<\/span> Exams Office<\/h1>\t\t\t\t\t\t\t\t\t\t\t\t\t\t<\/div>\r\n\r\n\t\t\t<\/div>\r\n\r\n\t\t\t\r\n\t\t<\/div>\r\n\r\n\t<\/div>\r\n\r\n<\/div>\r\n\t\t\t\t<\/div>\n\t\t\t\t<\/div>\n\t\t\t\t\t<\/div>\n\t\t\t\t<\/div>\n\t\t<div class=\"elementor-element elementor-element-d0e4d64 e-con-full e-flex e-con e-parent\" data-id=\"d0e4d64\" data-element_type=\"container\" data-settings=\"{&quot;background_background&quot;:&quot;classic&quot;}\">\n\t\t\t\t<div class=\"elementor-element elementor-element-6590f90 animated-fast elementor-widget__width-initial elementor-invisible elementor-widget elementor-widget-xpro-team\" data-id=\"6590f90\" data-element_type=\"widget\" data-settings=\"{&quot;layout&quot;:&quot;3&quot;,&quot;_animation&quot;:&quot;xpro-anim-reveal-from-left&quot;}\" data-widget_type=\"xpro-team.default\">\n\t\t\t\t<div class=\"elementor-widget-container\">\n\t\t\t\t\t\n<div class=\"xpro-team-wrapper xpro-team-layout-3\">\n\t\n\t\t<div class=\"xpro-team-image\">\n\t\t<img decoding=\"async\" alt=\"team-img\" src=\"https:\/\/turkmaarifkoleji.org\/wp-content\/uploads\/resimler\/ingilizce\/ICIMOZMALATYALI2.jpeg\">\t\t\t\t<\/div>\n<div class=\"xpro-team-content\">\n\t\t\t\t<h2\tclass=\"xpro-team-title\">Dr. \u0130\u00e7im \u00d6zenli \u00d6zmatyatl\u0131<\/h2>\n\t\t\t<h4 class=\"xpro-team-designation\">Examinations Officer \u2013 Pearson &amp; Cambridge<\/h4>\n\t\t\n<\/div>\n<\/div>\n\t\t\t\t<\/div>\n\t\t\t\t<\/div>\n\t\t\t\t<div class=\"elementor-element elementor-element-b644ffb animated-fast elementor-widget__width-initial elementor-invisible elementor-widget elementor-widget-xpro-team\" data-id=\"b644ffb\" data-element_type=\"widget\" data-settings=\"{&quot;layout&quot;:&quot;3&quot;,&quot;_animation&quot;:&quot;xpro-anim-reveal-from-left&quot;,&quot;_animation_delay&quot;:750}\" data-widget_type=\"xpro-team.default\">\n\t\t\t\t<div class=\"elementor-widget-container\">\n\t\t\t\t\t\n<div class=\"xpro-team-wrapper xpro-team-layout-3\">\n\t\n\t\t<div class=\"xpro-team-image\">\n\t\t<img decoding=\"async\" alt=\"team-img\" src=\"https:\/\/filedn.com\/lMDRdxANDCyYRldQg97VNby\/TMK\/Matematik\/Kanit_Cemaller.webp\">\t\t\t\t<\/div>\n<div class=\"xpro-team-content\">\n\t\t\t\t<h2\tclass=\"xpro-team-title\">Kan\u0131t Cemaller<\/h2>\n\t\t\t<h4 class=\"xpro-team-designation\">Examinations Officer \u2013 Pearson &amp; Cambridge<\/h4>\n\t\t\n<\/div>\n<\/div>\n\t\t\t\t<\/div>\n\t\t\t\t<\/div>\n\t\t\t\t<div class=\"elementor-element elementor-element-1b077ba animated-fast elementor-invisible elementor-widget elementor-widget-xpro-team\" data-id=\"1b077ba\" data-element_type=\"widget\" data-settings=\"{&quot;layout&quot;:&quot;3&quot;,&quot;_animation&quot;:&quot;xpro-anim-reveal-from-left&quot;,&quot;_animation_delay&quot;:750}\" data-widget_type=\"xpro-team.default\">\n\t\t\t\t<div class=\"elementor-widget-container\">\n\t\t\t\t\t\n<div class=\"xpro-team-wrapper xpro-team-layout-3\">\n\t\n\t\t<div class=\"xpro-team-image\">\n\t\t<img decoding=\"async\" alt=\"team-img\" src=\"https:\/\/turkmaarifkoleji.org\/wp-content\/uploads\/resimler\/bilgisayar\/Mustafa_Bey.webp\">\t\t\t\t<\/div>\n<div class=\"xpro-team-content\">\n\t\t\t\t<h2\tclass=\"xpro-team-title\">Mustafa Bey<\/h2>\n\t\t\t<h4 class=\"xpro-team-designation\">IT Support \u2013 Pearson &amp; Cambridge<\/h4>\n\t\t\n<\/div>\n<\/div>\n\t\t\t\t<\/div>\n\t\t\t\t<\/div>\n\t\t\t\t<\/div>\n\t\t<div class=\"elementor-element elementor-element-3e81548 e-flex e-con-boxed e-con e-parent\" data-id=\"3e81548\" data-element_type=\"container\">\n\t\t\t\t\t<div class=\"e-con-inner\">\n\t\t\t\t<div class=\"elementor-element elementor-element-fbc35f8 xpro-content-align-mobilecenter elementor-widget__width-initial xpro-content-alignleft elementor-widget elementor-widget-xpro-infobox\" data-id=\"fbc35f8\" data-element_type=\"widget\" data-widget_type=\"xpro-infobox.default\">\n\t\t\t\t<div class=\"elementor-widget-container\">\n\t\t\t\t\t\r\n<div class=\"xpro-infobox-wrapper xpro-infobox-media-position-float\">\r\n\r\n\t\r\n\t<div class=\"xpro-infobox-wrapper-inner\">\r\n\r\n\t\t\t\t\t<span class=\"xpro-infobox-media\">\r\n\r\n\t\t\t\t\t\t\t\t\t\t\t\t\t<div class=\"xpro-infobox-media-img\">\r\n\t\t\t\t\t<img fetchpriority=\"high\" decoding=\"async\" width=\"2560\" height=\"1173\" src=\"https:\/\/turkmaarifkoleji.org\/wp-content\/uploads\/2024\/01\/PLogo_Primary_Edexcel_Blk_RGB-scaled.jpg\" class=\"attachment-full size-full wp-image-5849\" alt=\"pearson\" srcset=\"https:\/\/turkmaarifkoleji.org\/wp-content\/uploads\/2024\/01\/PLogo_Primary_Edexcel_Blk_RGB-scaled.jpg 2560w, https:\/\/turkmaarifkoleji.org\/wp-content\/uploads\/2024\/01\/PLogo_Primary_Edexcel_Blk_RGB-300x137.jpg 300w, https:\/\/turkmaarifkoleji.org\/wp-content\/uploads\/2024\/01\/PLogo_Primary_Edexcel_Blk_RGB-1024x469.jpg 1024w, https:\/\/turkmaarifkoleji.org\/wp-content\/uploads\/2024\/01\/PLogo_Primary_Edexcel_Blk_RGB-768x352.jpg 768w, https:\/\/turkmaarifkoleji.org\/wp-content\/uploads\/2024\/01\/PLogo_Primary_Edexcel_Blk_RGB-1536x704.jpg 1536w, https:\/\/turkmaarifkoleji.org\/wp-content\/uploads\/2024\/01\/PLogo_Primary_Edexcel_Blk_RGB-2048x939.jpg 2048w, https:\/\/turkmaarifkoleji.org\/wp-content\/uploads\/2024\/01\/PLogo_Primary_Edexcel_Blk_RGB-18x8.jpg 18w\" sizes=\"(max-width: 2560px) 100vw, 2560px\" \/>\t\t\t\t<\/div>\r\n\t\t\t\t\r\n\t\t\t<\/span>\r\n\t\t\r\n\t\t<div class=\"xpro-infobox-content\">\r\n\r\n\t\t\t<div class=\"xpro-infobox-top\">\r\n\r\n\t\t\t\t\r\n\t\t\t\t<div class=\"xpro-infobox-top-inner\">\r\n\t\t\t\t\t\t\t\t\t\t\t\t\t\t\t<h3 class=\"xpro-infobox-title\">Edexcel Application Form<\/h3>\t\t\t\t\t\t\t\t\t\t\t\t\t\t\t\t<div class=\"xpro-infobox-separator-simple\">\r\n\t\t\t\t\t\t\t\t\t\t\t\t\t\t\t\t\t\t\t\t\t\t\t\t\t\t\t\t\t\t\t\t\t\t\t\t\t\t\t\t\t\t\t\t\t\t\t\t<\/div>\r\n\t\t\t\t\t\t\t\t\t<\/div>\r\n\r\n\t\t\t<\/div>\r\n\r\n\t\t\t\t\t\t\t<div class=\"xpro-infobox-bottom\">\r\n\t\t\t\t\t<div class=\"xpro-infobox-description\">\r\n\t\t\t\t\t\t<p>Click the button below to fill<\/p><p>GCSE \/ IGCSE \/ IAS \/ IAL \/ GCE QUALIFICATIONS<br \/>APPLICATION FORM<\/p>\t\t\t\t\t<\/div>\r\n\t\t\t\t<\/div>\r\n\t\t\t\r\n\t\t\t\r\n\t\t\t\t<div class=\"xpro-infobox-btn-wrapper\">\r\n\t\t\t\t\t<a class=\"xpro-infobox-btn xpro-infobox-icon-right\" href=\"\" >\r\n\t\t\t\t\t\tClick<i aria-hidden=\"true\" class=\"far fa-arrow-alt-circle-right\"><\/i>\t\t\t\t\t<\/a>\r\n\t\t\t\t<\/div>\r\n\t\t\t\t\t<\/div>\r\n\t<\/div>\r\n<\/div>\r\n\r\n\t\t\t\t<\/div>\n\t\t\t\t<\/div>\n\t\t\t\t<div class=\"elementor-element elementor-element-87ea62d xpro-content-align-mobilecenter elementor-widget__width-initial xpro-content-alignleft elementor-widget elementor-widget-xpro-infobox\" data-id=\"87ea62d\" data-element_type=\"widget\" data-widget_type=\"xpro-infobox.default\">\n\t\t\t\t<div class=\"elementor-widget-container\">\n\t\t\t\t\t\r\n<div class=\"xpro-infobox-wrapper xpro-infobox-media-position-float\">\r\n\r\n\t\r\n\t<div class=\"xpro-infobox-wrapper-inner\">\r\n\r\n\t\t\t\t\t<span class=\"xpro-infobox-media\">\r\n\r\n\t\t\t\t\t\t\t\t\t\t\t\t\t<div class=\"xpro-infobox-media-img\">\r\n\t\t\t\t\t<img decoding=\"async\" width=\"200\" height=\"75\" src=\"https:\/\/turkmaarifkoleji.org\/wp-content\/uploads\/2023\/11\/ResultsPlus_logo.png\" class=\"attachment-full size-full wp-image-3906\" alt=\"ResultsPlus\" srcset=\"https:\/\/turkmaarifkoleji.org\/wp-content\/uploads\/2023\/11\/ResultsPlus_logo.png 200w, https:\/\/turkmaarifkoleji.org\/wp-content\/uploads\/2023\/11\/ResultsPlus_logo-18x7.png 18w\" sizes=\"(max-width: 200px) 100vw, 200px\" \/>\t\t\t\t<\/div>\r\n\t\t\t\t\r\n\t\t\t<\/span>\r\n\t\t\r\n\t\t<div class=\"xpro-infobox-content\">\r\n\r\n\t\t\t<div class=\"xpro-infobox-top\">\r\n\r\n\t\t\t\t\r\n\t\t\t\t<div class=\"xpro-infobox-top-inner\">\r\n\t\t\t\t\t\t\t\t\t\t\t\t\t\t\t<h3 class=\"xpro-infobox-title\">Result Plus Activation<\/h3>\t\t\t\t\t\t\t\t\t\t\t\t\t\t\t\t<div class=\"xpro-infobox-separator-simple\">\r\n\t\t\t\t\t\t\t\t\t\t\t\t\t\t\t\t\t\t\t\t\t\t\t\t\t\t\t\t\t\t\t\t\t\t\t\t\t\t\t\t\t\t\t\t\t\t\t\t<\/div>\r\n\t\t\t\t\t\t\t\t\t<\/div>\r\n\r\n\t\t\t<\/div>\r\n\r\n\t\t\t\t\t\t\t<div class=\"xpro-infobox-bottom\">\r\n\t\t\t\t\t<div class=\"xpro-infobox-description\">\r\n\t\t\t\t\t\t<p>Sevgili \u00d6\u011frenciler,<br \/>e\u011fer RESULTS PLUS '\u0131n\u0131z\u0131 daha \u00f6nceden activate etmediyseniz;<\/p>\t\t\t\t\t<\/div>\r\n\t\t\t\t<\/div>\r\n\t\t\t\r\n\t\t\t\r\n\t\t\t\t<div class=\"xpro-infobox-btn-wrapper\">\r\n\t\t\t\t\t<a class=\"xpro-infobox-btn xpro-infobox-icon-right\" href=\"\" >\r\n\t\t\t\t\t\tT\u0131klay\u0131n\u0131z<i aria-hidden=\"true\" class=\"far fa-arrow-alt-circle-right\"><\/i>\t\t\t\t\t<\/a>\r\n\t\t\t\t<\/div>\r\n\t\t\t\t\t<\/div>\r\n\t<\/div>\r\n<\/div>\r\n\r\n\t\t\t\t<\/div>\n\t\t\t\t<\/div>\n\t\t\t\t\t<\/div>\n\t\t\t\t<\/div>\n\t\t\t\t<\/div>","protected":false},"excerpt":{"rendered":"<p>TMK International Exams Office Dr. \u0130\u00e7im \u00d6zenli \u00d6zmatyatl\u0131 Examinations Officer \u2013 Pearson &amp; Cambridge Kan\u0131t Cemaller Examinations Officer \u2013 Pearson &amp; Cambridge Mustafa Bey IT Support \u2013 Pearson &amp; Cambridge Edexcel Application Form Click the button below to fill GCSE \/ IGCSE \/ IAS \/ IAL \/ GCE QUALIFICATIONSAPPLICATION FORM Click Result Plus Activation Sevgili&#8230;<\/p>","protected":false},"author":1,"featured_media":0,"parent":0,"menu_order":0,"comment_status":"closed","ping_status":"closed","template":"elementor_header_footer","meta":{"_kad_post_transparent":"default","_kad_post_title":"hide","_kad_post_layout":"fullwidth","_kad_post_sidebar_id":"","_kad_post_content_style":"unboxed","_kad_post_vertical_padding":"hide","_kad_post_feature":"hide","_kad_post_feature_position":"","_kad_post_header":false,"_kad_post_footer":false,"footnotes":""},"class_list":["post-3858","page","type-page","status-publish","hentry"],"yoast_head":"<!-- This site is optimized with the Yoast SEO plugin v25.9 - https:\/\/yoast.com\/wordpress\/plugins\/seo\/ -->\n<title>Edexcel Ofis - T\u00fcrk Maarif Koleji<\/title>\n<meta name=\"robots\" content=\"index, follow, max-snippet:-1, max-image-preview:large, max-video-preview:-1\" \/>\n<link rel=\"canonical\" href=\"https:\/\/turkmaarifkoleji.org\/en\/edexcel-ofis\/\" \/>\n<meta property=\"og:locale\" content=\"en_US\" \/>\n<meta property=\"og:type\" content=\"article\" \/>\n<meta property=\"og:title\" content=\"Edexcel Ofis - T\u00fcrk Maarif Koleji\" \/>\n<meta property=\"og:description\" content=\"TMK International Exams Office Dr. \u0130\u00e7im \u00d6zenli \u00d6zmatyatl\u0131 Examinations Officer \u2013 Pearson &amp; Cambridge Kan\u0131t Cemaller Examinations Officer \u2013 Pearson &amp; Cambridge Mustafa Bey IT Support \u2013 Pearson &amp; Cambridge Edexcel Application Form Click the button below to fill GCSE \/ IGCSE \/ IAS \/ IAL \/ GCE QUALIFICATIONSAPPLICATION FORM Click Result Plus Activation Sevgili...\" \/>\n<meta property=\"og:url\" content=\"https:\/\/turkmaarifkoleji.org\/en\/edexcel-ofis\/\" \/>\n<meta property=\"og:site_name\" content=\"T\u00fcrk Maarif Koleji\" \/>\n<meta property=\"article:publisher\" content=\"https:\/\/www.facebook.com\/tmkcyprus\/\" \/>\n<meta property=\"article:modified_time\" content=\"2025-12-26T17:03:30+00:00\" \/>\n<meta property=\"og:image\" content=\"https:\/\/turkmaarifkoleji.org\/wp-content\/uploads\/resimler\/ingilizce\/ICIMOZMALATYALI2.jpeg\" \/>\n<meta name=\"twitter:card\" content=\"summary_large_image\" \/>\n<meta name=\"twitter:label1\" content=\"Est. reading time\" \/>\n\t<meta name=\"twitter:data1\" content=\"2 minutes\" \/>\n<script type=\"application\/ld+json\" class=\"yoast-schema-graph\">{\"@context\":\"https:\/\/schema.org\",\"@graph\":[{\"@type\":\"WebPage\",\"@id\":\"https:\/\/turkmaarifkoleji.org\/edexcel-ofis\/\",\"url\":\"https:\/\/turkmaarifkoleji.org\/edexcel-ofis\/\",\"name\":\"Edexcel Ofis - T\u00fcrk Maarif Koleji\",\"isPartOf\":{\"@id\":\"https:\/\/turkmaarifkoleji.org\/en\/#website\"},\"primaryImageOfPage\":{\"@id\":\"https:\/\/turkmaarifkoleji.org\/edexcel-ofis\/#primaryimage\"},\"image\":{\"@id\":\"https:\/\/turkmaarifkoleji.org\/edexcel-ofis\/#primaryimage\"},\"thumbnailUrl\":\"https:\/\/turkmaarifkoleji.org\/wp-content\/uploads\/resimler\/ingilizce\/ICIMOZMALATYALI2.jpeg\",\"datePublished\":\"2023-11-12T10:58:55+00:00\",\"dateModified\":\"2025-12-26T17:03:30+00:00\",\"breadcrumb\":{\"@id\":\"https:\/\/turkmaarifkoleji.org\/edexcel-ofis\/#breadcrumb\"},\"inLanguage\":\"en-US\",\"potentialAction\":[{\"@type\":\"ReadAction\",\"target\":[\"https:\/\/turkmaarifkoleji.org\/edexcel-ofis\/\"]}]},{\"@type\":\"ImageObject\",\"inLanguage\":\"en-US\",\"@id\":\"https:\/\/turkmaarifkoleji.org\/edexcel-ofis\/#primaryimage\",\"url\":\"https:\/\/turkmaarifkoleji.org\/wp-content\/uploads\/resimler\/ingilizce\/ICIMOZMALATYALI2.jpeg\",\"contentUrl\":\"https:\/\/turkmaarifkoleji.org\/wp-content\/uploads\/resimler\/ingilizce\/ICIMOZMALATYALI2.jpeg\"},{\"@type\":\"BreadcrumbList\",\"@id\":\"https:\/\/turkmaarifkoleji.org\/edexcel-ofis\/#breadcrumb\",\"itemListElement\":[{\"@type\":\"ListItem\",\"position\":1,\"name\":\"Anasayfa\",\"item\":\"https:\/\/turkmaarifkoleji.org\/\"},{\"@type\":\"ListItem\",\"position\":2,\"name\":\"Edexcel Ofis\"}]},{\"@type\":\"WebSite\",\"@id\":\"https:\/\/turkmaarifkoleji.org\/en\/#website\",\"url\":\"https:\/\/turkmaarifkoleji.org\/en\/\",\"name\":\"T\u00fcrk Maarif Koleji\",\"description\":\"D\u00fcnyaya A\u00e7\u0131lan Kap\u0131\",\"publisher\":{\"@id\":\"https:\/\/turkmaarifkoleji.org\/en\/#organization\"},\"potentialAction\":[{\"@type\":\"SearchAction\",\"target\":{\"@type\":\"EntryPoint\",\"urlTemplate\":\"https:\/\/turkmaarifkoleji.org\/en\/?s={search_term_string}\"},\"query-input\":{\"@type\":\"PropertyValueSpecification\",\"valueRequired\":true,\"valueName\":\"search_term_string\"}}],\"inLanguage\":\"en-US\"},{\"@type\":\"Organization\",\"@id\":\"https:\/\/turkmaarifkoleji.org\/en\/#organization\",\"name\":\"T\u00fcrk Maarif Koleji\",\"alternateName\":\"TMK\",\"url\":\"https:\/\/turkmaarifkoleji.org\/en\/\",\"logo\":{\"@type\":\"ImageObject\",\"inLanguage\":\"en-US\",\"@id\":\"https:\/\/turkmaarifkoleji.org\/en\/#\/schema\/logo\/image\/\",\"url\":\"https:\/\/turkmaarifkoleji.org\/wp-content\/uploads\/2023\/08\/Turk_Maarif_Koleji-1.svg\",\"contentUrl\":\"https:\/\/turkmaarifkoleji.org\/wp-content\/uploads\/2023\/08\/Turk_Maarif_Koleji-1.svg\",\"width\":120,\"height\":160,\"caption\":\"T\u00fcrk Maarif Koleji\"},\"image\":{\"@id\":\"https:\/\/turkmaarifkoleji.org\/en\/#\/schema\/logo\/image\/\"},\"sameAs\":[\"https:\/\/www.facebook.com\/tmkcyprus\/\",\"https:\/\/www.instagram.com\/turkmaarifkolejitmk\/\"]}]}<\/script>\n<!-- \/ Yoast SEO plugin. -->","yoast_head_json":{"title":"Edexcel Ofis - T\u00fcrk Maarif Koleji","robots":{"index":"index","follow":"follow","max-snippet":"max-snippet:-1","max-image-preview":"max-image-preview:large","max-video-preview":"max-video-preview:-1"},"canonical":"https:\/\/turkmaarifkoleji.org\/en\/edexcel-ofis\/","og_locale":"en_US","og_type":"article","og_title":"Edexcel Ofis - T\u00fcrk Maarif Koleji","og_description":"TMK International Exams Office Dr. \u0130\u00e7im \u00d6zenli \u00d6zmatyatl\u0131 Examinations Officer \u2013 Pearson &amp; Cambridge Kan\u0131t Cemaller Examinations Officer \u2013 Pearson &amp; Cambridge Mustafa Bey IT Support \u2013 Pearson &amp; Cambridge Edexcel Application Form Click the button below to fill GCSE \/ IGCSE \/ IAS \/ IAL \/ GCE QUALIFICATIONSAPPLICATION FORM Click Result Plus Activation Sevgili...","og_url":"https:\/\/turkmaarifkoleji.org\/en\/edexcel-ofis\/","og_site_name":"T\u00fcrk Maarif Koleji","article_publisher":"https:\/\/www.facebook.com\/tmkcyprus\/","article_modified_time":"2025-12-26T17:03:30+00:00","og_image":[{"url":"https:\/\/turkmaarifkoleji.org\/wp-content\/uploads\/resimler\/ingilizce\/ICIMOZMALATYALI2.jpeg","type":"","width":"","height":""}],"twitter_card":"summary_large_image","twitter_misc":{"Est. reading time":"2 minutes"},"schema":{"@context":"https:\/\/schema.org","@graph":[{"@type":"WebPage","@id":"https:\/\/turkmaarifkoleji.org\/edexcel-ofis\/","url":"https:\/\/turkmaarifkoleji.org\/edexcel-ofis\/","name":"Edexcel Ofis - T\u00fcrk Maarif Koleji","isPartOf":{"@id":"https:\/\/turkmaarifkoleji.org\/en\/#website"},"primaryImageOfPage":{"@id":"https:\/\/turkmaarifkoleji.org\/edexcel-ofis\/#primaryimage"},"image":{"@id":"https:\/\/turkmaarifkoleji.org\/edexcel-ofis\/#primaryimage"},"thumbnailUrl":"https:\/\/turkmaarifkoleji.org\/wp-content\/uploads\/resimler\/ingilizce\/ICIMOZMALATYALI2.jpeg","datePublished":"2023-11-12T10:58:55+00:00","dateModified":"2025-12-26T17:03:30+00:00","breadcrumb":{"@id":"https:\/\/turkmaarifkoleji.org\/edexcel-ofis\/#breadcrumb"},"inLanguage":"en-US","potentialAction":[{"@type":"ReadAction","target":["https:\/\/turkmaarifkoleji.org\/edexcel-ofis\/"]}]},{"@type":"ImageObject","inLanguage":"en-US","@id":"https:\/\/turkmaarifkoleji.org\/edexcel-ofis\/#primaryimage","url":"https:\/\/turkmaarifkoleji.org\/wp-content\/uploads\/resimler\/ingilizce\/ICIMOZMALATYALI2.jpeg","contentUrl":"https:\/\/turkmaarifkoleji.org\/wp-content\/uploads\/resimler\/ingilizce\/ICIMOZMALATYALI2.jpeg"},{"@type":"BreadcrumbList","@id":"https:\/\/turkmaarifkoleji.org\/edexcel-ofis\/#breadcrumb","itemListElement":[{"@type":"ListItem","position":1,"name":"Anasayfa","item":"https:\/\/turkmaarifkoleji.org\/"},{"@type":"ListItem","position":2,"name":"Edexcel Ofis"}]},{"@type":"WebSite","@id":"https:\/\/turkmaarifkoleji.org\/en\/#website","url":"https:\/\/turkmaarifkoleji.org\/en\/","name":"T\u00fcrk Maarif College","description":"A Gateway to the World","publisher":{"@id":"https:\/\/turkmaarifkoleji.org\/en\/#organization"},"potentialAction":[{"@type":"SearchAction","target":{"@type":"EntryPoint","urlTemplate":"https:\/\/turkmaarifkoleji.org\/en\/?s={search_term_string}"},"query-input":{"@type":"PropertyValueSpecification","valueRequired":true,"valueName":"search_term_string"}}],"inLanguage":"en-US"},{"@type":"Organization","@id":"https:\/\/turkmaarifkoleji.org\/en\/#organization","name":"T\u00fcrk Maarif College","alternateName":"TMK","url":"https:\/\/turkmaarifkoleji.org\/en\/","logo":{"@type":"ImageObject","inLanguage":"en-US","@id":"https:\/\/turkmaarifkoleji.org\/en\/#\/schema\/logo\/image\/","url":"https:\/\/turkmaarifkoleji.org\/wp-content\/uploads\/2023\/08\/Turk_Maarif_Koleji-1.svg","contentUrl":"https:\/\/turkmaarifkoleji.org\/wp-content\/uploads\/2023\/08\/Turk_Maarif_Koleji-1.svg","width":120,"height":160,"caption":"T\u00fcrk Maarif Koleji"},"image":{"@id":"https:\/\/turkmaarifkoleji.org\/en\/#\/schema\/logo\/image\/"},"sameAs":["https:\/\/www.facebook.com\/tmkcyprus\/","https:\/\/www.instagram.com\/turkmaarifkolejitmk\/"]}]}},"_links":{"self":[{"href":"https:\/\/turkmaarifkoleji.org\/en\/wp-json\/wp\/v2\/pages\/3858","targetHints":{"allow":["GET"]}}],"collection":[{"href":"https:\/\/turkmaarifkoleji.org\/en\/wp-json\/wp\/v2\/pages"}],"about":[{"href":"https:\/\/turkmaarifkoleji.org\/en\/wp-json\/wp\/v2\/types\/page"}],"author":[{"embeddable":true,"href":"https:\/\/turkmaarifkoleji.org\/en\/wp-json\/wp\/v2\/users\/1"}],"replies":[{"embeddable":true,"href":"https:\/\/turkmaarifkoleji.org\/en\/wp-json\/wp\/v2\/comments?post=3858"}],"version-history":[{"count":5,"href":"https:\/\/turkmaarifkoleji.org\/en\/wp-json\/wp\/v2\/pages\/3858\/revisions"}],"predecessor-version":[{"id":8386,"href":"https:\/\/turkmaarifkoleji.org\/en\/wp-json\/wp\/v2\/pages\/3858\/revisions\/8386"}],"wp:attachment":[{"href":"https:\/\/turkmaarifkoleji.org\/en\/wp-json\/wp\/v2\/media?parent=3858"}],"curies":[{"name":"wp","href":"https:\/\/api.w.org\/{rel}","templated":true}]}}