{"id":3074,"date":"2023-09-02T20:05:15","date_gmt":"2023-09-02T17:05:15","guid":{"rendered":"https:\/\/turkmaarifkoleji.org\/?page_id=3074"},"modified":"2023-10-15T22:12:35","modified_gmt":"2023-10-15T19:12:35","slug":"mezuniyet","status":"publish","type":"page","link":"https:\/\/turkmaarifkoleji.org\/en\/mezuniyet\/","title":{"rendered":"mezuniyet"},"content":{"rendered":"<div data-elementor-type=\"wp-page\" data-elementor-id=\"3074\" class=\"elementor elementor-3074\">\n\t\t\t\t<div class=\"elementor-element elementor-element-d324af5 e-con-full e-flex e-con e-parent\" data-id=\"d324af5\" data-element_type=\"container\" data-settings=\"{&quot;background_background&quot;:&quot;classic&quot;}\">\n\t\t\t\t<div class=\"elementor-element elementor-element-97e7819 elementor-widget-mobile__width-initial elementor-invisible elementor-widget elementor-widget-animated-headline\" data-id=\"97e7819\" data-element_type=\"widget\" data-settings=\"{&quot;_animation&quot;:&quot;zoomIn&quot;}\" data-widget_type=\"animated-headline.default\">\n\t\t\t\t<div class=\"elementor-widget-container\">\n\t\t\t\t\t \t\t\t\t<\/div>\n\t\t\t\t<\/div>\n\t\t\t\t<\/div>\n\t\t<div class=\"elementor-element elementor-element-3403746 e-grid e-con-full e-con e-parent\" data-id=\"3403746\" data-element_type=\"container\">\n\t\t\t\t<div class=\"elementor-element elementor-element-047495d elementor-widget elementor-widget-text-editor\" data-id=\"047495d\" data-element_type=\"widget\" data-widget_type=\"text-editor.default\">\n\t\t\t\t<div class=\"elementor-widget-container\">\n\t\t\t\t\t\t\t\t\t<div style=\"position: relative; padding-top: 56.25%;\"><iframe style=\"border: 0; position: absolute; top: 0; height: 100%; width: 100%;\" src=\"https:\/\/iframe.mediadelivery.net\/embed\/141202\/3b7c7a38-5b7b-4e6d-8331-73bd50efdd48?autoplay=false&amp;loop=false&amp;muted=false&amp;preload=true\" allowfullscreen=\"allowfullscreen\"><\/iframe><\/div>\t\t\t\t\t\t\t\t<\/div>\n\t\t\t\t<\/div>\n\t\t\t\t<div class=\"elementor-element elementor-element-2b854d0 elementor-widget elementor-widget-text-editor\" data-id=\"2b854d0\" data-element_type=\"widget\" data-widget_type=\"text-editor.default\">\n\t\t\t\t<div class=\"elementor-widget-container\">\n\t\t\t\t\t\t\t\t\t<div style=\"position: relative; padding-top: 56.25%;\"><iframe style=\"border: 0; position: absolute; top: 0; height: 100%; width: 100%;\" src=\"https:\/\/iframe.mediadelivery.net\/embed\/141202\/af452b60-ba0a-4103-875b-929ce9e21255?autoplay=false&amp;loop=false&amp;muted=false&amp;preload=true\" allowfullscreen=\"allowfullscreen\"><\/iframe><\/div>\t\t\t\t\t\t\t\t<\/div>\n\t\t\t\t<\/div>\n\t\t\t\t<div class=\"elementor-element elementor-element-f72354f elementor-widget elementor-widget-text-editor\" data-id=\"f72354f\" data-element_type=\"widget\" data-widget_type=\"text-editor.default\">\n\t\t\t\t<div class=\"elementor-widget-container\">\n\t\t\t\t\t\t\t\t\t<div style=\"position: relative; padding-top: 56.25%;\"><iframe style=\"border: 0; position: absolute; top: 0; height: 100%; width: 100%;\" src=\"https:\/\/iframe.mediadelivery.net\/embed\/141202\/3414645d-18f0-44a9-917f-0490233a4559?autoplay=false&amp;loop=false&amp;muted=false&amp;preload=true\" allowfullscreen=\"allowfullscreen\"><\/iframe><\/div>\t\t\t\t\t\t\t\t<\/div>\n\t\t\t\t<\/div>\n\t\t\t\t<div class=\"elementor-element elementor-element-c974195 elementor-widget elementor-widget-text-editor\" data-id=\"c974195\" data-element_type=\"widget\" data-widget_type=\"text-editor.default\">\n\t\t\t\t<div class=\"elementor-widget-container\">\n\t\t\t\t\t\t\t\t\t<div style=\"position: relative; padding-top: 56.25%;\"><iframe style=\"border: 0; position: absolute; top: 0; height: 100%; width: 100%;\" src=\"https:\/\/iframe.mediadelivery.net\/embed\/141202\/8c35fdfb-e20f-4dc3-b5b2-43b5b4d61f83?autoplay=false&amp;loop=false&amp;muted=false&amp;preload=false\" allowfullscreen=\"allowfullscreen\"><\/iframe><\/div>\t\t\t\t\t\t\t\t<\/div>\n\t\t\t\t<\/div>\n\t\t\t\t<div class=\"elementor-element elementor-element-567bc82 elementor-widget elementor-widget-text-editor\" data-id=\"567bc82\" data-element_type=\"widget\" data-widget_type=\"text-editor.default\">\n\t\t\t\t<div class=\"elementor-widget-container\">\n\t\t\t\t\t\t\t\t\t<div style=\"position: relative; padding-top: 56.25%;\"><iframe style=\"border: 0; position: absolute; top: 0; height: 100%; width: 100%;\" src=\"https:\/\/iframe.mediadelivery.net\/embed\/141202\/deb26a5c-fd01-4c8a-a33e-d0f6bdec1867?autoplay=false&amp;loop=false&amp;muted=false&amp;preload=false\" allowfullscreen=\"allowfullscreen\"><\/iframe><\/div>\t\t\t\t\t\t\t\t<\/div>\n\t\t\t\t<\/div>\n\t\t\t\t<div class=\"elementor-element elementor-element-fca3434 elementor-widget elementor-widget-text-editor\" data-id=\"fca3434\" data-element_type=\"widget\" data-widget_type=\"text-editor.default\">\n\t\t\t\t<div class=\"elementor-widget-container\">\n\t\t\t\t\t\t\t\t\t<div style=\"position: relative; padding-top: 56.25%;\"><iframe style=\"border: 0; position: absolute; top: 0; height: 100%; width: 100%;\" src=\"https:\/\/iframe.mediadelivery.net\/embed\/141202\/77b3795e-0e8c-4a61-a6d6-ae37f35a9720?autoplay=false&amp;loop=false&amp;muted=false&amp;preload=false\" allowfullscreen=\"allowfullscreen\"><\/iframe><\/div>\t\t\t\t\t\t\t\t<\/div>\n\t\t\t\t<\/div>\n\t\t\t\t<\/div>\n\t\t<div class=\"elementor-element elementor-element-5d7cfdb e-con-full e-flex e-con e-parent\" data-id=\"5d7cfdb\" data-element_type=\"container\">\n\t\t\t\t<div class=\"elementor-element elementor-element-fbf382c elementor-widget elementor-widget-gallery\" data-id=\"fbf382c\" data-element_type=\"widget\" data-widget_type=\"gallery.default\">\n\t\t\t\t<div class=\"elementor-widget-container\">\n\t\t\t\t\t \t\t\t\t<\/div>\n\t\t\t\t<\/div>\n\t\t\t\t<\/div>\n\t\t\t\t<\/div>","protected":false},"excerpt":{"rendered":"<p>2022-23 Mezuniyet T\u00f6reni<\/p>","protected":false},"author":1,"featured_media":0,"parent":0,"menu_order":0,"comment_status":"closed","ping_status":"closed","template":"elementor_header_footer","meta":{"_kad_post_transparent":"default","_kad_post_title":"hide","_kad_post_layout":"fullwidth","_kad_post_sidebar_id":"","_kad_post_content_style":"unboxed","_kad_post_vertical_padding":"hide","_kad_post_feature":"hide","_kad_post_feature_position":"","_kad_post_header":false,"_kad_post_footer":false,"footnotes":""},"class_list":["post-3074","page","type-page","status-publish","hentry"],"yoast_head":"<!-- This site is optimized with the Yoast SEO plugin v25.9 - https:\/\/yoast.com\/wordpress\/plugins\/seo\/ -->\n<title>mezuniyet - T\u00fcrk Maarif Koleji<\/title>\n<meta name=\"robots\" content=\"index, follow, max-snippet:-1, max-image-preview:large, max-video-preview:-1\" \/>\n<link rel=\"canonical\" href=\"https:\/\/turkmaarifkoleji.org\/en\/mezuniyet\/\" \/>\n<meta property=\"og:locale\" content=\"en_US\" \/>\n<meta property=\"og:type\" content=\"article\" \/>\n<meta property=\"og:title\" content=\"mezuniyet - T\u00fcrk Maarif Koleji\" \/>\n<meta property=\"og:description\" content=\"2022-23 Mezuniyet T\u00f6reni\" \/>\n<meta property=\"og:url\" content=\"https:\/\/turkmaarifkoleji.org\/en\/mezuniyet\/\" \/>\n<meta property=\"og:site_name\" content=\"T\u00fcrk Maarif Koleji\" \/>\n<meta property=\"article:publisher\" content=\"https:\/\/www.facebook.com\/tmkcyprus\/\" \/>\n<meta property=\"article:modified_time\" content=\"2023-10-15T19:12:35+00:00\" \/>\n<meta property=\"og:image\" content=\"https:\/\/turkmaarifkoleji.org\/wp-content\/uploads\/2023\/07\/Turk_Maarif_Koleji_logo-1.png\" \/>\n\t<meta property=\"og:image:width\" content=\"477\" \/>\n\t<meta property=\"og:image:height\" content=\"160\" \/>\n\t<meta property=\"og:image:type\" content=\"image\/png\" \/>\n<meta name=\"twitter:card\" content=\"summary_large_image\" \/>\n<meta name=\"twitter:label1\" content=\"Est. reading time\" \/>\n\t<meta name=\"twitter:data1\" content=\"1 minute\" \/>\n<script type=\"application\/ld+json\" class=\"yoast-schema-graph\">{\"@context\":\"https:\/\/schema.org\",\"@graph\":[{\"@type\":\"WebPage\",\"@id\":\"https:\/\/turkmaarifkoleji.org\/mezuniyet\/\",\"url\":\"https:\/\/turkmaarifkoleji.org\/mezuniyet\/\",\"name\":\"mezuniyet - T\u00fcrk Maarif Koleji\",\"isPartOf\":{\"@id\":\"https:\/\/turkmaarifkoleji.org\/en\/#website\"},\"datePublished\":\"2023-09-02T17:05:15+00:00\",\"dateModified\":\"2023-10-15T19:12:35+00:00\",\"breadcrumb\":{\"@id\":\"https:\/\/turkmaarifkoleji.org\/mezuniyet\/#breadcrumb\"},\"inLanguage\":\"en-US\",\"potentialAction\":[{\"@type\":\"ReadAction\",\"target\":[\"https:\/\/turkmaarifkoleji.org\/mezuniyet\/\"]}]},{\"@type\":\"BreadcrumbList\",\"@id\":\"https:\/\/turkmaarifkoleji.org\/mezuniyet\/#breadcrumb\",\"itemListElement\":[{\"@type\":\"ListItem\",\"position\":1,\"name\":\"Anasayfa\",\"item\":\"https:\/\/turkmaarifkoleji.org\/\"},{\"@type\":\"ListItem\",\"position\":2,\"name\":\"mezuniyet\"}]},{\"@type\":\"WebSite\",\"@id\":\"https:\/\/turkmaarifkoleji.org\/en\/#website\",\"url\":\"https:\/\/turkmaarifkoleji.org\/en\/\",\"name\":\"T\u00fcrk Maarif Koleji\",\"description\":\"D\u00fcnyaya A\u00e7\u0131lan Kap\u0131\",\"publisher\":{\"@id\":\"https:\/\/turkmaarifkoleji.org\/en\/#organization\"},\"potentialAction\":[{\"@type\":\"SearchAction\",\"target\":{\"@type\":\"EntryPoint\",\"urlTemplate\":\"https:\/\/turkmaarifkoleji.org\/en\/?s={search_term_string}\"},\"query-input\":{\"@type\":\"PropertyValueSpecification\",\"valueRequired\":true,\"valueName\":\"search_term_string\"}}],\"inLanguage\":\"en-US\"},{\"@type\":\"Organization\",\"@id\":\"https:\/\/turkmaarifkoleji.org\/en\/#organization\",\"name\":\"T\u00fcrk Maarif Koleji\",\"alternateName\":\"TMK\",\"url\":\"https:\/\/turkmaarifkoleji.org\/en\/\",\"logo\":{\"@type\":\"ImageObject\",\"inLanguage\":\"en-US\",\"@id\":\"https:\/\/turkmaarifkoleji.org\/en\/#\/schema\/logo\/image\/\",\"url\":\"https:\/\/turkmaarifkoleji.org\/wp-content\/uploads\/2023\/08\/Turk_Maarif_Koleji-1.svg\",\"contentUrl\":\"https:\/\/turkmaarifkoleji.org\/wp-content\/uploads\/2023\/08\/Turk_Maarif_Koleji-1.svg\",\"width\":120,\"height\":160,\"caption\":\"T\u00fcrk Maarif Koleji\"},\"image\":{\"@id\":\"https:\/\/turkmaarifkoleji.org\/en\/#\/schema\/logo\/image\/\"},\"sameAs\":[\"https:\/\/www.facebook.com\/tmkcyprus\/\",\"https:\/\/www.instagram.com\/turkmaarifkolejitmk\/\"]}]}<\/script>\n<!-- \/ Yoast SEO plugin. -->","yoast_head_json":{"title":"mezuniyet - T\u00fcrk Maarif Koleji","robots":{"index":"index","follow":"follow","max-snippet":"max-snippet:-1","max-image-preview":"max-image-preview:large","max-video-preview":"max-video-preview:-1"},"canonical":"https:\/\/turkmaarifkoleji.org\/en\/mezuniyet\/","og_locale":"en_US","og_type":"article","og_title":"mezuniyet - T\u00fcrk Maarif Koleji","og_description":"2022-23 Mezuniyet T\u00f6reni","og_url":"https:\/\/turkmaarifkoleji.org\/en\/mezuniyet\/","og_site_name":"T\u00fcrk Maarif Koleji","article_publisher":"https:\/\/www.facebook.com\/tmkcyprus\/","article_modified_time":"2023-10-15T19:12:35+00:00","og_image":[{"width":477,"height":160,"url":"https:\/\/turkmaarifkoleji.org\/wp-content\/uploads\/2023\/07\/Turk_Maarif_Koleji_logo-1.png","type":"image\/png"}],"twitter_card":"summary_large_image","twitter_misc":{"Est. reading time":"1 minute"},"schema":{"@context":"https:\/\/schema.org","@graph":[{"@type":"WebPage","@id":"https:\/\/turkmaarifkoleji.org\/mezuniyet\/","url":"https:\/\/turkmaarifkoleji.org\/mezuniyet\/","name":"mezuniyet - T\u00fcrk Maarif Koleji","isPartOf":{"@id":"https:\/\/turkmaarifkoleji.org\/en\/#website"},"datePublished":"2023-09-02T17:05:15+00:00","dateModified":"2023-10-15T19:12:35+00:00","breadcrumb":{"@id":"https:\/\/turkmaarifkoleji.org\/mezuniyet\/#breadcrumb"},"inLanguage":"en-US","potentialAction":[{"@type":"ReadAction","target":["https:\/\/turkmaarifkoleji.org\/mezuniyet\/"]}]},{"@type":"BreadcrumbList","@id":"https:\/\/turkmaarifkoleji.org\/mezuniyet\/#breadcrumb","itemListElement":[{"@type":"ListItem","position":1,"name":"Anasayfa","item":"https:\/\/turkmaarifkoleji.org\/"},{"@type":"ListItem","position":2,"name":"mezuniyet"}]},{"@type":"WebSite","@id":"https:\/\/turkmaarifkoleji.org\/en\/#website","url":"https:\/\/turkmaarifkoleji.org\/en\/","name":"T\u00fcrk Maarif College","description":"A Gateway to the World","publisher":{"@id":"https:\/\/turkmaarifkoleji.org\/en\/#organization"},"potentialAction":[{"@type":"SearchAction","target":{"@type":"EntryPoint","urlTemplate":"https:\/\/turkmaarifkoleji.org\/en\/?s={search_term_string}"},"query-input":{"@type":"PropertyValueSpecification","valueRequired":true,"valueName":"search_term_string"}}],"inLanguage":"en-US"},{"@type":"Organization","@id":"https:\/\/turkmaarifkoleji.org\/en\/#organization","name":"T\u00fcrk Maarif College","alternateName":"TMK","url":"https:\/\/turkmaarifkoleji.org\/en\/","logo":{"@type":"ImageObject","inLanguage":"en-US","@id":"https:\/\/turkmaarifkoleji.org\/en\/#\/schema\/logo\/image\/","url":"https:\/\/turkmaarifkoleji.org\/wp-content\/uploads\/2023\/08\/Turk_Maarif_Koleji-1.svg","contentUrl":"https:\/\/turkmaarifkoleji.org\/wp-content\/uploads\/2023\/08\/Turk_Maarif_Koleji-1.svg","width":120,"height":160,"caption":"T\u00fcrk Maarif Koleji"},"image":{"@id":"https:\/\/turkmaarifkoleji.org\/en\/#\/schema\/logo\/image\/"},"sameAs":["https:\/\/www.facebook.com\/tmkcyprus\/","https:\/\/www.instagram.com\/turkmaarifkolejitmk\/"]}]}},"_links":{"self":[{"href":"https:\/\/turkmaarifkoleji.org\/en\/wp-json\/wp\/v2\/pages\/3074","targetHints":{"allow":["GET"]}}],"collection":[{"href":"https:\/\/turkmaarifkoleji.org\/en\/wp-json\/wp\/v2\/pages"}],"about":[{"href":"https:\/\/turkmaarifkoleji.org\/en\/wp-json\/wp\/v2\/types\/page"}],"author":[{"embeddable":true,"href":"https:\/\/turkmaarifkoleji.org\/en\/wp-json\/wp\/v2\/users\/1"}],"replies":[{"embeddable":true,"href":"https:\/\/turkmaarifkoleji.org\/en\/wp-json\/wp\/v2\/comments?post=3074"}],"version-history":[{"count":0,"href":"https:\/\/turkmaarifkoleji.org\/en\/wp-json\/wp\/v2\/pages\/3074\/revisions"}],"wp:attachment":[{"href":"https:\/\/turkmaarifkoleji.org\/en\/wp-json\/wp\/v2\/media?parent=3074"}],"curies":[{"name":"wp","href":"https:\/\/api.w.org\/{rel}","templated":true}]}}