{"id":3,"date":"2023-07-22T11:46:11","date_gmt":"2023-07-22T11:46:11","guid":{"rendered":"https:\/\/college.iseri.eu\/?page_id=3"},"modified":"2023-12-05T16:18:51","modified_gmt":"2023-12-05T14:18:51","slug":"privacy-policy","status":"publish","type":"page","link":"https:\/\/turkmaarifkoleji.org\/en\/privacy-policy\/","title":{"rendered":"Privacy Policy"},"content":{"rendered":"<div data-elementor-type=\"wp-page\" data-elementor-id=\"3\" class=\"elementor elementor-3\">\n\t\t\t\t<div class=\"elementor-element elementor-element-d36e634 e-flex e-con-boxed e-con e-parent\" data-id=\"d36e634\" data-element_type=\"container\">\n\t\t\t\t\t<div class=\"e-con-inner\">\n\t\t\t\t<div class=\"elementor-element elementor-element-8724c70 elementor-widget elementor-widget-heading\" data-id=\"8724c70\" data-element_type=\"widget\" data-widget_type=\"heading.default\">\n\t\t\t\t<div class=\"elementor-widget-container\">\n\t\t\t\t\t<h2 class=\"elementor-heading-title elementor-size-default\">Privacy Policy<\/h2>\t\t\t\t<\/div>\n\t\t\t\t<\/div>\n\t\t\t\t\t<\/div>\n\t\t\t\t<\/div>\n\t\t<div class=\"elementor-element elementor-element-155ef564 e-flex e-con-boxed e-con e-parent\" data-id=\"155ef564\" data-element_type=\"container\">\n\t\t\t\t\t<div class=\"e-con-inner\">\n\t\t\t\t<div class=\"elementor-element elementor-element-a63a81d elementor-widget elementor-widget-text-editor\" data-id=\"a63a81d\" data-element_type=\"widget\" data-widget_type=\"text-editor.default\">\n\t\t\t\t<div class=\"elementor-widget-container\">\n\t\t\t\t\t\t\t\t\t<p><\/p>\n<h2 class=\"wp-block-heading\">Who are we<\/h2>\n<p><\/p>\n<p>\u00a0This website \u201chttps:\/\/turkmaarifkoleji.org\u201d belongs to the T\u00fcrk Maarif College, a public school in the Turkish Republic of Northern Cyprus.<\/p>\n<p><\/p>\n<h2 class=\"wp-block-heading\">Comments<\/h2>\n<p><\/p>\n<p class=\" translation-block\">When visitors leave comments on the site iseri.xyz collect the data shown in the comments form, and also the visitor\u2019s IP address and browser user agent string to help spam detection.\n\nAn anonymized string created from your email address (also called a hash) may be provided to the Gravatar service to see if you are using it. The Gravatar service privacy policy is available here: https:\/\/automattic.com\/privacy\/. After approval of your comment, your profile picture is visible to the public in the context of your comment.<\/p>\n<p><\/p>\n<h2 class=\"wp-block-heading\">Media<\/h2>\n<p><\/p>\n<p class=\" translation-block\">If you upload images to the website, you should avoid uploading images with embedded location data (EXIF GPS) included. Visitors to the website can download and extract any location data from images on the website.<\/p>\n<p><\/p>\n<h2 class=\"wp-block-heading\">Cookies<\/h2>\n<p><\/p>\n<p class=\" translation-block\">If you leave a comment on our site you may opt-in to saving your name, email address and website in cookies. These are for your convenience so that you do not have to fill in your details again when you leave another comment. These cookies will last for one year.\nIf you have an account and you log in to this site, we will set a temporary cookie to determine if your browser accepts cookies. This cookie contains no personal data and is discarded when you close your browser.\nWhen you log in, we will also set up several cookies to save your login information and your screen display choices. Login cookies last for two days, and screen options cookies last for a year. If you select \u201cRemember Me\u201d, your login will persist for two weeks. If you log out of your account, the login cookies will be removed.\nIf you edit or publish an article, an additional cookie will be saved in your browser. This cookie includes no personal data and simply indicates the post ID of the article you just edited. It expires after 1 day.<\/p>\n<p><\/p>\n<h2 class=\"wp-block-heading\"><span class=\"HwtZe\" lang=\"tr\"><span class=\"jCAhz ChMk0b\"><span class=\"ryNqvb\">Embedded content from other websites<\/span><\/span><\/span><\/h2>\n<p><\/p>\n<p class=\" translation-block\">Articles on this site may include embedded content (e.g. videos, images, articles, etc.). Embedded content from other websites behaves in the exact same way as if the visitor has visited the other website.<\/p>\n<p><span class=\"HwtZe\" lang=\"tr\"> <span class=\"jCAhz ChMk0b\"><span class=\"ryNqvb\">These websites may collect data about you, use cookies, embed additional third-party tracking, and monitor your interaction with that embedded content, including tracing your interaction with the embedded content if you have an account and are logged in to that website.<\/span><\/span><\/span><\/p>\n<p><\/p>\n<h2 class=\"wp-block-heading translation-block\">With whom is your data shared?<\/h2>\n<p><\/p>\n<p><span class=\"HwtZe\" lang=\"tr\"><span class=\"jCAhz ChMk0b\"><span class=\"ryNqvb\">T\u00fcrk Maarif College never shares its data.<\/span><\/span><\/span><\/p>\n<p><\/p>\n<h2 class=\"wp-block-heading translation-block\">How long is your data retained<\/h2>\n<p><\/p>\n<p class=\" translation-block\">If you leave a comment, the comment and its metadata are retained indefinitely. This is so turkmaarifkoleji.org can recognize and approve follow-up comments automatically instead of holding them in a moderation queue. turkmaarifkoleji.org also stores the personal information provided by users who register on our website (if any) in their user profiles. All users can view, edit or delete their personal information at any time (except they cannot change their username). Website administrators can also view and edit this information. In addition, turkmaarifkoleji.org, the information provided by users through the graduate registration form on our website is stored until deletion is requested.<\/p>\n<p><\/p>\n<h2 class=\"wp-block-heading translation-block\">Where do we send your data<\/h2>\n<p><\/p>\n<p><span class=\"HwtZe\" lang=\"tr\"><span class=\"jCAhz ChMk0b\"><span class=\"ryNqvb\">Visitor comments can be checked through an automatic spam detection service. All other data is kept within turkmaarifkolji.org.<\/span><\/span><\/span><\/p>\n<p><\/p>\t\t\t\t\t\t\t\t<\/div>\n\t\t\t\t<\/div>\n\t\t\t\t\t<\/div>\n\t\t\t\t<\/div>\n\t\t\t\t<\/div>","protected":false},"excerpt":{"rendered":"<p>Gizlilik Politikas\u0131 Biz Kimiz \u00a0Bu web sitesi &#8220;https:\/\/turkmaarifkoleji.org&#8221; Kuzey K\u0131br\u0131s T\u00fcrk Cumhuriyetindeki devlet okulu olan T\u00fcrk Maarif Koleji&#8217;ne aittir. Yorumlar Ziyaret\u00e7iler siteye yorum b\u0131rakt\u0131\u011f\u0131nda iseri.xyz, spam tespitine yard\u0131mc\u0131 olmak i\u00e7in yorum formunda g\u00f6sterilen verileri ve ayr\u0131ca ziyaret\u00e7inin IP adresini ve taray\u0131c\u0131 kullan\u0131c\u0131 arac\u0131s\u0131 dizesini toplar. Gravatar hizmetini kullan\u0131p kullanmad\u0131\u011f\u0131n\u0131z\u0131 g\u00f6rmek i\u00e7in e-posta adresinizden olu\u015fturulan anonimle\u015ftirilmi\u015f&#8230;<\/p>","protected":false},"author":1,"featured_media":0,"parent":0,"menu_order":0,"comment_status":"closed","ping_status":"open","template":"elementor_header_footer","meta":{"_kad_post_transparent":"default","_kad_post_title":"default","_kad_post_layout":"default","_kad_post_sidebar_id":"","_kad_post_content_style":"default","_kad_post_vertical_padding":"default","_kad_post_feature":"","_kad_post_feature_position":"","_kad_post_header":false,"_kad_post_footer":false,"footnotes":""},"class_list":["post-3","page","type-page","status-publish","hentry"],"yoast_head":"<!-- This site is optimized with the Yoast SEO plugin v25.9 - https:\/\/yoast.com\/wordpress\/plugins\/seo\/ -->\n<title>Privacy Policy - T\u00fcrk Maarif Koleji<\/title>\n<meta name=\"robots\" content=\"index, follow, max-snippet:-1, max-image-preview:large, max-video-preview:-1\" \/>\n<link rel=\"canonical\" href=\"https:\/\/turkmaarifkoleji.org\/en\/privacy-policy\/\" \/>\n<meta property=\"og:locale\" content=\"en_US\" \/>\n<meta property=\"og:type\" content=\"article\" \/>\n<meta property=\"og:title\" content=\"Privacy Policy - T\u00fcrk Maarif Koleji\" \/>\n<meta property=\"og:description\" content=\"Gizlilik Politikas\u0131 Biz Kimiz \u00a0Bu web sitesi &#8220;https:\/\/turkmaarifkoleji.org&#8221; Kuzey K\u0131br\u0131s T\u00fcrk Cumhuriyetindeki devlet okulu olan T\u00fcrk Maarif Koleji&#8217;ne aittir. Yorumlar Ziyaret\u00e7iler siteye yorum b\u0131rakt\u0131\u011f\u0131nda iseri.xyz, spam tespitine yard\u0131mc\u0131 olmak i\u00e7in yorum formunda g\u00f6sterilen verileri ve ayr\u0131ca ziyaret\u00e7inin IP adresini ve taray\u0131c\u0131 kullan\u0131c\u0131 arac\u0131s\u0131 dizesini toplar. Gravatar hizmetini kullan\u0131p kullanmad\u0131\u011f\u0131n\u0131z\u0131 g\u00f6rmek i\u00e7in e-posta adresinizden olu\u015fturulan anonimle\u015ftirilmi\u015f...\" \/>\n<meta property=\"og:url\" content=\"https:\/\/turkmaarifkoleji.org\/en\/privacy-policy\/\" \/>\n<meta property=\"og:site_name\" content=\"T\u00fcrk Maarif Koleji\" \/>\n<meta property=\"article:publisher\" content=\"https:\/\/www.facebook.com\/tmkcyprus\/\" \/>\n<meta property=\"article:modified_time\" content=\"2023-12-05T14:18:51+00:00\" \/>\n<meta property=\"og:image\" content=\"https:\/\/turkmaarifkoleji.org\/wp-content\/uploads\/2023\/07\/Turk_Maarif_Koleji_logo-1.png\" \/>\n\t<meta property=\"og:image:width\" content=\"477\" \/>\n\t<meta property=\"og:image:height\" content=\"160\" \/>\n\t<meta property=\"og:image:type\" content=\"image\/png\" \/>\n<meta name=\"twitter:card\" content=\"summary_large_image\" \/>\n<meta name=\"twitter:label1\" content=\"Est. reading time\" \/>\n\t<meta name=\"twitter:data1\" content=\"3 minutes\" \/>\n<script type=\"application\/ld+json\" class=\"yoast-schema-graph\">{\"@context\":\"https:\/\/schema.org\",\"@graph\":[{\"@type\":\"WebPage\",\"@id\":\"https:\/\/turkmaarifkoleji.org\/privacy-policy\/\",\"url\":\"https:\/\/turkmaarifkoleji.org\/privacy-policy\/\",\"name\":\"Privacy Policy - T\u00fcrk Maarif Koleji\",\"isPartOf\":{\"@id\":\"https:\/\/turkmaarifkoleji.org\/en\/#website\"},\"datePublished\":\"2023-07-22T11:46:11+00:00\",\"dateModified\":\"2023-12-05T14:18:51+00:00\",\"breadcrumb\":{\"@id\":\"https:\/\/turkmaarifkoleji.org\/privacy-policy\/#breadcrumb\"},\"inLanguage\":\"en-US\",\"potentialAction\":[{\"@type\":\"ReadAction\",\"target\":[\"https:\/\/turkmaarifkoleji.org\/privacy-policy\/\"]}]},{\"@type\":\"BreadcrumbList\",\"@id\":\"https:\/\/turkmaarifkoleji.org\/privacy-policy\/#breadcrumb\",\"itemListElement\":[{\"@type\":\"ListItem\",\"position\":1,\"name\":\"Anasayfa\",\"item\":\"https:\/\/turkmaarifkoleji.org\/\"},{\"@type\":\"ListItem\",\"position\":2,\"name\":\"Privacy Policy\"}]},{\"@type\":\"WebSite\",\"@id\":\"https:\/\/turkmaarifkoleji.org\/en\/#website\",\"url\":\"https:\/\/turkmaarifkoleji.org\/en\/\",\"name\":\"T\u00fcrk Maarif Koleji\",\"description\":\"D\u00fcnyaya A\u00e7\u0131lan Kap\u0131\",\"publisher\":{\"@id\":\"https:\/\/turkmaarifkoleji.org\/en\/#organization\"},\"potentialAction\":[{\"@type\":\"SearchAction\",\"target\":{\"@type\":\"EntryPoint\",\"urlTemplate\":\"https:\/\/turkmaarifkoleji.org\/en\/?s={search_term_string}\"},\"query-input\":{\"@type\":\"PropertyValueSpecification\",\"valueRequired\":true,\"valueName\":\"search_term_string\"}}],\"inLanguage\":\"en-US\"},{\"@type\":\"Organization\",\"@id\":\"https:\/\/turkmaarifkoleji.org\/en\/#organization\",\"name\":\"T\u00fcrk Maarif Koleji\",\"alternateName\":\"TMK\",\"url\":\"https:\/\/turkmaarifkoleji.org\/en\/\",\"logo\":{\"@type\":\"ImageObject\",\"inLanguage\":\"en-US\",\"@id\":\"https:\/\/turkmaarifkoleji.org\/en\/#\/schema\/logo\/image\/\",\"url\":\"https:\/\/turkmaarifkoleji.org\/wp-content\/uploads\/2023\/08\/Turk_Maarif_Koleji-1.svg\",\"contentUrl\":\"https:\/\/turkmaarifkoleji.org\/wp-content\/uploads\/2023\/08\/Turk_Maarif_Koleji-1.svg\",\"width\":120,\"height\":160,\"caption\":\"T\u00fcrk Maarif Koleji\"},\"image\":{\"@id\":\"https:\/\/turkmaarifkoleji.org\/en\/#\/schema\/logo\/image\/\"},\"sameAs\":[\"https:\/\/www.facebook.com\/tmkcyprus\/\",\"https:\/\/www.instagram.com\/turkmaarifkolejitmk\/\"]}]}<\/script>\n<!-- \/ Yoast SEO plugin. -->","yoast_head_json":{"title":"Privacy Policy - T\u00fcrk Maarif Koleji","robots":{"index":"index","follow":"follow","max-snippet":"max-snippet:-1","max-image-preview":"max-image-preview:large","max-video-preview":"max-video-preview:-1"},"canonical":"https:\/\/turkmaarifkoleji.org\/en\/privacy-policy\/","og_locale":"en_US","og_type":"article","og_title":"Privacy Policy - T\u00fcrk Maarif Koleji","og_description":"Gizlilik Politikas\u0131 Biz Kimiz \u00a0Bu web sitesi &#8220;https:\/\/turkmaarifkoleji.org&#8221; Kuzey K\u0131br\u0131s T\u00fcrk Cumhuriyetindeki devlet okulu olan T\u00fcrk Maarif Koleji&#8217;ne aittir. Yorumlar Ziyaret\u00e7iler siteye yorum b\u0131rakt\u0131\u011f\u0131nda iseri.xyz, spam tespitine yard\u0131mc\u0131 olmak i\u00e7in yorum formunda g\u00f6sterilen verileri ve ayr\u0131ca ziyaret\u00e7inin IP adresini ve taray\u0131c\u0131 kullan\u0131c\u0131 arac\u0131s\u0131 dizesini toplar. Gravatar hizmetini kullan\u0131p kullanmad\u0131\u011f\u0131n\u0131z\u0131 g\u00f6rmek i\u00e7in e-posta adresinizden olu\u015fturulan anonimle\u015ftirilmi\u015f...","og_url":"https:\/\/turkmaarifkoleji.org\/en\/privacy-policy\/","og_site_name":"T\u00fcrk Maarif Koleji","article_publisher":"https:\/\/www.facebook.com\/tmkcyprus\/","article_modified_time":"2023-12-05T14:18:51+00:00","og_image":[{"width":477,"height":160,"url":"https:\/\/turkmaarifkoleji.org\/wp-content\/uploads\/2023\/07\/Turk_Maarif_Koleji_logo-1.png","type":"image\/png"}],"twitter_card":"summary_large_image","twitter_misc":{"Est. reading time":"3 minutes"},"schema":{"@context":"https:\/\/schema.org","@graph":[{"@type":"WebPage","@id":"https:\/\/turkmaarifkoleji.org\/privacy-policy\/","url":"https:\/\/turkmaarifkoleji.org\/privacy-policy\/","name":"Privacy Policy - T\u00fcrk Maarif Koleji","isPartOf":{"@id":"https:\/\/turkmaarifkoleji.org\/en\/#website"},"datePublished":"2023-07-22T11:46:11+00:00","dateModified":"2023-12-05T14:18:51+00:00","breadcrumb":{"@id":"https:\/\/turkmaarifkoleji.org\/privacy-policy\/#breadcrumb"},"inLanguage":"en-US","potentialAction":[{"@type":"ReadAction","target":["https:\/\/turkmaarifkoleji.org\/privacy-policy\/"]}]},{"@type":"BreadcrumbList","@id":"https:\/\/turkmaarifkoleji.org\/privacy-policy\/#breadcrumb","itemListElement":[{"@type":"ListItem","position":1,"name":"Anasayfa","item":"https:\/\/turkmaarifkoleji.org\/"},{"@type":"ListItem","position":2,"name":"Privacy Policy"}]},{"@type":"WebSite","@id":"https:\/\/turkmaarifkoleji.org\/en\/#website","url":"https:\/\/turkmaarifkoleji.org\/en\/","name":"T\u00fcrk Maarif College","description":"A Gateway to the World","publisher":{"@id":"https:\/\/turkmaarifkoleji.org\/en\/#organization"},"potentialAction":[{"@type":"SearchAction","target":{"@type":"EntryPoint","urlTemplate":"https:\/\/turkmaarifkoleji.org\/en\/?s={search_term_string}"},"query-input":{"@type":"PropertyValueSpecification","valueRequired":true,"valueName":"search_term_string"}}],"inLanguage":"en-US"},{"@type":"Organization","@id":"https:\/\/turkmaarifkoleji.org\/en\/#organization","name":"T\u00fcrk Maarif College","alternateName":"TMK","url":"https:\/\/turkmaarifkoleji.org\/en\/","logo":{"@type":"ImageObject","inLanguage":"en-US","@id":"https:\/\/turkmaarifkoleji.org\/en\/#\/schema\/logo\/image\/","url":"https:\/\/turkmaarifkoleji.org\/wp-content\/uploads\/2023\/08\/Turk_Maarif_Koleji-1.svg","contentUrl":"https:\/\/turkmaarifkoleji.org\/wp-content\/uploads\/2023\/08\/Turk_Maarif_Koleji-1.svg","width":120,"height":160,"caption":"T\u00fcrk Maarif Koleji"},"image":{"@id":"https:\/\/turkmaarifkoleji.org\/en\/#\/schema\/logo\/image\/"},"sameAs":["https:\/\/www.facebook.com\/tmkcyprus\/","https:\/\/www.instagram.com\/turkmaarifkolejitmk\/"]}]}},"_links":{"self":[{"href":"https:\/\/turkmaarifkoleji.org\/en\/wp-json\/wp\/v2\/pages\/3","targetHints":{"allow":["GET"]}}],"collection":[{"href":"https:\/\/turkmaarifkoleji.org\/en\/wp-json\/wp\/v2\/pages"}],"about":[{"href":"https:\/\/turkmaarifkoleji.org\/en\/wp-json\/wp\/v2\/types\/page"}],"author":[{"embeddable":true,"href":"https:\/\/turkmaarifkoleji.org\/en\/wp-json\/wp\/v2\/users\/1"}],"replies":[{"embeddable":true,"href":"https:\/\/turkmaarifkoleji.org\/en\/wp-json\/wp\/v2\/comments?post=3"}],"version-history":[{"count":0,"href":"https:\/\/turkmaarifkoleji.org\/en\/wp-json\/wp\/v2\/pages\/3\/revisions"}],"wp:attachment":[{"href":"https:\/\/turkmaarifkoleji.org\/en\/wp-json\/wp\/v2\/media?parent=3"}],"curies":[{"name":"wp","href":"https:\/\/api.w.org\/{rel}","templated":true}]}}