{"id":2902,"date":"2023-08-20T23:24:33","date_gmt":"2023-08-20T20:24:33","guid":{"rendered":"https:\/\/turkmaarifkoleji.org\/?page_id=2902"},"modified":"2023-08-20T23:26:20","modified_gmt":"2023-08-20T20:26:20","slug":"beden-egitimi-bolumu","status":"publish","type":"page","link":"https:\/\/turkmaarifkoleji.org\/en\/beden-egitimi-bolumu\/","title":{"rendered":"Physical Education Department"},"content":{"rendered":"<div data-elementor-type=\"wp-page\" data-elementor-id=\"2902\" class=\"elementor elementor-2902\">\n\t\t\t\t<div class=\"elementor-element elementor-element-001b90c e-flex e-con-boxed e-con e-parent\" data-id=\"001b90c\" data-element_type=\"container\" data-settings=\"{&quot;background_background&quot;:&quot;classic&quot;}\">\n\t\t\t\t\t<div class=\"e-con-inner\">\n\t\t\t\t<div class=\"elementor-element elementor-element-a721d27 elementor-widget elementor-widget-heading\" data-id=\"a721d27\" data-element_type=\"widget\" data-widget_type=\"heading.default\">\n\t\t\t\t<div class=\"elementor-widget-container\">\n\t\t\t\t\t<h2 class=\"elementor-heading-title elementor-size-default\">Physical Education Department<\/h2>\t\t\t\t<\/div>\n\t\t\t\t<\/div>\n\t\t\t\t\t<\/div>\n\t\t\t\t<\/div>\n\t\t<div class=\"elementor-element elementor-element-650ecae e-grid e-con-boxed e-con e-parent\" data-id=\"650ecae\" data-element_type=\"container\" data-settings=\"{&quot;background_background&quot;:&quot;classic&quot;}\">\n\t\t\t\t\t<div class=\"e-con-inner\">\n\t\t\t\t\t<\/div>\n\t\t\t\t<\/div>\n\t\t\t\t<\/div>","protected":false},"excerpt":{"rendered":"<p>Beden E\u011fitimi B\u00f6l\u00fcm\u00fc Selda Cenkova Aziz Selengin G\u00fclter Ceylan Faika Hakverdi Batur Ulaca Eriz Giritli Bilgin \u00c7elik Duygu Gizem T\u00fcrkay Berfu Tekakp\u0131nar Hasan Sar\u0131o\u011flu<\/p>","protected":false},"author":1,"featured_media":0,"parent":0,"menu_order":0,"comment_status":"closed","ping_status":"closed","template":"","meta":{"_kad_post_transparent":"","_kad_post_title":"","_kad_post_layout":"","_kad_post_sidebar_id":"","_kad_post_content_style":"","_kad_post_vertical_padding":"","_kad_post_feature":"","_kad_post_feature_position":"","_kad_post_header":false,"_kad_post_footer":false,"footnotes":""},"class_list":["post-2902","page","type-page","status-publish","hentry"],"yoast_head":"<!-- This site is optimized with the Yoast SEO plugin v25.9 - https:\/\/yoast.com\/wordpress\/plugins\/seo\/ -->\n<title>Beden E\u011fitimi B\u00f6l\u00fcm\u00fc - T\u00fcrk Maarif Koleji<\/title>\n<meta name=\"robots\" content=\"index, follow, max-snippet:-1, max-image-preview:large, max-video-preview:-1\" \/>\n<link rel=\"canonical\" href=\"https:\/\/turkmaarifkoleji.org\/en\/beden-egitimi-bolumu\/\" \/>\n<meta property=\"og:locale\" content=\"en_US\" \/>\n<meta property=\"og:type\" content=\"article\" \/>\n<meta property=\"og:title\" content=\"Beden E\u011fitimi B\u00f6l\u00fcm\u00fc - T\u00fcrk Maarif Koleji\" \/>\n<meta property=\"og:description\" content=\"Beden E\u011fitimi B\u00f6l\u00fcm\u00fc Selda Cenkova Aziz Selengin G\u00fclter Ceylan Faika Hakverdi Batur Ulaca Eriz Giritli Bilgin \u00c7elik Duygu Gizem T\u00fcrkay Berfu Tekakp\u0131nar Hasan Sar\u0131o\u011flu\" \/>\n<meta property=\"og:url\" content=\"https:\/\/turkmaarifkoleji.org\/en\/beden-egitimi-bolumu\/\" \/>\n<meta property=\"og:site_name\" content=\"T\u00fcrk Maarif Koleji\" \/>\n<meta property=\"article:publisher\" content=\"https:\/\/www.facebook.com\/tmkcyprus\/\" \/>\n<meta property=\"article:modified_time\" content=\"2023-08-20T20:26:20+00:00\" \/>\n<meta property=\"og:image\" content=\"https:\/\/res.cloudinary.com\/iserieu\/image\/upload\/v1691000263\/tmk\/bedenegitimi\/Selda_Cenkova.webp\" \/>\n<meta name=\"twitter:card\" content=\"summary_large_image\" \/>\n<meta name=\"twitter:label1\" content=\"Est. reading time\" \/>\n\t<meta name=\"twitter:data1\" content=\"3 minutes\" \/>\n<script type=\"application\/ld+json\" class=\"yoast-schema-graph\">{\"@context\":\"https:\/\/schema.org\",\"@graph\":[{\"@type\":\"WebPage\",\"@id\":\"https:\/\/turkmaarifkoleji.org\/beden-egitimi-bolumu\/\",\"url\":\"https:\/\/turkmaarifkoleji.org\/beden-egitimi-bolumu\/\",\"name\":\"Beden E\u011fitimi B\u00f6l\u00fcm\u00fc - T\u00fcrk Maarif Koleji\",\"isPartOf\":{\"@id\":\"https:\/\/turkmaarifkoleji.org\/en\/#website\"},\"primaryImageOfPage\":{\"@id\":\"https:\/\/turkmaarifkoleji.org\/beden-egitimi-bolumu\/#primaryimage\"},\"image\":{\"@id\":\"https:\/\/turkmaarifkoleji.org\/beden-egitimi-bolumu\/#primaryimage\"},\"thumbnailUrl\":\"https:\/\/res.cloudinary.com\/iserieu\/image\/upload\/v1691000263\/tmk\/bedenegitimi\/Selda_Cenkova.webp\",\"datePublished\":\"2023-08-20T20:24:33+00:00\",\"dateModified\":\"2023-08-20T20:26:20+00:00\",\"breadcrumb\":{\"@id\":\"https:\/\/turkmaarifkoleji.org\/beden-egitimi-bolumu\/#breadcrumb\"},\"inLanguage\":\"en-US\",\"potentialAction\":[{\"@type\":\"ReadAction\",\"target\":[\"https:\/\/turkmaarifkoleji.org\/beden-egitimi-bolumu\/\"]}]},{\"@type\":\"ImageObject\",\"inLanguage\":\"en-US\",\"@id\":\"https:\/\/turkmaarifkoleji.org\/beden-egitimi-bolumu\/#primaryimage\",\"url\":\"https:\/\/res.cloudinary.com\/iserieu\/image\/upload\/v1691000263\/tmk\/bedenegitimi\/Selda_Cenkova.webp\",\"contentUrl\":\"https:\/\/res.cloudinary.com\/iserieu\/image\/upload\/v1691000263\/tmk\/bedenegitimi\/Selda_Cenkova.webp\"},{\"@type\":\"BreadcrumbList\",\"@id\":\"https:\/\/turkmaarifkoleji.org\/beden-egitimi-bolumu\/#breadcrumb\",\"itemListElement\":[{\"@type\":\"ListItem\",\"position\":1,\"name\":\"Anasayfa\",\"item\":\"https:\/\/turkmaarifkoleji.org\/\"},{\"@type\":\"ListItem\",\"position\":2,\"name\":\"Beden E\u011fitimi B\u00f6l\u00fcm\u00fc\"}]},{\"@type\":\"WebSite\",\"@id\":\"https:\/\/turkmaarifkoleji.org\/en\/#website\",\"url\":\"https:\/\/turkmaarifkoleji.org\/en\/\",\"name\":\"T\u00fcrk Maarif Koleji\",\"description\":\"D\u00fcnyaya A\u00e7\u0131lan Kap\u0131\",\"publisher\":{\"@id\":\"https:\/\/turkmaarifkoleji.org\/en\/#organization\"},\"potentialAction\":[{\"@type\":\"SearchAction\",\"target\":{\"@type\":\"EntryPoint\",\"urlTemplate\":\"https:\/\/turkmaarifkoleji.org\/en\/?s={search_term_string}\"},\"query-input\":{\"@type\":\"PropertyValueSpecification\",\"valueRequired\":true,\"valueName\":\"search_term_string\"}}],\"inLanguage\":\"en-US\"},{\"@type\":\"Organization\",\"@id\":\"https:\/\/turkmaarifkoleji.org\/en\/#organization\",\"name\":\"T\u00fcrk Maarif Koleji\",\"alternateName\":\"TMK\",\"url\":\"https:\/\/turkmaarifkoleji.org\/en\/\",\"logo\":{\"@type\":\"ImageObject\",\"inLanguage\":\"en-US\",\"@id\":\"https:\/\/turkmaarifkoleji.org\/en\/#\/schema\/logo\/image\/\",\"url\":\"https:\/\/turkmaarifkoleji.org\/wp-content\/uploads\/2023\/08\/Turk_Maarif_Koleji-1.svg\",\"contentUrl\":\"https:\/\/turkmaarifkoleji.org\/wp-content\/uploads\/2023\/08\/Turk_Maarif_Koleji-1.svg\",\"width\":120,\"height\":160,\"caption\":\"T\u00fcrk Maarif Koleji\"},\"image\":{\"@id\":\"https:\/\/turkmaarifkoleji.org\/en\/#\/schema\/logo\/image\/\"},\"sameAs\":[\"https:\/\/www.facebook.com\/tmkcyprus\/\",\"https:\/\/www.instagram.com\/turkmaarifkolejitmk\/\"]}]}<\/script>\n<!-- \/ Yoast SEO plugin. -->","yoast_head_json":{"title":"Beden E\u011fitimi B\u00f6l\u00fcm\u00fc - T\u00fcrk Maarif Koleji","robots":{"index":"index","follow":"follow","max-snippet":"max-snippet:-1","max-image-preview":"max-image-preview:large","max-video-preview":"max-video-preview:-1"},"canonical":"https:\/\/turkmaarifkoleji.org\/en\/beden-egitimi-bolumu\/","og_locale":"en_US","og_type":"article","og_title":"Beden E\u011fitimi B\u00f6l\u00fcm\u00fc - T\u00fcrk Maarif Koleji","og_description":"Beden E\u011fitimi B\u00f6l\u00fcm\u00fc Selda Cenkova Aziz Selengin G\u00fclter Ceylan Faika Hakverdi Batur Ulaca Eriz Giritli Bilgin \u00c7elik Duygu Gizem T\u00fcrkay Berfu Tekakp\u0131nar Hasan Sar\u0131o\u011flu","og_url":"https:\/\/turkmaarifkoleji.org\/en\/beden-egitimi-bolumu\/","og_site_name":"T\u00fcrk Maarif Koleji","article_publisher":"https:\/\/www.facebook.com\/tmkcyprus\/","article_modified_time":"2023-08-20T20:26:20+00:00","og_image":[{"url":"https:\/\/res.cloudinary.com\/iserieu\/image\/upload\/v1691000263\/tmk\/bedenegitimi\/Selda_Cenkova.webp","type":"","width":"","height":""}],"twitter_card":"summary_large_image","twitter_misc":{"Est. reading time":"3 minutes"},"schema":{"@context":"https:\/\/schema.org","@graph":[{"@type":"WebPage","@id":"https:\/\/turkmaarifkoleji.org\/beden-egitimi-bolumu\/","url":"https:\/\/turkmaarifkoleji.org\/beden-egitimi-bolumu\/","name":"Beden E\u011fitimi B\u00f6l\u00fcm\u00fc - T\u00fcrk Maarif Koleji","isPartOf":{"@id":"https:\/\/turkmaarifkoleji.org\/en\/#website"},"primaryImageOfPage":{"@id":"https:\/\/turkmaarifkoleji.org\/beden-egitimi-bolumu\/#primaryimage"},"image":{"@id":"https:\/\/turkmaarifkoleji.org\/beden-egitimi-bolumu\/#primaryimage"},"thumbnailUrl":"https:\/\/res.cloudinary.com\/iserieu\/image\/upload\/v1691000263\/tmk\/bedenegitimi\/Selda_Cenkova.webp","datePublished":"2023-08-20T20:24:33+00:00","dateModified":"2023-08-20T20:26:20+00:00","breadcrumb":{"@id":"https:\/\/turkmaarifkoleji.org\/beden-egitimi-bolumu\/#breadcrumb"},"inLanguage":"en-US","potentialAction":[{"@type":"ReadAction","target":["https:\/\/turkmaarifkoleji.org\/beden-egitimi-bolumu\/"]}]},{"@type":"ImageObject","inLanguage":"en-US","@id":"https:\/\/turkmaarifkoleji.org\/beden-egitimi-bolumu\/#primaryimage","url":"https:\/\/res.cloudinary.com\/iserieu\/image\/upload\/v1691000263\/tmk\/bedenegitimi\/Selda_Cenkova.webp","contentUrl":"https:\/\/res.cloudinary.com\/iserieu\/image\/upload\/v1691000263\/tmk\/bedenegitimi\/Selda_Cenkova.webp"},{"@type":"BreadcrumbList","@id":"https:\/\/turkmaarifkoleji.org\/beden-egitimi-bolumu\/#breadcrumb","itemListElement":[{"@type":"ListItem","position":1,"name":"Anasayfa","item":"https:\/\/turkmaarifkoleji.org\/"},{"@type":"ListItem","position":2,"name":"Beden E\u011fitimi B\u00f6l\u00fcm\u00fc"}]},{"@type":"WebSite","@id":"https:\/\/turkmaarifkoleji.org\/en\/#website","url":"https:\/\/turkmaarifkoleji.org\/en\/","name":"T\u00fcrk Maarif College","description":"A Gateway to the World","publisher":{"@id":"https:\/\/turkmaarifkoleji.org\/en\/#organization"},"potentialAction":[{"@type":"SearchAction","target":{"@type":"EntryPoint","urlTemplate":"https:\/\/turkmaarifkoleji.org\/en\/?s={search_term_string}"},"query-input":{"@type":"PropertyValueSpecification","valueRequired":true,"valueName":"search_term_string"}}],"inLanguage":"en-US"},{"@type":"Organization","@id":"https:\/\/turkmaarifkoleji.org\/en\/#organization","name":"T\u00fcrk Maarif College","alternateName":"TMK","url":"https:\/\/turkmaarifkoleji.org\/en\/","logo":{"@type":"ImageObject","inLanguage":"en-US","@id":"https:\/\/turkmaarifkoleji.org\/en\/#\/schema\/logo\/image\/","url":"https:\/\/turkmaarifkoleji.org\/wp-content\/uploads\/2023\/08\/Turk_Maarif_Koleji-1.svg","contentUrl":"https:\/\/turkmaarifkoleji.org\/wp-content\/uploads\/2023\/08\/Turk_Maarif_Koleji-1.svg","width":120,"height":160,"caption":"T\u00fcrk Maarif Koleji"},"image":{"@id":"https:\/\/turkmaarifkoleji.org\/en\/#\/schema\/logo\/image\/"},"sameAs":["https:\/\/www.facebook.com\/tmkcyprus\/","https:\/\/www.instagram.com\/turkmaarifkolejitmk\/"]}]}},"_links":{"self":[{"href":"https:\/\/turkmaarifkoleji.org\/en\/wp-json\/wp\/v2\/pages\/2902","targetHints":{"allow":["GET"]}}],"collection":[{"href":"https:\/\/turkmaarifkoleji.org\/en\/wp-json\/wp\/v2\/pages"}],"about":[{"href":"https:\/\/turkmaarifkoleji.org\/en\/wp-json\/wp\/v2\/types\/page"}],"author":[{"embeddable":true,"href":"https:\/\/turkmaarifkoleji.org\/en\/wp-json\/wp\/v2\/users\/1"}],"replies":[{"embeddable":true,"href":"https:\/\/turkmaarifkoleji.org\/en\/wp-json\/wp\/v2\/comments?post=2902"}],"version-history":[{"count":0,"href":"https:\/\/turkmaarifkoleji.org\/en\/wp-json\/wp\/v2\/pages\/2902\/revisions"}],"wp:attachment":[{"href":"https:\/\/turkmaarifkoleji.org\/en\/wp-json\/wp\/v2\/media?parent=2902"}],"curies":[{"name":"wp","href":"https:\/\/api.w.org\/{rel}","templated":true}]}}