{"id":2478,"date":"2023-08-09T13:15:57","date_gmt":"2023-08-09T10:15:57","guid":{"rendered":"https:\/\/college.iseri.eu\/?page_id=2478"},"modified":"2023-12-19T11:33:24","modified_gmt":"2023-12-19T09:33:24","slug":"spor","status":"publish","type":"page","link":"https:\/\/turkmaarifkoleji.org\/en\/spor\/","title":{"rendered":"spor"},"content":{"rendered":"<div data-elementor-type=\"wp-page\" data-elementor-id=\"2478\" class=\"elementor elementor-2478\">\n\t\t\t\t<div class=\"elementor-element elementor-element-ca0022b e-flex e-con-boxed e-con e-parent\" data-id=\"ca0022b\" data-element_type=\"container\" data-settings=\"{&quot;background_background&quot;:&quot;classic&quot;}\">\n\t\t\t\t\t<div class=\"e-con-inner\">\n\t\t\t\t<div class=\"elementor-element elementor-element-9a683d7 elementor-widget elementor-widget-heading\" data-id=\"9a683d7\" data-element_type=\"widget\" data-widget_type=\"heading.default\">\n\t\t\t\t<div class=\"elementor-widget-container\">\n\t\t\t\t\t<h2 class=\"elementor-heading-title elementor-size-default\">Sports Activities<\/h2>\t\t\t\t<\/div>\n\t\t\t\t<\/div>\n\t\t\t\t\t<\/div>\n\t\t\t\t<\/div>\n\t\t<div class=\"elementor-element elementor-element-693af86 e-flex e-con-boxed e-con e-parent\" data-id=\"693af86\" data-element_type=\"container\">\n\t\t\t\t\t<div class=\"e-con-inner\">\n\t\t\t\t<div class=\"elementor-element elementor-element-31422f2 elementor-widget elementor-widget-image\" data-id=\"31422f2\" data-element_type=\"widget\" data-widget_type=\"image.default\">\n\t\t\t\t<div class=\"elementor-widget-container\">\n\t\t\t\t\t\t\t\t\t\t\t\t\t\t\t\t<a href=\"https:\/\/turkmaarifkoleji.org\/wp-content\/uploads\/2023\/08\/1-1.jpeg\" data-elementor-open-lightbox=\"yes\" data-e-action-hash=\"#elementor-action%3Aaction%3Dlightbox%26settings%3DeyJpZCI6MjQ4MCwidXJsIjoiaHR0cHM6XC9cL3R1cmttYWFyaWZrb2xlamkub3JnXC93cC1jb250ZW50XC91cGxvYWRzXC8yMDIzXC8wOFwvMS0xLmpwZWcifQ%3D%3D\">\n\t\t\t\t\t\t\t<img fetchpriority=\"high\" decoding=\"async\" width=\"1024\" height=\"1024\" src=\"https:\/\/turkmaarifkoleji.org\/wp-content\/uploads\/2023\/08\/1-1-1024x1024.jpeg\" class=\"attachment-large size-large wp-image-2480\" alt=\"\" srcset=\"https:\/\/turkmaarifkoleji.org\/wp-content\/uploads\/2023\/08\/1-1-1024x1024.jpeg 1024w, https:\/\/turkmaarifkoleji.org\/wp-content\/uploads\/2023\/08\/1-1-300x300.jpeg 300w, https:\/\/turkmaarifkoleji.org\/wp-content\/uploads\/2023\/08\/1-1-150x150.jpeg 150w, https:\/\/turkmaarifkoleji.org\/wp-content\/uploads\/2023\/08\/1-1-768x768.jpeg 768w, https:\/\/turkmaarifkoleji.org\/wp-content\/uploads\/2023\/08\/1-1-1536x1536.jpeg 1536w, https:\/\/turkmaarifkoleji.org\/wp-content\/uploads\/2023\/08\/1-1-12x12.jpeg 12w, https:\/\/turkmaarifkoleji.org\/wp-content\/uploads\/2023\/08\/1-1-600x600.jpeg 600w, https:\/\/turkmaarifkoleji.org\/wp-content\/uploads\/2023\/08\/1-1.jpeg 1600w\" sizes=\"(max-width: 1024px) 100vw, 1024px\" \/>\t\t\t\t\t\t\t\t<\/a>\n\t\t\t\t\t\t\t\t\t\t\t\t\t\t\t<\/div>\n\t\t\t\t<\/div>\n\t\t\t\t<div class=\"elementor-element elementor-element-991084a elementor-widget elementor-widget-image\" data-id=\"991084a\" data-element_type=\"widget\" data-widget_type=\"image.default\">\n\t\t\t\t<div class=\"elementor-widget-container\">\n\t\t\t\t\t\t\t\t\t\t\t\t\t\t\t\t<a href=\"https:\/\/turkmaarifkoleji.org\/wp-content\/uploads\/2023\/08\/2-1.jpeg\" data-elementor-open-lightbox=\"yes\" data-e-action-hash=\"#elementor-action%3Aaction%3Dlightbox%26settings%3DeyJpZCI6MjQ4MSwidXJsIjoiaHR0cHM6XC9cL3R1cmttYWFyaWZrb2xlamkub3JnXC93cC1jb250ZW50XC91cGxvYWRzXC8yMDIzXC8wOFwvMi0xLmpwZWcifQ%3D%3D\">\n\t\t\t\t\t\t\t<img decoding=\"async\" width=\"1024\" height=\"1024\" src=\"https:\/\/turkmaarifkoleji.org\/wp-content\/uploads\/2023\/08\/2-1-1024x1024.jpeg\" class=\"attachment-large size-large wp-image-2481\" alt=\"\" srcset=\"https:\/\/turkmaarifkoleji.org\/wp-content\/uploads\/2023\/08\/2-1-1024x1024.jpeg 1024w, https:\/\/turkmaarifkoleji.org\/wp-content\/uploads\/2023\/08\/2-1-300x300.jpeg 300w, https:\/\/turkmaarifkoleji.org\/wp-content\/uploads\/2023\/08\/2-1-150x150.jpeg 150w, https:\/\/turkmaarifkoleji.org\/wp-content\/uploads\/2023\/08\/2-1-768x768.jpeg 768w, https:\/\/turkmaarifkoleji.org\/wp-content\/uploads\/2023\/08\/2-1-1536x1536.jpeg 1536w, https:\/\/turkmaarifkoleji.org\/wp-content\/uploads\/2023\/08\/2-1-12x12.jpeg 12w, https:\/\/turkmaarifkoleji.org\/wp-content\/uploads\/2023\/08\/2-1-600x600.jpeg 600w, https:\/\/turkmaarifkoleji.org\/wp-content\/uploads\/2023\/08\/2-1.jpeg 1600w\" sizes=\"(max-width: 1024px) 100vw, 1024px\" \/>\t\t\t\t\t\t\t\t<\/a>\n\t\t\t\t\t\t\t\t\t\t\t\t\t\t\t<\/div>\n\t\t\t\t<\/div>\n\t\t\t\t<div class=\"elementor-element elementor-element-e356c4c elementor-widget elementor-widget-image\" data-id=\"e356c4c\" data-element_type=\"widget\" data-widget_type=\"image.default\">\n\t\t\t\t<div class=\"elementor-widget-container\">\n\t\t\t\t\t\t\t\t\t\t\t\t\t\t\t\t<a href=\"https:\/\/turkmaarifkoleji.org\/wp-content\/uploads\/2023\/08\/3-1.jpeg\" data-elementor-open-lightbox=\"yes\" data-e-action-hash=\"#elementor-action%3Aaction%3Dlightbox%26settings%3DeyJpZCI6MjQ4MiwidXJsIjoiaHR0cHM6XC9cL3R1cmttYWFyaWZrb2xlamkub3JnXC93cC1jb250ZW50XC91cGxvYWRzXC8yMDIzXC8wOFwvMy0xLmpwZWcifQ%3D%3D\">\n\t\t\t\t\t\t\t<img decoding=\"async\" width=\"1024\" height=\"1024\" src=\"https:\/\/turkmaarifkoleji.org\/wp-content\/uploads\/2023\/08\/3-1-1024x1024.jpeg\" class=\"attachment-large size-large wp-image-2482\" alt=\"\" srcset=\"https:\/\/turkmaarifkoleji.org\/wp-content\/uploads\/2023\/08\/3-1-1024x1024.jpeg 1024w, https:\/\/turkmaarifkoleji.org\/wp-content\/uploads\/2023\/08\/3-1-300x300.jpeg 300w, https:\/\/turkmaarifkoleji.org\/wp-content\/uploads\/2023\/08\/3-1-150x150.jpeg 150w, https:\/\/turkmaarifkoleji.org\/wp-content\/uploads\/2023\/08\/3-1-768x768.jpeg 768w, https:\/\/turkmaarifkoleji.org\/wp-content\/uploads\/2023\/08\/3-1-1536x1536.jpeg 1536w, https:\/\/turkmaarifkoleji.org\/wp-content\/uploads\/2023\/08\/3-1-12x12.jpeg 12w, https:\/\/turkmaarifkoleji.org\/wp-content\/uploads\/2023\/08\/3-1-600x600.jpeg 600w, https:\/\/turkmaarifkoleji.org\/wp-content\/uploads\/2023\/08\/3-1.jpeg 1600w\" sizes=\"(max-width: 1024px) 100vw, 1024px\" \/>\t\t\t\t\t\t\t\t<\/a>\n\t\t\t\t\t\t\t\t\t\t\t\t\t\t\t<\/div>\n\t\t\t\t<\/div>\n\t\t\t\t<div class=\"elementor-element elementor-element-b4ef00a elementor-widget elementor-widget-image\" data-id=\"b4ef00a\" data-element_type=\"widget\" data-widget_type=\"image.default\">\n\t\t\t\t<div class=\"elementor-widget-container\">\n\t\t\t\t\t\t\t\t\t\t\t\t\t\t\t\t<a href=\"https:\/\/turkmaarifkoleji.org\/wp-content\/uploads\/2023\/08\/4-1.jpeg\" data-elementor-open-lightbox=\"yes\" data-e-action-hash=\"#elementor-action%3Aaction%3Dlightbox%26settings%3DeyJpZCI6MjQ4MywidXJsIjoiaHR0cHM6XC9cL3R1cmttYWFyaWZrb2xlamkub3JnXC93cC1jb250ZW50XC91cGxvYWRzXC8yMDIzXC8wOFwvNC0xLmpwZWcifQ%3D%3D\">\n\t\t\t\t\t\t\t<img loading=\"lazy\" decoding=\"async\" width=\"769\" height=\"1024\" src=\"https:\/\/turkmaarifkoleji.org\/wp-content\/uploads\/2023\/08\/4-1-769x1024.jpeg\" class=\"attachment-large size-large wp-image-2483\" alt=\"\" srcset=\"https:\/\/turkmaarifkoleji.org\/wp-content\/uploads\/2023\/08\/4-1-769x1024.jpeg 769w, https:\/\/turkmaarifkoleji.org\/wp-content\/uploads\/2023\/08\/4-1-225x300.jpeg 225w, https:\/\/turkmaarifkoleji.org\/wp-content\/uploads\/2023\/08\/4-1-768x1023.jpeg 768w, https:\/\/turkmaarifkoleji.org\/wp-content\/uploads\/2023\/08\/4-1-1153x1536.jpeg 1153w, https:\/\/turkmaarifkoleji.org\/wp-content\/uploads\/2023\/08\/4-1-9x12.jpeg 9w, https:\/\/turkmaarifkoleji.org\/wp-content\/uploads\/2023\/08\/4-1.jpeg 1201w\" sizes=\"(max-width: 769px) 100vw, 769px\" \/>\t\t\t\t\t\t\t\t<\/a>\n\t\t\t\t\t\t\t\t\t\t\t\t\t\t\t<\/div>\n\t\t\t\t<\/div>\n\t\t\t\t\t<\/div>\n\t\t\t\t<\/div>\n\t\t<div class=\"elementor-element elementor-element-79f9e5e e-flex e-con-boxed e-con e-parent\" data-id=\"79f9e5e\" data-element_type=\"container\">\n\t\t\t\t\t<div class=\"e-con-inner\">\n\t\t<div class=\"elementor-element elementor-element-b424e3f e-con-full e-flex e-con e-child\" data-id=\"b424e3f\" data-element_type=\"container\">\n\t\t\t\t<\/div>\n\t\t\t\t<div class=\"elementor-element elementor-element-7c00818 elementor-widget elementor-widget-image\" data-id=\"7c00818\" data-element_type=\"widget\" data-widget_type=\"image.default\">\n\t\t\t\t<div class=\"elementor-widget-container\">\n\t\t\t\t\t\t\t\t\t\t\t\t\t\t\t\t<a href=\"https:\/\/turkmaarifkoleji.org\/wp-content\/uploads\/2023\/08\/5-1.jpeg\" data-elementor-open-lightbox=\"yes\" data-e-action-hash=\"#elementor-action%3Aaction%3Dlightbox%26settings%3DeyJpZCI6MjQ4NCwidXJsIjoiaHR0cHM6XC9cL3R1cmttYWFyaWZrb2xlamkub3JnXC93cC1jb250ZW50XC91cGxvYWRzXC8yMDIzXC8wOFwvNS0xLmpwZWcifQ%3D%3D\">\n\t\t\t\t\t\t\t<img loading=\"lazy\" decoding=\"async\" width=\"769\" height=\"1024\" src=\"https:\/\/turkmaarifkoleji.org\/wp-content\/uploads\/2023\/08\/5-1-769x1024.jpeg\" class=\"attachment-large size-large wp-image-2484\" alt=\"\" srcset=\"https:\/\/turkmaarifkoleji.org\/wp-content\/uploads\/2023\/08\/5-1-769x1024.jpeg 769w, https:\/\/turkmaarifkoleji.org\/wp-content\/uploads\/2023\/08\/5-1-225x300.jpeg 225w, https:\/\/turkmaarifkoleji.org\/wp-content\/uploads\/2023\/08\/5-1-768x1023.jpeg 768w, https:\/\/turkmaarifkoleji.org\/wp-content\/uploads\/2023\/08\/5-1-1153x1536.jpeg 1153w, https:\/\/turkmaarifkoleji.org\/wp-content\/uploads\/2023\/08\/5-1-9x12.jpeg 9w, https:\/\/turkmaarifkoleji.org\/wp-content\/uploads\/2023\/08\/5-1.jpeg 1201w\" sizes=\"(max-width: 769px) 100vw, 769px\" \/>\t\t\t\t\t\t\t\t<\/a>\n\t\t\t\t\t\t\t\t\t\t\t\t\t\t\t<\/div>\n\t\t\t\t<\/div>\n\t\t\t\t<div class=\"elementor-element elementor-element-af614aa elementor-widget elementor-widget-image\" data-id=\"af614aa\" data-element_type=\"widget\" data-widget_type=\"image.default\">\n\t\t\t\t<div class=\"elementor-widget-container\">\n\t\t\t\t\t\t\t\t\t\t\t\t\t\t\t\t<a href=\"https:\/\/turkmaarifkoleji.org\/wp-content\/uploads\/2023\/08\/6-1.jpeg\" data-elementor-open-lightbox=\"yes\" data-e-action-hash=\"#elementor-action%3Aaction%3Dlightbox%26settings%3DeyJpZCI6MjQ4NSwidXJsIjoiaHR0cHM6XC9cL3R1cmttYWFyaWZrb2xlamkub3JnXC93cC1jb250ZW50XC91cGxvYWRzXC8yMDIzXC8wOFwvNi0xLmpwZWcifQ%3D%3D\">\n\t\t\t\t\t\t\t<img loading=\"lazy\" decoding=\"async\" width=\"769\" height=\"1024\" src=\"https:\/\/turkmaarifkoleji.org\/wp-content\/uploads\/2023\/08\/6-1-769x1024.jpeg\" class=\"attachment-large size-large wp-image-2485\" alt=\"\" srcset=\"https:\/\/turkmaarifkoleji.org\/wp-content\/uploads\/2023\/08\/6-1-769x1024.jpeg 769w, https:\/\/turkmaarifkoleji.org\/wp-content\/uploads\/2023\/08\/6-1-225x300.jpeg 225w, https:\/\/turkmaarifkoleji.org\/wp-content\/uploads\/2023\/08\/6-1-768x1023.jpeg 768w, https:\/\/turkmaarifkoleji.org\/wp-content\/uploads\/2023\/08\/6-1-1153x1536.jpeg 1153w, https:\/\/turkmaarifkoleji.org\/wp-content\/uploads\/2023\/08\/6-1-9x12.jpeg 9w, https:\/\/turkmaarifkoleji.org\/wp-content\/uploads\/2023\/08\/6-1.jpeg 1201w\" sizes=\"(max-width: 769px) 100vw, 769px\" \/>\t\t\t\t\t\t\t\t<\/a>\n\t\t\t\t\t\t\t\t\t\t\t\t\t\t\t<\/div>\n\t\t\t\t<\/div>\n\t\t\t\t<div class=\"elementor-element elementor-element-aa21b11 elementor-widget elementor-widget-image\" data-id=\"aa21b11\" data-element_type=\"widget\" data-widget_type=\"image.default\">\n\t\t\t\t<div class=\"elementor-widget-container\">\n\t\t\t\t\t\t\t\t\t\t\t\t\t\t\t\t<a href=\"https:\/\/turkmaarifkoleji.org\/wp-content\/uploads\/2023\/08\/7-1.jpeg\" data-elementor-open-lightbox=\"yes\" data-e-action-hash=\"#elementor-action%3Aaction%3Dlightbox%26settings%3DeyJpZCI6MjQ4NiwidXJsIjoiaHR0cHM6XC9cL3R1cmttYWFyaWZrb2xlamkub3JnXC93cC1jb250ZW50XC91cGxvYWRzXC8yMDIzXC8wOFwvNy0xLmpwZWcifQ%3D%3D\">\n\t\t\t\t\t\t\t<img loading=\"lazy\" decoding=\"async\" width=\"1024\" height=\"1024\" src=\"https:\/\/turkmaarifkoleji.org\/wp-content\/uploads\/2023\/08\/7-1-1024x1024.jpeg\" class=\"attachment-large size-large wp-image-2486\" alt=\"\" srcset=\"https:\/\/turkmaarifkoleji.org\/wp-content\/uploads\/2023\/08\/7-1-1024x1024.jpeg 1024w, https:\/\/turkmaarifkoleji.org\/wp-content\/uploads\/2023\/08\/7-1-300x300.jpeg 300w, https:\/\/turkmaarifkoleji.org\/wp-content\/uploads\/2023\/08\/7-1-150x150.jpeg 150w, https:\/\/turkmaarifkoleji.org\/wp-content\/uploads\/2023\/08\/7-1-768x768.jpeg 768w, https:\/\/turkmaarifkoleji.org\/wp-content\/uploads\/2023\/08\/7-1-1536x1536.jpeg 1536w, https:\/\/turkmaarifkoleji.org\/wp-content\/uploads\/2023\/08\/7-1-12x12.jpeg 12w, https:\/\/turkmaarifkoleji.org\/wp-content\/uploads\/2023\/08\/7-1-600x600.jpeg 600w, https:\/\/turkmaarifkoleji.org\/wp-content\/uploads\/2023\/08\/7-1.jpeg 1600w\" sizes=\"(max-width: 1024px) 100vw, 1024px\" \/>\t\t\t\t\t\t\t\t<\/a>\n\t\t\t\t\t\t\t\t\t\t\t\t\t\t\t<\/div>\n\t\t\t\t<\/div>\n\t\t\t\t\t<\/div>\n\t\t\t\t<\/div>\n\t\t\t\t<\/div>","protected":false},"excerpt":{"rendered":"<p>Sports Activities<\/p>","protected":false},"author":1,"featured_media":0,"parent":0,"menu_order":0,"comment_status":"closed","ping_status":"closed","template":"elementor_header_footer","meta":{"_kad_post_transparent":"default","_kad_post_title":"default","_kad_post_layout":"default","_kad_post_sidebar_id":"","_kad_post_content_style":"default","_kad_post_vertical_padding":"default","_kad_post_feature":"","_kad_post_feature_position":"","_kad_post_header":false,"_kad_post_footer":false,"footnotes":""},"class_list":["post-2478","page","type-page","status-publish","hentry"],"yoast_head":"<!-- This site is optimized with the Yoast SEO plugin v25.9 - https:\/\/yoast.com\/wordpress\/plugins\/seo\/ -->\n<title>spor - T\u00fcrk Maarif Koleji<\/title>\n<meta name=\"robots\" content=\"index, follow, max-snippet:-1, max-image-preview:large, max-video-preview:-1\" \/>\n<link rel=\"canonical\" href=\"https:\/\/turkmaarifkoleji.org\/en\/spor\/\" \/>\n<meta property=\"og:locale\" content=\"en_US\" \/>\n<meta property=\"og:type\" content=\"article\" \/>\n<meta property=\"og:title\" content=\"spor - T\u00fcrk Maarif Koleji\" \/>\n<meta property=\"og:description\" content=\"Spor Aktiviteleri\" \/>\n<meta property=\"og:url\" content=\"https:\/\/turkmaarifkoleji.org\/en\/spor\/\" \/>\n<meta property=\"og:site_name\" content=\"T\u00fcrk Maarif Koleji\" \/>\n<meta property=\"article:publisher\" content=\"https:\/\/www.facebook.com\/tmkcyprus\/\" \/>\n<meta property=\"article:modified_time\" content=\"2023-12-19T09:33:24+00:00\" \/>\n<meta property=\"og:image\" content=\"https:\/\/turkmaarifkoleji.org\/wp-content\/uploads\/2023\/08\/1-1-1024x1024.jpeg\" \/>\n<meta name=\"twitter:card\" content=\"summary_large_image\" \/>\n<meta name=\"twitter:label1\" content=\"Est. reading time\" \/>\n\t<meta name=\"twitter:data1\" content=\"2 minutes\" \/>\n<script type=\"application\/ld+json\" class=\"yoast-schema-graph\">{\"@context\":\"https:\/\/schema.org\",\"@graph\":[{\"@type\":\"WebPage\",\"@id\":\"https:\/\/turkmaarifkoleji.org\/spor\/\",\"url\":\"https:\/\/turkmaarifkoleji.org\/spor\/\",\"name\":\"spor - T\u00fcrk Maarif Koleji\",\"isPartOf\":{\"@id\":\"https:\/\/turkmaarifkoleji.org\/en\/#website\"},\"primaryImageOfPage\":{\"@id\":\"https:\/\/turkmaarifkoleji.org\/spor\/#primaryimage\"},\"image\":{\"@id\":\"https:\/\/turkmaarifkoleji.org\/spor\/#primaryimage\"},\"thumbnailUrl\":\"https:\/\/turkmaarifkoleji.org\/wp-content\/uploads\/2023\/08\/1-1-1024x1024.jpeg\",\"datePublished\":\"2023-08-09T10:15:57+00:00\",\"dateModified\":\"2023-12-19T09:33:24+00:00\",\"breadcrumb\":{\"@id\":\"https:\/\/turkmaarifkoleji.org\/spor\/#breadcrumb\"},\"inLanguage\":\"en-US\",\"potentialAction\":[{\"@type\":\"ReadAction\",\"target\":[\"https:\/\/turkmaarifkoleji.org\/spor\/\"]}]},{\"@type\":\"ImageObject\",\"inLanguage\":\"en-US\",\"@id\":\"https:\/\/turkmaarifkoleji.org\/spor\/#primaryimage\",\"url\":\"https:\/\/turkmaarifkoleji.org\/wp-content\/uploads\/2023\/08\/1-1-1024x1024.jpeg\",\"contentUrl\":\"https:\/\/turkmaarifkoleji.org\/wp-content\/uploads\/2023\/08\/1-1-1024x1024.jpeg\"},{\"@type\":\"BreadcrumbList\",\"@id\":\"https:\/\/turkmaarifkoleji.org\/spor\/#breadcrumb\",\"itemListElement\":[{\"@type\":\"ListItem\",\"position\":1,\"name\":\"Anasayfa\",\"item\":\"https:\/\/turkmaarifkoleji.org\/\"},{\"@type\":\"ListItem\",\"position\":2,\"name\":\"spor\"}]},{\"@type\":\"WebSite\",\"@id\":\"https:\/\/turkmaarifkoleji.org\/en\/#website\",\"url\":\"https:\/\/turkmaarifkoleji.org\/en\/\",\"name\":\"T\u00fcrk Maarif Koleji\",\"description\":\"D\u00fcnyaya A\u00e7\u0131lan Kap\u0131\",\"publisher\":{\"@id\":\"https:\/\/turkmaarifkoleji.org\/en\/#organization\"},\"potentialAction\":[{\"@type\":\"SearchAction\",\"target\":{\"@type\":\"EntryPoint\",\"urlTemplate\":\"https:\/\/turkmaarifkoleji.org\/en\/?s={search_term_string}\"},\"query-input\":{\"@type\":\"PropertyValueSpecification\",\"valueRequired\":true,\"valueName\":\"search_term_string\"}}],\"inLanguage\":\"en-US\"},{\"@type\":\"Organization\",\"@id\":\"https:\/\/turkmaarifkoleji.org\/en\/#organization\",\"name\":\"T\u00fcrk Maarif Koleji\",\"alternateName\":\"TMK\",\"url\":\"https:\/\/turkmaarifkoleji.org\/en\/\",\"logo\":{\"@type\":\"ImageObject\",\"inLanguage\":\"en-US\",\"@id\":\"https:\/\/turkmaarifkoleji.org\/en\/#\/schema\/logo\/image\/\",\"url\":\"https:\/\/turkmaarifkoleji.org\/wp-content\/uploads\/2023\/08\/Turk_Maarif_Koleji-1.svg\",\"contentUrl\":\"https:\/\/turkmaarifkoleji.org\/wp-content\/uploads\/2023\/08\/Turk_Maarif_Koleji-1.svg\",\"width\":120,\"height\":160,\"caption\":\"T\u00fcrk Maarif Koleji\"},\"image\":{\"@id\":\"https:\/\/turkmaarifkoleji.org\/en\/#\/schema\/logo\/image\/\"},\"sameAs\":[\"https:\/\/www.facebook.com\/tmkcyprus\/\",\"https:\/\/www.instagram.com\/turkmaarifkolejitmk\/\"]}]}<\/script>\n<!-- \/ Yoast SEO plugin. -->","yoast_head_json":{"title":"spor - T\u00fcrk Maarif Koleji","robots":{"index":"index","follow":"follow","max-snippet":"max-snippet:-1","max-image-preview":"max-image-preview:large","max-video-preview":"max-video-preview:-1"},"canonical":"https:\/\/turkmaarifkoleji.org\/en\/spor\/","og_locale":"en_US","og_type":"article","og_title":"spor - T\u00fcrk Maarif Koleji","og_description":"Spor Aktiviteleri","og_url":"https:\/\/turkmaarifkoleji.org\/en\/spor\/","og_site_name":"T\u00fcrk Maarif Koleji","article_publisher":"https:\/\/www.facebook.com\/tmkcyprus\/","article_modified_time":"2023-12-19T09:33:24+00:00","og_image":[{"url":"https:\/\/turkmaarifkoleji.org\/wp-content\/uploads\/2023\/08\/1-1-1024x1024.jpeg","type":"","width":"","height":""}],"twitter_card":"summary_large_image","twitter_misc":{"Est. reading time":"2 minutes"},"schema":{"@context":"https:\/\/schema.org","@graph":[{"@type":"WebPage","@id":"https:\/\/turkmaarifkoleji.org\/spor\/","url":"https:\/\/turkmaarifkoleji.org\/spor\/","name":"spor - T\u00fcrk Maarif Koleji","isPartOf":{"@id":"https:\/\/turkmaarifkoleji.org\/en\/#website"},"primaryImageOfPage":{"@id":"https:\/\/turkmaarifkoleji.org\/spor\/#primaryimage"},"image":{"@id":"https:\/\/turkmaarifkoleji.org\/spor\/#primaryimage"},"thumbnailUrl":"https:\/\/turkmaarifkoleji.org\/wp-content\/uploads\/2023\/08\/1-1-1024x1024.jpeg","datePublished":"2023-08-09T10:15:57+00:00","dateModified":"2023-12-19T09:33:24+00:00","breadcrumb":{"@id":"https:\/\/turkmaarifkoleji.org\/spor\/#breadcrumb"},"inLanguage":"en-US","potentialAction":[{"@type":"ReadAction","target":["https:\/\/turkmaarifkoleji.org\/spor\/"]}]},{"@type":"ImageObject","inLanguage":"en-US","@id":"https:\/\/turkmaarifkoleji.org\/spor\/#primaryimage","url":"https:\/\/turkmaarifkoleji.org\/wp-content\/uploads\/2023\/08\/1-1-1024x1024.jpeg","contentUrl":"https:\/\/turkmaarifkoleji.org\/wp-content\/uploads\/2023\/08\/1-1-1024x1024.jpeg"},{"@type":"BreadcrumbList","@id":"https:\/\/turkmaarifkoleji.org\/spor\/#breadcrumb","itemListElement":[{"@type":"ListItem","position":1,"name":"Anasayfa","item":"https:\/\/turkmaarifkoleji.org\/"},{"@type":"ListItem","position":2,"name":"spor"}]},{"@type":"WebSite","@id":"https:\/\/turkmaarifkoleji.org\/en\/#website","url":"https:\/\/turkmaarifkoleji.org\/en\/","name":"T\u00fcrk Maarif College","description":"A Gateway to the World","publisher":{"@id":"https:\/\/turkmaarifkoleji.org\/en\/#organization"},"potentialAction":[{"@type":"SearchAction","target":{"@type":"EntryPoint","urlTemplate":"https:\/\/turkmaarifkoleji.org\/en\/?s={search_term_string}"},"query-input":{"@type":"PropertyValueSpecification","valueRequired":true,"valueName":"search_term_string"}}],"inLanguage":"en-US"},{"@type":"Organization","@id":"https:\/\/turkmaarifkoleji.org\/en\/#organization","name":"T\u00fcrk Maarif College","alternateName":"TMK","url":"https:\/\/turkmaarifkoleji.org\/en\/","logo":{"@type":"ImageObject","inLanguage":"en-US","@id":"https:\/\/turkmaarifkoleji.org\/en\/#\/schema\/logo\/image\/","url":"https:\/\/turkmaarifkoleji.org\/wp-content\/uploads\/2023\/08\/Turk_Maarif_Koleji-1.svg","contentUrl":"https:\/\/turkmaarifkoleji.org\/wp-content\/uploads\/2023\/08\/Turk_Maarif_Koleji-1.svg","width":120,"height":160,"caption":"T\u00fcrk Maarif Koleji"},"image":{"@id":"https:\/\/turkmaarifkoleji.org\/en\/#\/schema\/logo\/image\/"},"sameAs":["https:\/\/www.facebook.com\/tmkcyprus\/","https:\/\/www.instagram.com\/turkmaarifkolejitmk\/"]}]}},"_links":{"self":[{"href":"https:\/\/turkmaarifkoleji.org\/en\/wp-json\/wp\/v2\/pages\/2478","targetHints":{"allow":["GET"]}}],"collection":[{"href":"https:\/\/turkmaarifkoleji.org\/en\/wp-json\/wp\/v2\/pages"}],"about":[{"href":"https:\/\/turkmaarifkoleji.org\/en\/wp-json\/wp\/v2\/types\/page"}],"author":[{"embeddable":true,"href":"https:\/\/turkmaarifkoleji.org\/en\/wp-json\/wp\/v2\/users\/1"}],"replies":[{"embeddable":true,"href":"https:\/\/turkmaarifkoleji.org\/en\/wp-json\/wp\/v2\/comments?post=2478"}],"version-history":[{"count":0,"href":"https:\/\/turkmaarifkoleji.org\/en\/wp-json\/wp\/v2\/pages\/2478\/revisions"}],"wp:attachment":[{"href":"https:\/\/turkmaarifkoleji.org\/en\/wp-json\/wp\/v2\/media?parent=2478"}],"curies":[{"name":"wp","href":"https:\/\/api.w.org\/{rel}","templated":true}]}}