{"id":1850,"date":"2023-07-31T12:38:55","date_gmt":"2023-07-31T09:38:55","guid":{"rendered":"https:\/\/college.iseri.eu\/?page_id=1850"},"modified":"2025-06-28T23:15:16","modified_gmt":"2025-06-28T20:15:16","slug":"kitap-kulubu","status":"publish","type":"page","link":"https:\/\/turkmaarifkoleji.org\/en\/kitap-kulubu\/","title":{"rendered":"kitap k\u00fcl\u00fcb\u00fc"},"content":{"rendered":"<div data-elementor-type=\"wp-page\" data-elementor-id=\"1850\" class=\"elementor elementor-1850\">\n\t\t\t\t<div class=\"elementor-element elementor-element-aeb4499 e-flex e-con-boxed e-con e-parent\" data-id=\"aeb4499\" data-element_type=\"container\" data-settings=\"{&quot;background_background&quot;:&quot;classic&quot;}\">\n\t\t\t\t\t<div class=\"e-con-inner\">\n\t\t\t\t<div class=\"elementor-element elementor-element-6ec5185 elementor-widget elementor-widget-heading\" data-id=\"6ec5185\" data-element_type=\"widget\" data-widget_type=\"heading.default\">\n\t\t\t\t<div class=\"elementor-widget-container\">\n\t\t\t\t\t<h1 class=\"elementor-heading-title elementor-size-default\">Book Club<\/h1>\t\t\t\t<\/div>\n\t\t\t\t<\/div>\n\t\t\t\t\t<\/div>\n\t\t\t\t<\/div>\n\t\t<div class=\"elementor-element elementor-element-e7c937d e-flex e-con-boxed e-con e-parent\" data-id=\"e7c937d\" data-element_type=\"container\">\n\t\t\t\t\t<div class=\"e-con-inner\">\n\t\t\t\t<div class=\"elementor-element elementor-element-bd71e14 elementor-widget elementor-widget-text-editor\" data-id=\"bd71e14\" data-element_type=\"widget\" data-widget_type=\"text-editor.default\">\n\t\t\t\t<div class=\"elementor-widget-container\">\n\t\t\t\t\t\t\t\t\t<p><span class=\"x193iq5w xeuugli x13faqbe x1vvkbs x1xmvt09 x1lliihq x1s928wv xhkezso x1gmr53x x1cpjm7i x1fgarty x1943h6x xudqn12 x3x7a5m x6prxxf xvq8zen xo1l8bm xzsf02u x1yc453h\" dir=\"auto\">TMK Kitap Kul\u00fcb\u00fc okumaya, yorumlamaya devam ediyor. \u015eermin Ya\u015far&#8217;\u0131n, Para A\u011fac\u0131 kitab\u0131n\u0131 okuduk, her y\u00f6n\u00fcyle de\u011ferlendirdik, hayal g\u00fcc\u00fcm\u00fcz\u00fcn ve d\u00fc\u015f\u00fcnce ufkumuzun s\u0131n\u0131rlar\u0131n\u0131 farkettik. Hayatta de\u011ferli olan\u0131n para de\u011fil, hayallerinden ama\u00e7lar\u0131ndan vazge\u00e7meden; aile, \u00e7al\u0131\u015fma, \u00fcretme ve sevgi ba\u011flar\u0131 oldu\u011funu \u00f6z\u00fcmsedik. (Nisan 2025)<\/span><\/p>\t\t\t\t\t\t\t\t<\/div>\n\t\t\t\t<\/div>\n\t\t\t\t\t<\/div>\n\t\t\t\t<\/div>\n\t\t<div class=\"elementor-element elementor-element-120d1ab e-flex e-con-boxed e-con e-parent\" data-id=\"120d1ab\" data-element_type=\"container\">\n\t\t\t\t\t<div class=\"e-con-inner\">\n\t\t<div class=\"elementor-element elementor-element-a3d474f e-con-full e-flex e-con e-child\" data-id=\"a3d474f\" data-element_type=\"container\">\n\t\t\t\t<div class=\"elementor-element elementor-element-7ca16a9 elementor-widget elementor-widget-image\" data-id=\"7ca16a9\" data-element_type=\"widget\" data-widget_type=\"image.default\">\n\t\t\t\t<div class=\"elementor-widget-container\">\n\t\t\t\t\t\t\t\t\t\t\t\t\t\t\t<img decoding=\"async\" src=\"https:\/\/filedn.com\/lMDRdxANDCyYRldQg97VNby\/TMK\/haber\/kitapkulubu\/k1.jpg\" title=\"\" alt=\"k1\" loading=\"lazy\" \/>\t\t\t\t\t\t\t\t\t\t\t\t\t\t\t<\/div>\n\t\t\t\t<\/div>\n\t\t\t\t<\/div>\n\t\t<div class=\"elementor-element elementor-element-d94eaa3 e-con-full e-flex e-con e-child\" data-id=\"d94eaa3\" data-element_type=\"container\">\n\t\t\t\t<div class=\"elementor-element elementor-element-9ecedd9 elementor-widget elementor-widget-image\" data-id=\"9ecedd9\" data-element_type=\"widget\" data-widget_type=\"image.default\">\n\t\t\t\t<div class=\"elementor-widget-container\">\n\t\t\t\t\t\t\t\t\t\t\t\t\t\t\t<img decoding=\"async\" src=\"https:\/\/filedn.com\/lMDRdxANDCyYRldQg97VNby\/TMK\/haber\/kitapkulubu\/k2.jpg\" title=\"\" alt=\"k2\" loading=\"lazy\" \/>\t\t\t\t\t\t\t\t\t\t\t\t\t\t\t<\/div>\n\t\t\t\t<\/div>\n\t\t\t\t<\/div>\n\t\t<div class=\"elementor-element elementor-element-861a4e0 e-con-full e-flex e-con e-child\" data-id=\"861a4e0\" data-element_type=\"container\">\n\t\t\t\t<div class=\"elementor-element elementor-element-466db44 elementor-widget elementor-widget-image\" data-id=\"466db44\" data-element_type=\"widget\" data-widget_type=\"image.default\">\n\t\t\t\t<div class=\"elementor-widget-container\">\n\t\t\t\t\t\t\t\t\t\t\t\t\t\t\t<img decoding=\"async\" src=\"https:\/\/filedn.com\/lMDRdxANDCyYRldQg97VNby\/TMK\/haber\/kitapkulubu\/k3.jpg\" title=\"\" alt=\"k3\" loading=\"lazy\" \/>\t\t\t\t\t\t\t\t\t\t\t\t\t\t\t<\/div>\n\t\t\t\t<\/div>\n\t\t\t\t<\/div>\n\t\t<div class=\"elementor-element elementor-element-081c170 e-con-full e-flex e-con e-child\" data-id=\"081c170\" data-element_type=\"container\">\n\t\t\t\t<div class=\"elementor-element elementor-element-1d4c7b2 elementor-widget elementor-widget-image\" data-id=\"1d4c7b2\" data-element_type=\"widget\" data-widget_type=\"image.default\">\n\t\t\t\t<div class=\"elementor-widget-container\">\n\t\t\t\t\t\t\t\t\t\t\t\t\t\t\t<img decoding=\"async\" src=\"https:\/\/filedn.com\/lMDRdxANDCyYRldQg97VNby\/TMK\/haber\/kitapkulubu\/k4.jpg\" title=\"\" alt=\"k4\" loading=\"lazy\" \/>\t\t\t\t\t\t\t\t\t\t\t\t\t\t\t<\/div>\n\t\t\t\t<\/div>\n\t\t\t\t<\/div>\n\t\t\t\t\t<\/div>\n\t\t\t\t<\/div>\n\t\t<div class=\"elementor-element elementor-element-11347e0 e-flex e-con-boxed e-con e-parent\" data-id=\"11347e0\" data-element_type=\"container\">\n\t\t\t\t\t<div class=\"e-con-inner\">\n\t\t\t\t<div class=\"elementor-element elementor-element-96c5657 elementor-widget-divider--separator-type-pattern elementor-widget-divider--no-spacing elementor-widget-divider--view-line elementor-invisible elementor-widget elementor-widget-divider\" data-id=\"96c5657\" data-element_type=\"widget\" data-settings=\"{&quot;_animation&quot;:&quot;fadeInLeft&quot;}\" data-widget_type=\"divider.default\">\n\t\t\t\t<div class=\"elementor-widget-container\">\n\t\t\t\t\t\t\t<div class=\"elementor-divider\" style=\"--divider-pattern-url: url(&quot;data:image\/svg+xml,%3Csvg xmlns=&#039;http:\/\/www.w3.org\/2000\/svg&#039; preserveAspectRatio=&#039;xMidYMid meet&#039; overflow=&#039;visible&#039; height=&#039;100%&#039; viewBox=&#039;0 0 126 26&#039; fill=&#039;black&#039; stroke=&#039;none&#039;%3E%3Cpath d=&#039;M3,10.2c2.6,0,2.6,2,2.6,3.2S4.4,16.5,3,16.5s-3-1.4-3-3.2S0.4,10.2,3,10.2z M18.8,10.2c1.7,0,3.2,1.4,3.2,3.2s-1.4,3.2-3.2,3.2c-1.7,0-3.2-1.4-3.2-3.2S17,10.2,18.8,10.2z M34.6,10.2c1.5,0,2.6,1.4,2.6,3.2s-0.5,3.2-1.9,3.2c-1.5,0-3.4-1.4-3.4-3.2S33.1,10.2,34.6,10.2z M50.5,10.2c1.7,0,3.2,1.4,3.2,3.2s-1.4,3.2-3.2,3.2c-1.7,0-3.3-0.9-3.3-2.6S48.7,10.2,50.5,10.2z M66.2,10.2c1.5,0,3.4,1.4,3.4,3.2s-1.9,3.2-3.4,3.2c-1.5,0-2.6-0.4-2.6-2.1S64.8,10.2,66.2,10.2z M82.2,10.2c1.7,0.8,2.6,1.4,2.6,3.2s-0.1,3.2-1.6,3.2c-1.5,0-3.7-1.4-3.7-3.2S80.5,9.4,82.2,10.2zM98.6,10.2c1.5,0,2.6,0.4,2.6,2.1s-1.2,4.2-2.6,4.2c-1.5,0-3.7-0.4-3.7-2.1S97.1,10.2,98.6,10.2z M113.4,10.2c1.2,0,2.2,0.9,2.2,3.2s-0.1,3.2-1.3,3.2s-3.1-1.4-3.1-3.2S112.2,10.2,113.4,10.2z&#039;\/%3E%3C\/svg%3E&quot;);\">\n\t\t\t<span class=\"elementor-divider-separator\">\n\t\t\t\t\t\t<\/span>\n\t\t<\/div>\n\t\t\t\t\t\t<\/div>\n\t\t\t\t<\/div>\n\t\t\t\t\t<\/div>\n\t\t\t\t<\/div>\n\t\t<div class=\"elementor-element elementor-element-6c81cb4 e-grid e-con-boxed e-con e-parent\" data-id=\"6c81cb4\" data-element_type=\"container\">\n\t\t\t\t\t<div class=\"e-con-inner\">\n\t\t\t\t<div class=\"elementor-element elementor-element-1ff171a elementor-widget elementor-widget-text-editor\" data-id=\"1ff171a\" data-element_type=\"widget\" data-widget_type=\"text-editor.default\">\n\t\t\t\t<div class=\"elementor-widget-container\">\n\t\t\t\t\t\t\t\t\t<p>TMK Kitap Kul\u00fcb\u00fc ilk etkinli\u011fini ger\u00e7ekle\u015ftirdi! Bu y\u0131l kurulan ve amac\u0131 okuyan, ara\u015ft\u0131ran, sorgulayan, ele\u015ftirel d\u00fc\u015f\u00fcnebilen, donan\u0131ml\u0131 gen\u00e7ler yeti\u015ftirmek olan kul\u00fcb\u00fcm\u00fcz 6, 7, 8 ve 9. s\u0131n\u0131flara y\u00f6nelik olarak hayata ge\u00e7irilmi\u015ftir. Kul\u00fcb\u00fcm\u00fcz, her s\u0131n\u0131f grubuna uygun olarak se\u00e7ilen bir kitab\u0131n ortakla\u015fa okunmas\u0131, ayda bir okul k\u00fct\u00fcphanemizde toplan\u0131l\u0131p o kitab\u0131 yorumlamam\u0131z \u015feklinde faaliyet g\u00f6sterecektir. T\u00fcrk Dili ve Edebiyat\u0131 \u00f6\u011fretmenimiz Dilg\u00fcl Sakall\u0131 moderat\u00f6rl\u00fc\u011f\u00fcnde ger\u00e7ekle\u015fecek olan kitap kul\u00fcb\u00fc at\u00f6lyelerimizde, gen\u00e7lerimizle duygu ve d\u00fc\u015f\u00fcncelerimizi yarat\u0131c\u0131 ve sorgulay\u0131c\u0131 bir \u015fekilde \u00e7e\u015fitli etkinliklerle payla\u015fmay\u0131 ve onlar\u0131n ifade g\u00fc\u00e7lerini, bak\u0131\u015f a\u00e7\u0131lar\u0131n\u0131 geli\u015ftirmeyi hedefliyoruz.<br \/>\u0130lk etkinli\u011fimizi 8. s\u0131n\u0131flarla, Susanna Tamaro\u2019nun \u201cB\u00fcy\u00fcl\u00fc \u00c7ember \u201c isimli kitab\u0131n\u0131 yarat\u0131c\u0131 etkinliklerle yorumlayarak b\u00fcy\u00fck bir heyecanla olduk\u00e7a verimli bir \u015fekilde tamamlad\u0131k. Gelecek ay okuyaca\u011f\u0131m\u0131z kitab\u0131m\u0131z\u0131 se\u00e7erek kitap bulu\u015fmam\u0131z\u0131 sonland\u0131rd\u0131k. (2024)<\/p>\t\t\t\t\t\t\t\t<\/div>\n\t\t\t\t<\/div>\n\t\t\t\t<div class=\"elementor-element elementor-element-c7c4cbf elementor-widget elementor-widget-image\" data-id=\"c7c4cbf\" data-element_type=\"widget\" data-widget_type=\"image.default\">\n\t\t\t\t<div class=\"elementor-widget-container\">\n\t\t\t\t\t\t\t\t\t\t\t\t\t\t\t\t<a href=\"https:\/\/turkmaarifkoleji.org\/wp-content\/uploads\/2023\/07\/kitapkulup1.jpeg\" data-elementor-open-lightbox=\"yes\" data-e-action-hash=\"#elementor-action%3Aaction%3Dlightbox%26settings%3DeyJpZCI6MTg1MiwidXJsIjoiaHR0cHM6XC9cL3R1cmttYWFyaWZrb2xlamkub3JnXC93cC1jb250ZW50XC91cGxvYWRzXC8yMDIzXC8wN1wva2l0YXBrdWx1cDEuanBlZyJ9\">\n\t\t\t\t\t\t\t<img decoding=\"async\" src=\"https:\/\/turkmaarifkoleji.org\/wp-content\/uploads\/elementor\/thumbs\/kitapkulup1-qa8forqawdl4cdfvoo2vglo1e3gw6trirsitg9npg4.jpeg\" title=\"kitapkulup1\" alt=\"kitapkulup1\" loading=\"lazy\" \/>\t\t\t\t\t\t\t\t<\/a>\n\t\t\t\t\t\t\t\t\t\t\t\t\t\t\t<\/div>\n\t\t\t\t<\/div>\n\t\t\t\t<div class=\"elementor-element elementor-element-24e79ac elementor-widget elementor-widget-image\" data-id=\"24e79ac\" data-element_type=\"widget\" data-widget_type=\"image.default\">\n\t\t\t\t<div class=\"elementor-widget-container\">\n\t\t\t\t\t\t\t\t\t\t\t\t\t\t\t\t<a href=\"https:\/\/turkmaarifkoleji.org\/wp-content\/uploads\/2023\/07\/kitapkulup2.jpeg\" data-elementor-open-lightbox=\"yes\" data-e-action-hash=\"#elementor-action%3Aaction%3Dlightbox%26settings%3DeyJpZCI6MTg1MywidXJsIjoiaHR0cHM6XC9cL3R1cmttYWFyaWZrb2xlamkub3JnXC93cC1jb250ZW50XC91cGxvYWRzXC8yMDIzXC8wN1wva2l0YXBrdWx1cDIuanBlZyJ9\">\n\t\t\t\t\t\t\t<img fetchpriority=\"high\" decoding=\"async\" width=\"1024\" height=\"577\" src=\"https:\/\/turkmaarifkoleji.org\/wp-content\/uploads\/2023\/07\/kitapkulup2-1024x577.jpeg\" class=\"attachment-large size-large wp-image-1853\" alt=\"\" srcset=\"https:\/\/turkmaarifkoleji.org\/wp-content\/uploads\/2023\/07\/kitapkulup2-1024x577.jpeg 1024w, https:\/\/turkmaarifkoleji.org\/wp-content\/uploads\/2023\/07\/kitapkulup2-300x169.jpeg 300w, https:\/\/turkmaarifkoleji.org\/wp-content\/uploads\/2023\/07\/kitapkulup2-768x432.jpeg 768w, https:\/\/turkmaarifkoleji.org\/wp-content\/uploads\/2023\/07\/kitapkulup2-1536x865.jpeg 1536w, https:\/\/turkmaarifkoleji.org\/wp-content\/uploads\/2023\/07\/kitapkulup2-18x10.jpeg 18w, https:\/\/turkmaarifkoleji.org\/wp-content\/uploads\/2023\/07\/kitapkulup2-800x450.jpeg 800w, https:\/\/turkmaarifkoleji.org\/wp-content\/uploads\/2023\/07\/kitapkulup2.jpeg 1600w\" sizes=\"(max-width: 1024px) 100vw, 1024px\" \/>\t\t\t\t\t\t\t\t<\/a>\n\t\t\t\t\t\t\t\t\t\t\t\t\t\t\t<\/div>\n\t\t\t\t<\/div>\n\t\t\t\t<div class=\"elementor-element elementor-element-e4c5f41 elementor-widget elementor-widget-image\" data-id=\"e4c5f41\" data-element_type=\"widget\" data-widget_type=\"image.default\">\n\t\t\t\t<div class=\"elementor-widget-container\">\n\t\t\t\t\t\t\t\t\t\t\t\t\t\t\t\t<a href=\"https:\/\/turkmaarifkoleji.org\/wp-content\/uploads\/2023\/07\/kitapkulup3.jpeg\" data-elementor-open-lightbox=\"yes\" data-e-action-hash=\"#elementor-action%3Aaction%3Dlightbox%26settings%3DeyJpZCI6MTg1NCwidXJsIjoiaHR0cHM6XC9cL3R1cmttYWFyaWZrb2xlamkub3JnXC93cC1jb250ZW50XC91cGxvYWRzXC8yMDIzXC8wN1wva2l0YXBrdWx1cDMuanBlZyJ9\">\n\t\t\t\t\t\t\t<img decoding=\"async\" src=\"https:\/\/turkmaarifkoleji.org\/wp-content\/uploads\/elementor\/thumbs\/kitapkulup3-qa8fskyqm6szffwjfbeekn1c4cohemwbynrpio087o.jpeg\" title=\"kitapkulup3\" alt=\"kitapkulup3\" loading=\"lazy\" \/>\t\t\t\t\t\t\t\t<\/a>\n\t\t\t\t\t\t\t\t\t\t\t\t\t\t\t<\/div>\n\t\t\t\t<\/div>\n\t\t\t\t\t<\/div>\n\t\t\t\t<\/div>\n\t\t\t\t<\/div>","protected":false},"excerpt":{"rendered":"<p>Kitap K\u00fcl\u00fcb\u00fc TMK Kitap Kul\u00fcb\u00fc okumaya, yorumlamaya devam ediyor. \u015eermin Ya\u015far&#8217;\u0131n, Para A\u011fac\u0131 kitab\u0131n\u0131 okuduk, her y\u00f6n\u00fcyle de\u011ferlendirdik, hayal g\u00fcc\u00fcm\u00fcz\u00fcn ve d\u00fc\u015f\u00fcnce ufkumuzun s\u0131n\u0131rlar\u0131n\u0131 farkettik. Hayatta de\u011ferli olan\u0131n para de\u011fil, hayallerinden ama\u00e7lar\u0131ndan vazge\u00e7meden; aile, \u00e7al\u0131\u015fma, \u00fcretme ve sevgi ba\u011flar\u0131 oldu\u011funu \u00f6z\u00fcmsedik. (Nisan 2025) TMK Kitap Kul\u00fcb\u00fc ilk etkinli\u011fini ger\u00e7ekle\u015ftirdi! Bu y\u0131l kurulan ve amac\u0131 okuyan,&#8230;<\/p>","protected":false},"author":1,"featured_media":0,"parent":0,"menu_order":0,"comment_status":"closed","ping_status":"closed","template":"elementor_header_footer","meta":{"_kad_post_transparent":"default","_kad_post_title":"default","_kad_post_layout":"default","_kad_post_sidebar_id":"","_kad_post_content_style":"default","_kad_post_vertical_padding":"default","_kad_post_feature":"","_kad_post_feature_position":"","_kad_post_header":false,"_kad_post_footer":false,"footnotes":""},"class_list":["post-1850","page","type-page","status-publish","hentry"],"yoast_head":"<!-- This site is optimized with the Yoast SEO plugin v25.9 - https:\/\/yoast.com\/wordpress\/plugins\/seo\/ -->\n<title>kitap k\u00fcl\u00fcb\u00fc - T\u00fcrk Maarif Koleji<\/title>\n<meta name=\"robots\" content=\"index, follow, max-snippet:-1, max-image-preview:large, max-video-preview:-1\" \/>\n<link rel=\"canonical\" href=\"https:\/\/turkmaarifkoleji.org\/en\/kitap-kulubu\/\" \/>\n<meta property=\"og:locale\" content=\"en_US\" \/>\n<meta property=\"og:type\" content=\"article\" \/>\n<meta property=\"og:title\" content=\"kitap k\u00fcl\u00fcb\u00fc - T\u00fcrk Maarif Koleji\" \/>\n<meta property=\"og:description\" content=\"Kitap K\u00fcl\u00fcb\u00fc TMK Kitap Kul\u00fcb\u00fc okumaya, yorumlamaya devam ediyor. \u015eermin Ya\u015far&#8217;\u0131n, Para A\u011fac\u0131 kitab\u0131n\u0131 okuduk, her y\u00f6n\u00fcyle de\u011ferlendirdik, hayal g\u00fcc\u00fcm\u00fcz\u00fcn ve d\u00fc\u015f\u00fcnce ufkumuzun s\u0131n\u0131rlar\u0131n\u0131 farkettik. Hayatta de\u011ferli olan\u0131n para de\u011fil, hayallerinden ama\u00e7lar\u0131ndan vazge\u00e7meden; aile, \u00e7al\u0131\u015fma, \u00fcretme ve sevgi ba\u011flar\u0131 oldu\u011funu \u00f6z\u00fcmsedik. (Nisan 2025) TMK Kitap Kul\u00fcb\u00fc ilk etkinli\u011fini ger\u00e7ekle\u015ftirdi! Bu y\u0131l kurulan ve amac\u0131 okuyan,...\" \/>\n<meta property=\"og:url\" content=\"https:\/\/turkmaarifkoleji.org\/en\/kitap-kulubu\/\" \/>\n<meta property=\"og:site_name\" content=\"T\u00fcrk Maarif Koleji\" \/>\n<meta property=\"article:publisher\" content=\"https:\/\/www.facebook.com\/tmkcyprus\/\" \/>\n<meta property=\"article:modified_time\" content=\"2025-06-28T20:15:16+00:00\" \/>\n<meta property=\"og:image\" content=\"https:\/\/filedn.com\/lMDRdxANDCyYRldQg97VNby\/TMK\/haber\/kitapkulubu\/k1.jpg\" \/>\n<meta name=\"twitter:card\" content=\"summary_large_image\" \/>\n<meta name=\"twitter:label1\" content=\"Est. reading time\" \/>\n\t<meta name=\"twitter:data1\" content=\"3 minutes\" \/>\n<script type=\"application\/ld+json\" class=\"yoast-schema-graph\">{\"@context\":\"https:\/\/schema.org\",\"@graph\":[{\"@type\":\"WebPage\",\"@id\":\"https:\/\/turkmaarifkoleji.org\/kitap-kulubu\/\",\"url\":\"https:\/\/turkmaarifkoleji.org\/kitap-kulubu\/\",\"name\":\"kitap k\u00fcl\u00fcb\u00fc - T\u00fcrk Maarif Koleji\",\"isPartOf\":{\"@id\":\"https:\/\/turkmaarifkoleji.org\/en\/#website\"},\"primaryImageOfPage\":{\"@id\":\"https:\/\/turkmaarifkoleji.org\/kitap-kulubu\/#primaryimage\"},\"image\":{\"@id\":\"https:\/\/turkmaarifkoleji.org\/kitap-kulubu\/#primaryimage\"},\"thumbnailUrl\":\"https:\/\/turkmaarifkoleji.org\/wp-content\/uploads\/elementor\/thumbs\/kitapkulup1-qa82msfdqi7vbc441im8r770qfxzizz25lqv3mi4k4.jpeg\",\"datePublished\":\"2023-07-31T09:38:55+00:00\",\"dateModified\":\"2025-06-28T20:15:16+00:00\",\"breadcrumb\":{\"@id\":\"https:\/\/turkmaarifkoleji.org\/kitap-kulubu\/#breadcrumb\"},\"inLanguage\":\"en-US\",\"potentialAction\":[{\"@type\":\"ReadAction\",\"target\":[\"https:\/\/turkmaarifkoleji.org\/kitap-kulubu\/\"]}]},{\"@type\":\"ImageObject\",\"inLanguage\":\"en-US\",\"@id\":\"https:\/\/turkmaarifkoleji.org\/kitap-kulubu\/#primaryimage\",\"url\":\"https:\/\/turkmaarifkoleji.org\/wp-content\/uploads\/elementor\/thumbs\/kitapkulup1-qa82msfdqi7vbc441im8r770qfxzizz25lqv3mi4k4.jpeg\",\"contentUrl\":\"https:\/\/turkmaarifkoleji.org\/wp-content\/uploads\/elementor\/thumbs\/kitapkulup1-qa82msfdqi7vbc441im8r770qfxzizz25lqv3mi4k4.jpeg\"},{\"@type\":\"BreadcrumbList\",\"@id\":\"https:\/\/turkmaarifkoleji.org\/kitap-kulubu\/#breadcrumb\",\"itemListElement\":[{\"@type\":\"ListItem\",\"position\":1,\"name\":\"Anasayfa\",\"item\":\"https:\/\/turkmaarifkoleji.org\/\"},{\"@type\":\"ListItem\",\"position\":2,\"name\":\"kitap k\u00fcl\u00fcb\u00fc\"}]},{\"@type\":\"WebSite\",\"@id\":\"https:\/\/turkmaarifkoleji.org\/en\/#website\",\"url\":\"https:\/\/turkmaarifkoleji.org\/en\/\",\"name\":\"T\u00fcrk Maarif Koleji\",\"description\":\"D\u00fcnyaya A\u00e7\u0131lan Kap\u0131\",\"publisher\":{\"@id\":\"https:\/\/turkmaarifkoleji.org\/en\/#organization\"},\"potentialAction\":[{\"@type\":\"SearchAction\",\"target\":{\"@type\":\"EntryPoint\",\"urlTemplate\":\"https:\/\/turkmaarifkoleji.org\/en\/?s={search_term_string}\"},\"query-input\":{\"@type\":\"PropertyValueSpecification\",\"valueRequired\":true,\"valueName\":\"search_term_string\"}}],\"inLanguage\":\"en-US\"},{\"@type\":\"Organization\",\"@id\":\"https:\/\/turkmaarifkoleji.org\/en\/#organization\",\"name\":\"T\u00fcrk Maarif Koleji\",\"alternateName\":\"TMK\",\"url\":\"https:\/\/turkmaarifkoleji.org\/en\/\",\"logo\":{\"@type\":\"ImageObject\",\"inLanguage\":\"en-US\",\"@id\":\"https:\/\/turkmaarifkoleji.org\/en\/#\/schema\/logo\/image\/\",\"url\":\"https:\/\/turkmaarifkoleji.org\/wp-content\/uploads\/2023\/08\/Turk_Maarif_Koleji-1.svg\",\"contentUrl\":\"https:\/\/turkmaarifkoleji.org\/wp-content\/uploads\/2023\/08\/Turk_Maarif_Koleji-1.svg\",\"width\":120,\"height\":160,\"caption\":\"T\u00fcrk Maarif Koleji\"},\"image\":{\"@id\":\"https:\/\/turkmaarifkoleji.org\/en\/#\/schema\/logo\/image\/\"},\"sameAs\":[\"https:\/\/www.facebook.com\/tmkcyprus\/\",\"https:\/\/www.instagram.com\/turkmaarifkolejitmk\/\"]}]}<\/script>\n<!-- \/ Yoast SEO plugin. -->","yoast_head_json":{"title":"kitap k\u00fcl\u00fcb\u00fc - T\u00fcrk Maarif Koleji","robots":{"index":"index","follow":"follow","max-snippet":"max-snippet:-1","max-image-preview":"max-image-preview:large","max-video-preview":"max-video-preview:-1"},"canonical":"https:\/\/turkmaarifkoleji.org\/en\/kitap-kulubu\/","og_locale":"en_US","og_type":"article","og_title":"kitap k\u00fcl\u00fcb\u00fc - T\u00fcrk Maarif Koleji","og_description":"Kitap K\u00fcl\u00fcb\u00fc TMK Kitap Kul\u00fcb\u00fc okumaya, yorumlamaya devam ediyor. \u015eermin Ya\u015far&#8217;\u0131n, Para A\u011fac\u0131 kitab\u0131n\u0131 okuduk, her y\u00f6n\u00fcyle de\u011ferlendirdik, hayal g\u00fcc\u00fcm\u00fcz\u00fcn ve d\u00fc\u015f\u00fcnce ufkumuzun s\u0131n\u0131rlar\u0131n\u0131 farkettik. Hayatta de\u011ferli olan\u0131n para de\u011fil, hayallerinden ama\u00e7lar\u0131ndan vazge\u00e7meden; aile, \u00e7al\u0131\u015fma, \u00fcretme ve sevgi ba\u011flar\u0131 oldu\u011funu \u00f6z\u00fcmsedik. (Nisan 2025) TMK Kitap Kul\u00fcb\u00fc ilk etkinli\u011fini ger\u00e7ekle\u015ftirdi! Bu y\u0131l kurulan ve amac\u0131 okuyan,...","og_url":"https:\/\/turkmaarifkoleji.org\/en\/kitap-kulubu\/","og_site_name":"T\u00fcrk Maarif Koleji","article_publisher":"https:\/\/www.facebook.com\/tmkcyprus\/","article_modified_time":"2025-06-28T20:15:16+00:00","og_image":[{"url":"https:\/\/filedn.com\/lMDRdxANDCyYRldQg97VNby\/TMK\/haber\/kitapkulubu\/k1.jpg","type":"","width":"","height":""}],"twitter_card":"summary_large_image","twitter_misc":{"Est. reading time":"3 minutes"},"schema":{"@context":"https:\/\/schema.org","@graph":[{"@type":"WebPage","@id":"https:\/\/turkmaarifkoleji.org\/kitap-kulubu\/","url":"https:\/\/turkmaarifkoleji.org\/kitap-kulubu\/","name":"kitap k\u00fcl\u00fcb\u00fc - T\u00fcrk Maarif Koleji","isPartOf":{"@id":"https:\/\/turkmaarifkoleji.org\/en\/#website"},"primaryImageOfPage":{"@id":"https:\/\/turkmaarifkoleji.org\/kitap-kulubu\/#primaryimage"},"image":{"@id":"https:\/\/turkmaarifkoleji.org\/kitap-kulubu\/#primaryimage"},"thumbnailUrl":"https:\/\/turkmaarifkoleji.org\/wp-content\/uploads\/elementor\/thumbs\/kitapkulup1-qa82msfdqi7vbc441im8r770qfxzizz25lqv3mi4k4.jpeg","datePublished":"2023-07-31T09:38:55+00:00","dateModified":"2025-06-28T20:15:16+00:00","breadcrumb":{"@id":"https:\/\/turkmaarifkoleji.org\/kitap-kulubu\/#breadcrumb"},"inLanguage":"en-US","potentialAction":[{"@type":"ReadAction","target":["https:\/\/turkmaarifkoleji.org\/kitap-kulubu\/"]}]},{"@type":"ImageObject","inLanguage":"en-US","@id":"https:\/\/turkmaarifkoleji.org\/kitap-kulubu\/#primaryimage","url":"https:\/\/turkmaarifkoleji.org\/wp-content\/uploads\/elementor\/thumbs\/kitapkulup1-qa82msfdqi7vbc441im8r770qfxzizz25lqv3mi4k4.jpeg","contentUrl":"https:\/\/turkmaarifkoleji.org\/wp-content\/uploads\/elementor\/thumbs\/kitapkulup1-qa82msfdqi7vbc441im8r770qfxzizz25lqv3mi4k4.jpeg"},{"@type":"BreadcrumbList","@id":"https:\/\/turkmaarifkoleji.org\/kitap-kulubu\/#breadcrumb","itemListElement":[{"@type":"ListItem","position":1,"name":"Anasayfa","item":"https:\/\/turkmaarifkoleji.org\/"},{"@type":"ListItem","position":2,"name":"kitap k\u00fcl\u00fcb\u00fc"}]},{"@type":"WebSite","@id":"https:\/\/turkmaarifkoleji.org\/en\/#website","url":"https:\/\/turkmaarifkoleji.org\/en\/","name":"T\u00fcrk Maarif College","description":"A Gateway to the World","publisher":{"@id":"https:\/\/turkmaarifkoleji.org\/en\/#organization"},"potentialAction":[{"@type":"SearchAction","target":{"@type":"EntryPoint","urlTemplate":"https:\/\/turkmaarifkoleji.org\/en\/?s={search_term_string}"},"query-input":{"@type":"PropertyValueSpecification","valueRequired":true,"valueName":"search_term_string"}}],"inLanguage":"en-US"},{"@type":"Organization","@id":"https:\/\/turkmaarifkoleji.org\/en\/#organization","name":"T\u00fcrk Maarif College","alternateName":"TMK","url":"https:\/\/turkmaarifkoleji.org\/en\/","logo":{"@type":"ImageObject","inLanguage":"en-US","@id":"https:\/\/turkmaarifkoleji.org\/en\/#\/schema\/logo\/image\/","url":"https:\/\/turkmaarifkoleji.org\/wp-content\/uploads\/2023\/08\/Turk_Maarif_Koleji-1.svg","contentUrl":"https:\/\/turkmaarifkoleji.org\/wp-content\/uploads\/2023\/08\/Turk_Maarif_Koleji-1.svg","width":120,"height":160,"caption":"T\u00fcrk Maarif Koleji"},"image":{"@id":"https:\/\/turkmaarifkoleji.org\/en\/#\/schema\/logo\/image\/"},"sameAs":["https:\/\/www.facebook.com\/tmkcyprus\/","https:\/\/www.instagram.com\/turkmaarifkolejitmk\/"]}]}},"_links":{"self":[{"href":"https:\/\/turkmaarifkoleji.org\/en\/wp-json\/wp\/v2\/pages\/1850","targetHints":{"allow":["GET"]}}],"collection":[{"href":"https:\/\/turkmaarifkoleji.org\/en\/wp-json\/wp\/v2\/pages"}],"about":[{"href":"https:\/\/turkmaarifkoleji.org\/en\/wp-json\/wp\/v2\/types\/page"}],"author":[{"embeddable":true,"href":"https:\/\/turkmaarifkoleji.org\/en\/wp-json\/wp\/v2\/users\/1"}],"replies":[{"embeddable":true,"href":"https:\/\/turkmaarifkoleji.org\/en\/wp-json\/wp\/v2\/comments?post=1850"}],"version-history":[{"count":0,"href":"https:\/\/turkmaarifkoleji.org\/en\/wp-json\/wp\/v2\/pages\/1850\/revisions"}],"wp:attachment":[{"href":"https:\/\/turkmaarifkoleji.org\/en\/wp-json\/wp\/v2\/media?parent=1850"}],"curies":[{"name":"wp","href":"https:\/\/api.w.org\/{rel}","templated":true}]}}