{"id":154,"date":"2021-05-18T01:55:11","date_gmt":"2021-05-18T01:55:11","guid":{"rendered":"https:\/\/college.iseri.eu\/activities\/"},"modified":"2025-09-10T09:21:32","modified_gmt":"2025-09-10T06:21:32","slug":"etkinlikler","status":"publish","type":"page","link":"https:\/\/turkmaarifkoleji.org\/en\/etkinlikler\/","title":{"rendered":"Activities"},"content":{"rendered":"<div data-elementor-type=\"wp-page\" data-elementor-id=\"154\" class=\"elementor elementor-154\">\n\t\t\t\t\t\t<section class=\"elementor-section elementor-top-section elementor-element elementor-element-ee0d693 elementor-section-boxed elementor-section-height-default elementor-section-height-default\" data-id=\"ee0d693\" data-element_type=\"section\" data-settings=\"{&quot;background_background&quot;:&quot;classic&quot;}\">\n\t\t\t\t\t\t<div class=\"elementor-container elementor-column-gap-no\">\n\t\t\t\t\t<div class=\"elementor-column elementor-col-100 elementor-top-column elementor-element elementor-element-c410692\" data-id=\"c410692\" data-element_type=\"column\">\n\t\t\t<div class=\"elementor-widget-wrap elementor-element-populated\">\n\t\t\t\t\t\t<div class=\"elementor-element elementor-element-193d006 elementor-widget elementor-widget-heading\" data-id=\"193d006\" data-element_type=\"widget\" data-widget_type=\"heading.default\">\n\t\t\t\t<div class=\"elementor-widget-container\">\n\t\t\t\t\t<h1 class=\"elementor-heading-title elementor-size-default\">Activities<\/h1>\t\t\t\t<\/div>\n\t\t\t\t<\/div>\n\t\t\t\t\t<\/div>\n\t\t<\/div>\n\t\t\t\t\t<\/div>\n\t\t<\/section>\n\t\t<div class=\"elementor-element elementor-element-b1bccbe e-flex e-con-boxed e-con e-parent\" data-id=\"b1bccbe\" data-element_type=\"container\">\n\t\t\t\t\t<div class=\"e-con-inner\">\n\t\t\t\t<div class=\"elementor-element elementor-element-dc9a518 elementor-widget__width-inherit elementor-widget-tablet__width-initial elementor-widget elementor-widget-html\" data-id=\"dc9a518\" data-element_type=\"widget\" data-widget_type=\"html.default\">\n\t\t\t\t<div class=\"elementor-widget-container\">\n\t\t\t\t\t<div style=\"position:relative;padding-top:56.25%;\"><iframe src=\"https:\/\/iframe.mediadelivery.net\/embed\/141202\/d416b77c-706a-462c-a1ee-bf0cf90dc9f5?autoplay=false&loop=false&muted=false&preload=false\" loading=\"lazy\" style=\"border:none;position:absolute;top:0;height:100%;width:100%;\" allow=\"accelerometer;gyroscope;autoplay;encrypted-media;picture-in-picture;\" allowfullscreen=\"true\"><\/iframe><\/div>\t\t\t\t<\/div>\n\t\t\t\t<\/div>\n\t\t\t\t\t<\/div>\n\t\t\t\t<\/div>\n\t\t<div class=\"elementor-element elementor-element-56e176c e-flex e-con-boxed e-con e-parent\" data-id=\"56e176c\" data-element_type=\"container\">\n\t\t\t\t\t<div class=\"e-con-inner\">\n\t\t\t\t<div class=\"elementor-element elementor-element-49cb444 elementor-widget__width-initial elementor-widget-tablet__width-initial elementor-widget elementor-widget-html\" data-id=\"49cb444\" data-element_type=\"widget\" data-widget_type=\"html.default\">\n\t\t\t\t<div class=\"elementor-widget-container\">\n\t\t\t\t\t<div style=\"position:relative;padding-top:56.25%;\"><iframe src=\"https:\/\/iframe.mediadelivery.net\/embed\/141202\/4994b719-f671-4109-aa3a-59fcc695a53d?autoplay=false&loop=false&muted=false&preload=false\" loading=\"lazy\" style=\"border:0;position:absolute;top:0;height:100%;width:100%;\" allow=\"accelerometer;gyroscope;autoplay;encrypted-media;picture-in-picture;\" allowfullscreen=\"true\"><\/iframe><\/div>\t\t\t\t<\/div>\n\t\t\t\t<\/div>\n\t\t\t\t\t<\/div>\n\t\t\t\t<\/div>\n\t\t<div class=\"elementor-element elementor-element-15ea4a4 e-grid e-con-boxed e-con e-parent\" data-id=\"15ea4a4\" data-element_type=\"container\">\n\t\t\t\t\t<div class=\"e-con-inner\">\n\t\t\t\t<div class=\"elementor-element elementor-element-df9f163 elementor-position-top elementor-widget elementor-widget-image-box\" data-id=\"df9f163\" data-element_type=\"widget\" data-widget_type=\"image-box.default\">\n\t\t\t\t<div class=\"elementor-widget-container\">\n\t\t\t\t\t<div class=\"elementor-image-box-wrapper\"><figure class=\"elementor-image-box-img\"><a href=\"https:\/\/turkmaarifkoleji.org\/kampcilik\/\" tabindex=\"-1\"><img fetchpriority=\"high\" decoding=\"async\" width=\"385\" height=\"242\" src=\"https:\/\/turkmaarifkoleji.org\/wp-content\/uploads\/2023\/09\/camping.svg\" class=\"attachment-full size-full wp-image-3236\" alt=\"\" \/><\/a><\/figure><div class=\"elementor-image-box-content\"><h3 class=\"elementor-image-box-title\"><a href=\"https:\/\/turkmaarifkoleji.org\/kampcilik\/\">Camping Club<\/a><\/h3><\/div><\/div>\t\t\t\t<\/div>\n\t\t\t\t<\/div>\n\t\t\t\t<div class=\"elementor-element elementor-element-f2ae283 elementor-position-top elementor-widget elementor-widget-image-box\" data-id=\"f2ae283\" data-element_type=\"widget\" data-widget_type=\"image-box.default\">\n\t\t\t\t<div class=\"elementor-widget-container\">\n\t\t\t\t\t<div class=\"elementor-image-box-wrapper\"><figure class=\"elementor-image-box-img\"><a href=\"https:\/\/turkmaarifkoleji.org\/cevre-kulubu\/\" tabindex=\"-1\"><img decoding=\"async\" width=\"500\" height=\"500\" src=\"https:\/\/turkmaarifkoleji.org\/wp-content\/uploads\/2023\/09\/environment.svg\" class=\"attachment-full size-full wp-image-3235\" alt=\"\" \/><\/a><\/figure><div class=\"elementor-image-box-content\"><h3 class=\"elementor-image-box-title\"><a href=\"https:\/\/turkmaarifkoleji.org\/cevre-kulubu\/\">Environment Club<\/a><\/h3><\/div><\/div>\t\t\t\t<\/div>\n\t\t\t\t<\/div>\n\t\t\t\t<div class=\"elementor-element elementor-element-2059bfb elementor-position-top elementor-widget elementor-widget-image-box\" data-id=\"2059bfb\" data-element_type=\"widget\" data-widget_type=\"image-box.default\">\n\t\t\t\t<div class=\"elementor-widget-container\">\n\t\t\t\t\t<div class=\"elementor-image-box-wrapper\"><figure class=\"elementor-image-box-img\"><a href=\"https:\/\/turkmaarifkoleji.org\/kitap-kulubu\/\" tabindex=\"-1\"><img decoding=\"async\" width=\"2000\" height=\"2000\" src=\"https:\/\/turkmaarifkoleji.org\/wp-content\/uploads\/2023\/09\/book_club.jpg\" class=\"attachment-full size-full wp-image-3234\" alt=\"\" srcset=\"https:\/\/turkmaarifkoleji.org\/wp-content\/uploads\/2023\/09\/book_club.jpg 2000w, https:\/\/turkmaarifkoleji.org\/wp-content\/uploads\/2023\/09\/book_club-300x300.jpg 300w, https:\/\/turkmaarifkoleji.org\/wp-content\/uploads\/2023\/09\/book_club-1024x1024.jpg 1024w, https:\/\/turkmaarifkoleji.org\/wp-content\/uploads\/2023\/09\/book_club-150x150.jpg 150w, https:\/\/turkmaarifkoleji.org\/wp-content\/uploads\/2023\/09\/book_club-768x768.jpg 768w, https:\/\/turkmaarifkoleji.org\/wp-content\/uploads\/2023\/09\/book_club-1536x1536.jpg 1536w, https:\/\/turkmaarifkoleji.org\/wp-content\/uploads\/2023\/09\/book_club-12x12.jpg 12w\" sizes=\"(max-width: 2000px) 100vw, 2000px\" \/><\/a><\/figure><div class=\"elementor-image-box-content\"><h3 class=\"elementor-image-box-title\"><a href=\"https:\/\/turkmaarifkoleji.org\/kitap-kulubu\/\">Book Club<\/a><\/h3><\/div><\/div>\t\t\t\t<\/div>\n\t\t\t\t<\/div>\n\t\t\t\t<div class=\"elementor-element elementor-element-3446a97 elementor-position-top elementor-widget elementor-widget-image-box\" data-id=\"3446a97\" data-element_type=\"widget\" data-widget_type=\"image-box.default\">\n\t\t\t\t<div class=\"elementor-widget-container\">\n\t\t\t\t\t<div class=\"elementor-image-box-wrapper\"><figure class=\"elementor-image-box-img\"><a href=\"https:\/\/turkmaarifkoleji.org\/spor\/\" tabindex=\"-1\"><img loading=\"lazy\" decoding=\"async\" width=\"1707\" height=\"845\" src=\"https:\/\/turkmaarifkoleji.org\/wp-content\/uploads\/2023\/09\/rhvo_pebx_230329.jpg\" class=\"attachment-full size-full wp-image-3243\" alt=\"\" srcset=\"https:\/\/turkmaarifkoleji.org\/wp-content\/uploads\/2023\/09\/rhvo_pebx_230329.jpg 1707w, https:\/\/turkmaarifkoleji.org\/wp-content\/uploads\/2023\/09\/rhvo_pebx_230329-300x149.jpg 300w, https:\/\/turkmaarifkoleji.org\/wp-content\/uploads\/2023\/09\/rhvo_pebx_230329-1024x507.jpg 1024w, https:\/\/turkmaarifkoleji.org\/wp-content\/uploads\/2023\/09\/rhvo_pebx_230329-768x380.jpg 768w, https:\/\/turkmaarifkoleji.org\/wp-content\/uploads\/2023\/09\/rhvo_pebx_230329-1536x760.jpg 1536w, https:\/\/turkmaarifkoleji.org\/wp-content\/uploads\/2023\/09\/rhvo_pebx_230329-18x9.jpg 18w\" sizes=\"(max-width: 1707px) 100vw, 1707px\" \/><\/a><\/figure><div class=\"elementor-image-box-content\"><h3 class=\"elementor-image-box-title\"><a href=\"https:\/\/turkmaarifkoleji.org\/spor\/\">Sports Activities<\/a><\/h3><\/div><\/div>\t\t\t\t<\/div>\n\t\t\t\t<\/div>\n\t\t\t\t\t<\/div>\n\t\t\t\t<\/div>\n\t\t\t\t<\/div>","protected":false},"excerpt":{"rendered":"<p>Etkinlikler Kamp K\u00fcl\u00fcb\u00fc \u00c7evre K\u00fcl\u00fcb\u00fc Kitap K\u00fcl\u00fcb\u00fc Spor Aktiviteleri<\/p>","protected":false},"author":1,"featured_media":0,"parent":0,"menu_order":0,"comment_status":"closed","ping_status":"closed","template":"elementor_header_footer","meta":{"_kad_post_transparent":"default","_kad_post_title":"default","_kad_post_layout":"default","_kad_post_sidebar_id":"","_kad_post_content_style":"default","_kad_post_vertical_padding":"default","_kad_post_feature":"","_kad_post_feature_position":"","_kad_post_header":false,"_kad_post_footer":false,"footnotes":""},"class_list":["post-154","page","type-page","status-publish","hentry"],"yoast_head":"<!-- This site is optimized with the Yoast SEO plugin v25.9 - https:\/\/yoast.com\/wordpress\/plugins\/seo\/ -->\n<title>Etkinlikler - T\u00fcrk Maarif Koleji<\/title>\n<meta name=\"robots\" content=\"index, follow, max-snippet:-1, max-image-preview:large, max-video-preview:-1\" \/>\n<link rel=\"canonical\" href=\"https:\/\/turkmaarifkoleji.org\/en\/etkinlikler\/\" \/>\n<meta property=\"og:locale\" content=\"en_US\" \/>\n<meta property=\"og:type\" content=\"article\" \/>\n<meta property=\"og:title\" content=\"Etkinlikler - T\u00fcrk Maarif Koleji\" \/>\n<meta property=\"og:description\" content=\"Etkinlikler Kamp K\u00fcl\u00fcb\u00fc \u00c7evre K\u00fcl\u00fcb\u00fc Kitap K\u00fcl\u00fcb\u00fc Spor Aktiviteleri\" \/>\n<meta property=\"og:url\" content=\"https:\/\/turkmaarifkoleji.org\/en\/etkinlikler\/\" \/>\n<meta property=\"og:site_name\" content=\"T\u00fcrk Maarif Koleji\" \/>\n<meta property=\"article:publisher\" content=\"https:\/\/www.facebook.com\/tmkcyprus\/\" \/>\n<meta property=\"article:modified_time\" content=\"2025-09-10T06:21:32+00:00\" \/>\n<meta property=\"og:image\" content=\"https:\/\/turkmaarifkoleji.org\/wp-content\/uploads\/2023\/07\/Turk_Maarif_Koleji_logo-1.png\" \/>\n\t<meta property=\"og:image:width\" content=\"477\" \/>\n\t<meta property=\"og:image:height\" content=\"160\" \/>\n\t<meta property=\"og:image:type\" content=\"image\/png\" \/>\n<meta name=\"twitter:card\" content=\"summary_large_image\" \/>\n<meta name=\"twitter:label1\" content=\"Est. reading time\" \/>\n\t<meta name=\"twitter:data1\" content=\"1 minute\" \/>\n<script type=\"application\/ld+json\" class=\"yoast-schema-graph\">{\"@context\":\"https:\/\/schema.org\",\"@graph\":[{\"@type\":\"WebPage\",\"@id\":\"https:\/\/turkmaarifkoleji.org\/etkinlikler\/\",\"url\":\"https:\/\/turkmaarifkoleji.org\/etkinlikler\/\",\"name\":\"Etkinlikler - T\u00fcrk Maarif Koleji\",\"isPartOf\":{\"@id\":\"https:\/\/turkmaarifkoleji.org\/en\/#website\"},\"primaryImageOfPage\":{\"@id\":\"https:\/\/turkmaarifkoleji.org\/etkinlikler\/#primaryimage\"},\"image\":{\"@id\":\"https:\/\/turkmaarifkoleji.org\/etkinlikler\/#primaryimage\"},\"thumbnailUrl\":\"https:\/\/turkmaarifkoleji.org\/wp-content\/uploads\/2023\/09\/camping.svg\",\"datePublished\":\"2021-05-18T01:55:11+00:00\",\"dateModified\":\"2025-09-10T06:21:32+00:00\",\"breadcrumb\":{\"@id\":\"https:\/\/turkmaarifkoleji.org\/etkinlikler\/#breadcrumb\"},\"inLanguage\":\"en-US\",\"potentialAction\":[{\"@type\":\"ReadAction\",\"target\":[\"https:\/\/turkmaarifkoleji.org\/etkinlikler\/\"]}]},{\"@type\":\"ImageObject\",\"inLanguage\":\"en-US\",\"@id\":\"https:\/\/turkmaarifkoleji.org\/etkinlikler\/#primaryimage\",\"url\":\"https:\/\/turkmaarifkoleji.org\/wp-content\/uploads\/2023\/09\/camping.svg\",\"contentUrl\":\"https:\/\/turkmaarifkoleji.org\/wp-content\/uploads\/2023\/09\/camping.svg\"},{\"@type\":\"BreadcrumbList\",\"@id\":\"https:\/\/turkmaarifkoleji.org\/etkinlikler\/#breadcrumb\",\"itemListElement\":[{\"@type\":\"ListItem\",\"position\":1,\"name\":\"Anasayfa\",\"item\":\"https:\/\/turkmaarifkoleji.org\/\"},{\"@type\":\"ListItem\",\"position\":2,\"name\":\"Etkinlikler\"}]},{\"@type\":\"WebSite\",\"@id\":\"https:\/\/turkmaarifkoleji.org\/en\/#website\",\"url\":\"https:\/\/turkmaarifkoleji.org\/en\/\",\"name\":\"T\u00fcrk Maarif Koleji\",\"description\":\"D\u00fcnyaya A\u00e7\u0131lan Kap\u0131\",\"publisher\":{\"@id\":\"https:\/\/turkmaarifkoleji.org\/en\/#organization\"},\"potentialAction\":[{\"@type\":\"SearchAction\",\"target\":{\"@type\":\"EntryPoint\",\"urlTemplate\":\"https:\/\/turkmaarifkoleji.org\/en\/?s={search_term_string}\"},\"query-input\":{\"@type\":\"PropertyValueSpecification\",\"valueRequired\":true,\"valueName\":\"search_term_string\"}}],\"inLanguage\":\"en-US\"},{\"@type\":\"Organization\",\"@id\":\"https:\/\/turkmaarifkoleji.org\/en\/#organization\",\"name\":\"T\u00fcrk Maarif Koleji\",\"alternateName\":\"TMK\",\"url\":\"https:\/\/turkmaarifkoleji.org\/en\/\",\"logo\":{\"@type\":\"ImageObject\",\"inLanguage\":\"en-US\",\"@id\":\"https:\/\/turkmaarifkoleji.org\/en\/#\/schema\/logo\/image\/\",\"url\":\"https:\/\/turkmaarifkoleji.org\/wp-content\/uploads\/2023\/08\/Turk_Maarif_Koleji-1.svg\",\"contentUrl\":\"https:\/\/turkmaarifkoleji.org\/wp-content\/uploads\/2023\/08\/Turk_Maarif_Koleji-1.svg\",\"width\":120,\"height\":160,\"caption\":\"T\u00fcrk Maarif Koleji\"},\"image\":{\"@id\":\"https:\/\/turkmaarifkoleji.org\/en\/#\/schema\/logo\/image\/\"},\"sameAs\":[\"https:\/\/www.facebook.com\/tmkcyprus\/\",\"https:\/\/www.instagram.com\/turkmaarifkolejitmk\/\"]}]}<\/script>\n<!-- \/ Yoast SEO plugin. -->","yoast_head_json":{"title":"Etkinlikler - T\u00fcrk Maarif Koleji","robots":{"index":"index","follow":"follow","max-snippet":"max-snippet:-1","max-image-preview":"max-image-preview:large","max-video-preview":"max-video-preview:-1"},"canonical":"https:\/\/turkmaarifkoleji.org\/en\/etkinlikler\/","og_locale":"en_US","og_type":"article","og_title":"Etkinlikler - T\u00fcrk Maarif Koleji","og_description":"Etkinlikler Kamp K\u00fcl\u00fcb\u00fc \u00c7evre K\u00fcl\u00fcb\u00fc Kitap K\u00fcl\u00fcb\u00fc Spor Aktiviteleri","og_url":"https:\/\/turkmaarifkoleji.org\/en\/etkinlikler\/","og_site_name":"T\u00fcrk Maarif Koleji","article_publisher":"https:\/\/www.facebook.com\/tmkcyprus\/","article_modified_time":"2025-09-10T06:21:32+00:00","og_image":[{"width":477,"height":160,"url":"https:\/\/turkmaarifkoleji.org\/wp-content\/uploads\/2023\/07\/Turk_Maarif_Koleji_logo-1.png","type":"image\/png"}],"twitter_card":"summary_large_image","twitter_misc":{"Est. reading time":"1 minute"},"schema":{"@context":"https:\/\/schema.org","@graph":[{"@type":"WebPage","@id":"https:\/\/turkmaarifkoleji.org\/etkinlikler\/","url":"https:\/\/turkmaarifkoleji.org\/etkinlikler\/","name":"Etkinlikler - T\u00fcrk Maarif Koleji","isPartOf":{"@id":"https:\/\/turkmaarifkoleji.org\/en\/#website"},"primaryImageOfPage":{"@id":"https:\/\/turkmaarifkoleji.org\/etkinlikler\/#primaryimage"},"image":{"@id":"https:\/\/turkmaarifkoleji.org\/etkinlikler\/#primaryimage"},"thumbnailUrl":"https:\/\/turkmaarifkoleji.org\/wp-content\/uploads\/2023\/09\/camping.svg","datePublished":"2021-05-18T01:55:11+00:00","dateModified":"2025-09-10T06:21:32+00:00","breadcrumb":{"@id":"https:\/\/turkmaarifkoleji.org\/etkinlikler\/#breadcrumb"},"inLanguage":"en-US","potentialAction":[{"@type":"ReadAction","target":["https:\/\/turkmaarifkoleji.org\/etkinlikler\/"]}]},{"@type":"ImageObject","inLanguage":"en-US","@id":"https:\/\/turkmaarifkoleji.org\/etkinlikler\/#primaryimage","url":"https:\/\/turkmaarifkoleji.org\/wp-content\/uploads\/2023\/09\/camping.svg","contentUrl":"https:\/\/turkmaarifkoleji.org\/wp-content\/uploads\/2023\/09\/camping.svg"},{"@type":"BreadcrumbList","@id":"https:\/\/turkmaarifkoleji.org\/etkinlikler\/#breadcrumb","itemListElement":[{"@type":"ListItem","position":1,"name":"Anasayfa","item":"https:\/\/turkmaarifkoleji.org\/"},{"@type":"ListItem","position":2,"name":"Etkinlikler"}]},{"@type":"WebSite","@id":"https:\/\/turkmaarifkoleji.org\/en\/#website","url":"https:\/\/turkmaarifkoleji.org\/en\/","name":"T\u00fcrk Maarif College","description":"A Gateway to the World","publisher":{"@id":"https:\/\/turkmaarifkoleji.org\/en\/#organization"},"potentialAction":[{"@type":"SearchAction","target":{"@type":"EntryPoint","urlTemplate":"https:\/\/turkmaarifkoleji.org\/en\/?s={search_term_string}"},"query-input":{"@type":"PropertyValueSpecification","valueRequired":true,"valueName":"search_term_string"}}],"inLanguage":"en-US"},{"@type":"Organization","@id":"https:\/\/turkmaarifkoleji.org\/en\/#organization","name":"T\u00fcrk Maarif College","alternateName":"TMK","url":"https:\/\/turkmaarifkoleji.org\/en\/","logo":{"@type":"ImageObject","inLanguage":"en-US","@id":"https:\/\/turkmaarifkoleji.org\/en\/#\/schema\/logo\/image\/","url":"https:\/\/turkmaarifkoleji.org\/wp-content\/uploads\/2023\/08\/Turk_Maarif_Koleji-1.svg","contentUrl":"https:\/\/turkmaarifkoleji.org\/wp-content\/uploads\/2023\/08\/Turk_Maarif_Koleji-1.svg","width":120,"height":160,"caption":"T\u00fcrk Maarif Koleji"},"image":{"@id":"https:\/\/turkmaarifkoleji.org\/en\/#\/schema\/logo\/image\/"},"sameAs":["https:\/\/www.facebook.com\/tmkcyprus\/","https:\/\/www.instagram.com\/turkmaarifkolejitmk\/"]}]}},"_links":{"self":[{"href":"https:\/\/turkmaarifkoleji.org\/en\/wp-json\/wp\/v2\/pages\/154","targetHints":{"allow":["GET"]}}],"collection":[{"href":"https:\/\/turkmaarifkoleji.org\/en\/wp-json\/wp\/v2\/pages"}],"about":[{"href":"https:\/\/turkmaarifkoleji.org\/en\/wp-json\/wp\/v2\/types\/page"}],"author":[{"embeddable":true,"href":"https:\/\/turkmaarifkoleji.org\/en\/wp-json\/wp\/v2\/users\/1"}],"replies":[{"embeddable":true,"href":"https:\/\/turkmaarifkoleji.org\/en\/wp-json\/wp\/v2\/comments?post=154"}],"version-history":[{"count":0,"href":"https:\/\/turkmaarifkoleji.org\/en\/wp-json\/wp\/v2\/pages\/154\/revisions"}],"wp:attachment":[{"href":"https:\/\/turkmaarifkoleji.org\/en\/wp-json\/wp\/v2\/media?parent=154"}],"curies":[{"name":"wp","href":"https:\/\/api.w.org\/{rel}","templated":true}]}}