{"id":1040,"date":"2023-07-24T09:42:54","date_gmt":"2023-07-24T06:42:54","guid":{"rendered":"https:\/\/college.iseri.eu\/?page_id=1040"},"modified":"2023-12-12T22:00:28","modified_gmt":"2023-12-12T20:00:28","slug":"andimiz","status":"publish","type":"page","link":"https:\/\/turkmaarifkoleji.org\/en\/andimiz\/","title":{"rendered":"And\u0131m\u0131z"},"content":{"rendered":"<div data-elementor-type=\"wp-page\" data-elementor-id=\"1040\" class=\"elementor elementor-1040\">\n\t\t\t\t<div class=\"elementor-element elementor-element-60e36f9 e-flex e-con-boxed e-con e-parent\" data-id=\"60e36f9\" data-element_type=\"container\">\n\t\t\t\t\t<div class=\"e-con-inner\">\n\t\t\t\t<div class=\"elementor-element elementor-element-b4a068e xpro-content-aligncenter elementor-widget elementor-widget-xpro-advance-heading\" data-id=\"b4a068e\" data-element_type=\"widget\" data-widget_type=\"xpro-advance-heading.default\">\n\t\t\t\t<div class=\"elementor-widget-container\">\n\t\t\t\t\t\r\n<div class=\"xpro-heading-wrapper\">\r\n\r\n\t<div class=\"xpro-heading-wrapper-inner\">\r\n\r\n\t\t\r\n\t\t<div class=\"xpro-heading-content\">\r\n\r\n\t\t\t\r\n\t\t\t<div class=\"xpro-heading-top\">\r\n\r\n\t\t\t\t\r\n\t\t\t\t<div class=\"xpro-heading-top-inner\">\r\n\t\t\t\t\t\t\t\t\t\t\t\t\t\t\t<h2 class=\"xpro-heading-title\"> <span class=\"xpro-title-focus\">TMK Oath<\/span> <\/h2>\t\t\t\t\t\t\t\t\t\t\t\t\t\t\t\t<div class=\"xpro-heading-separator-shape-1\">\r\n\t\t\t\t\t\t\t\t\t\t\t\t\t\t\t<svg xmlns=\"http:\/\/www.w3.org\/2000\/svg\" viewbox=\"0 0 594.14 23.03\">\r\n\t\t\t\t\t\t\t\t\t<defs\/>\r\n\t\t\t\t\t\t\t\t\t<g id=\"Layer_2\" data-name=\"Layer 2\">\r\n\t\t\t\t\t\t\t\t\t\t<g id=\"Object\">\r\n\t\t\t\t\t\t\t\t\t\t\t<path class=\"cls-1\" d=\"M53.69 22.25A146.43 146.43 0 0040 15c-2.53-1.26-5-2.55-7.51-3.9-1.27-.64-2.49-1.34-3.7-2.1l-.89-.55-.48-.3a5.59 5.59 0 00-.76-.45l-2.1 1.34A223.88 223.88 0 01.37 22.57c-.48.23-.48.56-.07.43 7.31-2.15 16.36-8 23.28-12.17l1.81-1.11.9-.56c.27-.15.36-.32.55-.14l.82.53.91.56c.6.38 1.22.74 1.83 1.09 2.46 1.44 5 2.78 7.5 4.08 5.05 2.61 10.18 5 15.27 7.44.89.42 1.44.12.52-.47z\"\/>\r\n\t\t\t\t\t\t\t\t\t\t\t<path class=\"cls-1\" d=\"M53.69 14.51A148.91 148.91 0 0040 7.29c-2.53-1.25-5-2.54-7.51-3.9-1.27-.67-2.49-1.39-3.7-2.1L27.9.75l-.48-.3a5.59 5.59 0 00-.76-.45l-2.1 1.34A223.88 223.88 0 01.37 14.83c-.48.23-.48.55-.07.43 7.31-2.16 16.36-8 23.28-12.17L25.39 2l.9-.57c.27-.14.36-.32.55-.13l.82.52.91.57c.6.37 1.22.73 1.83 1.09 2.46 1.43 5 2.78 7.5 4.08 5.05 2.61 10.18 5 15.27 7.43.89.41 1.44.1.52-.48zM107.67 22.25A146.43 146.43 0 0094 15c-2.53-1.26-5-2.55-7.52-3.9q-1.84-1-3.66-2.1l-.89-.55-.48-.3a5.59 5.59 0 00-.76-.45l-2.1 1.34a223.88 223.88 0 01-24.24 13.53c-.48.23-.48.56-.07.43 7.31-2.15 16.36-8 23.28-12.17l1.81-1.11.9-.56c.27-.15.36-.32.55-.14l.82.53.91.56c.6.38 1.22.74 1.83 1.09 2.46 1.44 5 2.78 7.5 4.08 5.05 2.61 10.18 5 15.27 7.44.85.42 1.44.12.52-.47z\"\/>\r\n\t\t\t\t\t\t\t\t\t\t\t<path class=\"cls-1\" d=\"M107.67 14.51A148.91 148.91 0 0094 7.29c-2.53-1.25-5-2.54-7.52-3.9q-1.84-1-3.66-2.1l-.94-.54-.48-.3a5.59 5.59 0 00-.76-.45l-2.1 1.34a223.88 223.88 0 01-24.19 13.49c-.48.23-.48.55-.07.43 7.31-2.16 16.36-8 23.28-12.17L79.37 2l.9-.57c.27-.14.36-.32.55-.13l.82.52.91.57c.6.37 1.22.73 1.83 1.09 2.46 1.43 5 2.78 7.5 4.08 5.05 2.61 10.18 5 15.27 7.43.85.41 1.44.1.52-.48zM161.65 22.25A146.43 146.43 0 00147.93 15c-2.53-1.26-5-2.55-7.52-3.9q-1.84-1-3.66-2.1l-.9-.55-.47-.3a5.59 5.59 0 00-.76-.45l-2.1 1.34a223.88 223.88 0 01-24.19 13.49c-.48.23-.48.56-.07.43 7.31-2.15 16.36-8 23.28-12.17l1.81-1.11.9-.56c.27-.15.36-.32.55-.14l.82.53.91.56c.6.38 1.22.74 1.83 1.09 2.46 1.44 5 2.78 7.49 4.08 5.06 2.61 10.19 5 15.28 7.44.87.46 1.44.16.52-.43z\"\/>\r\n\t\t\t\t\t\t\t\t\t\t\t<path class=\"cls-1\" d=\"M161.65 14.51a148.91 148.91 0 00-13.72-7.22c-2.53-1.25-5-2.54-7.52-3.9q-1.84-1-3.66-2.1l-.9-.54-.47-.3a5.59 5.59 0 00-.76-.45l-2.1 1.34a223.88 223.88 0 01-24.19 13.49c-.48.23-.48.55-.07.43 7.31-2.16 16.36-8 23.28-12.17L133.35 2l.9-.57c.27-.14.36-.32.55-.13l.82.52.91.57c.6.37 1.22.73 1.83 1.09 2.46 1.43 5 2.78 7.49 4.08 5.06 2.61 10.19 5 15.28 7.43.87.41 1.44.1.52-.48zM215.62 22.25A145 145 0 00201.91 15c-2.53-1.26-5-2.55-7.52-3.9q-1.86-1-3.66-2.1l-.9-.55-.47-.3a5.59 5.59 0 00-.76-.45l-2.1 1.34a223.88 223.88 0 01-24.19 13.49c-.48.23-.48.56-.07.43 7.31-2.15 16.36-8 23.28-12.17l1.81-1.11.9-.56c.27-.15.36-.32.55-.14l.82.53.91.56c.6.38 1.22.74 1.83 1.09 2.46 1.44 5 2.78 7.49 4.08 5.06 2.61 10.19 5 15.27 7.44.9.46 1.45.16.52-.43z\"\/>\r\n\t\t\t\t\t\t\t\t\t\t\t<path class=\"cls-1\" d=\"M215.62 14.51a147.46 147.46 0 00-13.71-7.22c-2.53-1.25-5-2.54-7.52-3.9q-1.86-1-3.66-2.1l-.9-.54-.47-.3a5.59 5.59 0 00-.76-.45l-2.1 1.34a223.88 223.88 0 01-24.19 13.49c-.48.23-.48.55-.07.43 7.31-2.16 16.36-8 23.28-12.17L187.33 2l.9-.57c.27-.14.36-.32.55-.13l.82.52.91.57c.6.37 1.22.73 1.83 1.09 2.46 1.43 5 2.78 7.49 4.08 5.06 2.61 10.19 5 15.27 7.43.9.41 1.45.1.52-.48zM269.6 22.25A145 145 0 00255.89 15c-2.53-1.26-5-2.55-7.52-3.9q-1.86-1-3.66-2.1l-.9-.55-.47-.3a5.59 5.59 0 00-.76-.45l-2.1 1.34a223.88 223.88 0 01-24.19 13.49c-.48.23-.49.56-.07.43 7.31-2.15 16.36-8 23.28-12.17l1.81-1.11.9-.56c.27-.15.36-.32.55-.14l.82.53.91.56c.6.38 1.21.74 1.83 1.09 2.46 1.44 5 2.78 7.49 4.08 5.06 2.61 10.19 5 15.27 7.44.92.46 1.44.16.52-.43z\"\/>\r\n\t\t\t\t\t\t\t\t\t\t\t<path class=\"cls-1\" d=\"M269.6 14.51a147.46 147.46 0 00-13.71-7.22c-2.53-1.25-5-2.54-7.52-3.9q-1.86-1-3.66-2.1l-.9-.54-.47-.3a5.59 5.59 0 00-.76-.45l-2.1 1.34a223.88 223.88 0 01-24.19 13.49c-.48.23-.49.55-.07.43 7.31-2.16 16.36-8 23.28-12.17L241.31 2l.9-.57c.27-.14.36-.32.55-.13l.82.52.91.57c.6.37 1.21.73 1.83 1.09 2.46 1.43 5 2.78 7.49 4.08 5.06 2.61 10.19 5 15.27 7.43.92.41 1.44.1.52-.48zM323.58 22.25A146.26 146.26 0 00309.87 15c-2.53-1.26-5.05-2.55-7.52-3.9q-1.86-1-3.66-2.1l-.9-.55-.47-.3a5.59 5.59 0 00-.76-.45l-2.1 1.34a223.88 223.88 0 01-24.19 13.49c-.49.23-.49.56-.07.43 7.31-2.15 16.36-8 23.28-12.17l1.81-1.11.9-.56c.27-.15.36-.32.55-.14l.82.53.91.56c.6.38 1.21.74 1.83 1.09 2.46 1.44 5 2.78 7.49 4.08 5 2.61 10.19 5 15.27 7.44.94.46 1.44.16.52-.43z\"\/>\r\n\t\t\t\t\t\t\t\t\t\t\t<path class=\"cls-1\" d=\"M323.58 14.51a148.74 148.74 0 00-13.71-7.22c-2.53-1.25-5.05-2.54-7.52-3.9q-1.86-1-3.66-2.1l-.9-.54-.47-.3a5.59 5.59 0 00-.76-.45l-2.1 1.34a223.88 223.88 0 01-24.19 13.49c-.49.23-.49.55-.07.43 7.31-2.16 16.36-8 23.28-12.17L295.29 2l.9-.57c.27-.14.36-.32.55-.13l.82.52.91.57c.6.37 1.21.73 1.83 1.09 2.46 1.43 5 2.78 7.49 4.08 5 2.61 10.19 5 15.27 7.43.94.41 1.44.1.52-.48zM377.56 22.25A146.26 146.26 0 00363.85 15c-2.53-1.26-5.05-2.55-7.52-3.9q-1.86-1-3.66-2.1l-.9-.55-.48-.3a5 5 0 00-.75-.45l-2.1 1.34a223.88 223.88 0 01-24.19 13.49c-.49.23-.49.56-.07.43 7.31-2.15 16.36-8 23.27-12.17l1.82-1.11.9-.56c.27-.15.36-.32.55-.14l.82.53.91.56c.6.38 1.21.74 1.83 1.09 2.46 1.44 5 2.78 7.49 4.08 5.05 2.61 10.19 5 15.27 7.44.89.46 1.44.16.52-.43z\"\/>\r\n\t\t\t\t\t\t\t\t\t\t\t<path class=\"cls-1\" d=\"M377.56 14.51a148.74 148.74 0 00-13.71-7.22c-2.53-1.25-5.05-2.54-7.52-3.9q-1.86-1-3.66-2.1l-.9-.54-.48-.3a5 5 0 00-.75-.45l-2.1 1.34a223.88 223.88 0 01-24.19 13.49c-.49.23-.49.55-.07.43 7.31-2.16 16.36-8 23.27-12.17L349.27 2l.9-.57c.27-.14.36-.32.55-.13l.82.52.91.57c.6.37 1.21.73 1.83 1.09 2.46 1.43 5 2.78 7.49 4.08 5.05 2.61 10.19 5 15.27 7.43.89.41 1.44.1.52-.48zM431.54 22.25A146.26 146.26 0 00417.83 15c-2.53-1.26-5.05-2.55-7.52-3.9q-1.86-1-3.66-2.1l-.9-.55-.48-.3a5 5 0 00-.75-.45l-2.1 1.34a224.84 224.84 0 01-24.19 13.49c-.49.23-.49.56-.07.43 7.31-2.15 16.36-8 23.27-12.17l1.81-1.11.91-.56c.27-.15.36-.32.55-.14l.82.53.9.56c.61.38 1.22.74 1.84 1.09 2.46 1.44 5 2.78 7.49 4.08 5.05 2.61 10.18 5 15.27 7.44.89.46 1.44.16.52-.43z\"\/>\r\n\t\t\t\t\t\t\t\t\t\t\t<path class=\"cls-1\" d=\"M431.54 14.51a148.74 148.74 0 00-13.71-7.22c-2.53-1.25-5.05-2.54-7.52-3.9q-1.86-1-3.66-2.1l-.9-.54-.48-.3a5 5 0 00-.75-.45l-2.1 1.34a224.84 224.84 0 01-24.19 13.49c-.49.23-.49.55-.07.43 7.31-2.16 16.36-8 23.27-12.17L403.24 2l.91-.57c.27-.14.36-.32.55-.13l.82.52.9.57 1.84 1.09c2.46 1.43 5 2.78 7.49 4.08 5.05 2.61 10.18 5 15.27 7.43.89.41 1.44.1.52-.48zM485.7 22.25A145 145 0 00472 15c-2.53-1.26-5.05-2.55-7.52-3.9q-1.86-1-3.66-2.1l-.9-.55-.47-.3a5.59 5.59 0 00-.76-.45l-2.1 1.34a223.88 223.88 0 01-24.19 13.49c-.48.23-.48.56-.07.43 7.31-2.15 16.36-8 23.28-12.17l1.81-1.11.9-.56c.27-.15.36-.32.55-.14l.82.53.91.56c.6.38 1.21.74 1.83 1.09 2.46 1.44 5 2.78 7.49 4.08 5.06 2.61 10.19 5 15.27 7.44.89.46 1.43.16.51-.43z\"\/>\r\n\t\t\t\t\t\t\t\t\t\t\t<path class=\"cls-1\" d=\"M485.7 14.51A147.46 147.46 0 00472 7.29c-2.53-1.25-5.05-2.54-7.52-3.9q-1.86-1-3.66-2.1l-.9-.54-.47-.3a5.59 5.59 0 00-.76-.45l-2.1 1.34a223.88 223.88 0 01-24.19 13.49c-.48.23-.48.55-.07.43 7.31-2.16 16.36-8 23.28-12.17l1.8-1.09.9-.57c.27-.14.36-.32.55-.13l.82.52.91.57c.6.37 1.21.73 1.83 1.09 2.46 1.43 5 2.78 7.49 4.08 5.06 2.61 10.19 5 15.27 7.43.9.41 1.44.1.52-.48zM539.68 22.25A146.26 146.26 0 00526 15c-2.53-1.26-5.05-2.55-7.52-3.9q-1.86-1-3.66-2.1l-.9-.55-.47-.3a5.59 5.59 0 00-.76-.45l-2.1 1.34a223.88 223.88 0 01-24.19 13.49c-.48.23-.49.56-.07.43 7.31-2.15 16.36-8 23.28-12.17l1.81-1.11.9-.56c.27-.15.36-.32.55-.14l.82.53.91.56c.6.38 1.21.74 1.83 1.09 2.46 1.44 5 2.78 7.49 4.08 5.06 2.61 10.19 5 15.27 7.44.87.46 1.41.16.49-.43z\"\/>\r\n\t\t\t\t\t\t\t\t\t\t\t<path class=\"cls-1\" d=\"M539.68 14.51A148.74 148.74 0 00526 7.29c-2.53-1.25-5.05-2.54-7.52-3.9q-1.86-1-3.66-2.1l-.9-.54-.47-.3a5.59 5.59 0 00-.76-.45l-2.1 1.34a223.88 223.88 0 01-24.19 13.49c-.48.23-.49.55-.07.43 7.31-2.16 16.36-8 23.28-12.17L511.39 2l.9-.57c.27-.14.36-.32.55-.13l.82.52.91.57c.6.37 1.21.73 1.83 1.09 2.46 1.43 5 2.78 7.49 4.08 5.06 2.61 10.19 5 15.27 7.43.9.41 1.44.1.52-.48zM593.66 22.25A146.26 146.26 0 00580 15c-2.53-1.26-5.05-2.55-7.52-3.9q-1.86-1-3.66-2.1l-.9-.55-.48-.3a5 5 0 00-.75-.45l-2.1 1.34a223.88 223.88 0 01-24.19 13.49c-.49.23-.49.56-.07.43 7.31-2.15 16.36-8 23.27-12.17l1.82-1.11.9-.56c.27-.15.36-.32.55-.14l.82.53.91.56c.6.38 1.21.74 1.83 1.09 2.46 1.44 5 2.78 7.49 4.08 5 2.61 10.19 5 15.27 7.44.81.46 1.39.16.47-.43z\"\/>\r\n\t\t\t\t\t\t\t\t\t\t\t<path class=\"cls-1\" d=\"M593.66 14.51A148.74 148.74 0 00580 7.29c-2.53-1.25-5.05-2.54-7.52-3.9q-1.86-1-3.66-2.1l-.9-.54-.48-.3a5 5 0 00-.75-.45l-2.1 1.34a223.88 223.88 0 01-24.19 13.49c-.49.23-.49.55-.07.43 7.31-2.16 16.36-8 23.27-12.17L565.37 2l.9-.57c.27-.14.36-.32.55-.13l.82.52.91.57c.6.37 1.21.73 1.83 1.09 2.46 1.43 5 2.78 7.49 4.08 5 2.61 10.19 5 15.27 7.43.86.41 1.44.1.52-.48z\"\/>\r\n\t\t\t\t\t\t\t\t\t\t<\/g>\r\n\t\t\t\t\t\t\t\t\t<\/g>\r\n\t\t\t\t\t\t\t\t<\/svg>\r\n\t\t\t\t\t\t\t\t\t\t\t\t\t\t\t\t\t\t\t\t\t\t\t\t\t\t\t\t\t\t\t\t\t\t\t\t\t\t\t\t\t\t\t\t\t\t\t\t<\/div>\r\n\t\t\t\t\t\t\t\t\t<\/div>\r\n\r\n\t\t\t<\/div>\r\n\r\n\t\t\t\r\n\t\t<\/div>\r\n\r\n\t<\/div>\r\n\r\n<\/div>\r\n\t\t\t\t<\/div>\n\t\t\t\t<\/div>\n\t\t\t\t\t<\/div>\n\t\t\t\t<\/div>\n\t\t<div class=\"elementor-element elementor-element-e9a925d e-flex e-con-boxed e-con e-parent\" data-id=\"e9a925d\" data-element_type=\"container\" data-settings=\"{&quot;background_background&quot;:&quot;classic&quot;}\">\n\t\t\t\t\t<div class=\"e-con-inner\">\n\t\t\t\t<div class=\"elementor-element elementor-element-ba6787b elementor-widget__width-initial animated-slow elementor-invisible elementor-widget elementor-widget-text-editor\" data-id=\"ba6787b\" data-element_type=\"widget\" data-settings=\"{&quot;_animation&quot;:&quot;xpro-anim-reveal-from-up&quot;}\" data-widget_type=\"text-editor.default\">\n\t\t\t\t<div class=\"elementor-widget-container\">\n\t\t\t\t\t\t\t\t\t<p><span style=\"color: #000000;\"><strong>Ben TMK&#8217;l\u0131y\u0131m!<\/strong><\/span><br \/><span style=\"color: #000000;\"><strong>Gururla ta\u015f\u0131d\u0131\u011f\u0131m bu isim<\/strong><\/span><br \/><span style=\"color: #000000;\"><strong>Azim, bilgi ve ba\u015far\u0131 demek<\/strong><\/span><br \/><span style=\"color: #000000;\"><strong>D\u00fcnyaya a\u00e7\u0131lan kap\u0131 demek<\/strong><\/span><br \/><span style=\"color: #000000;\"><strong>Bu kap\u0131dan ge\u00e7en her TMK&#8217;l\u0131 gibi<\/strong><\/span><br \/><span style=\"color: #000000;\"><strong>Sorumluluklar\u0131m\u0131n bilincinde<\/strong><\/span><br \/><span style=\"color: #000000;\"><strong>Do\u011fruluktan ayr\u0131lmadan<\/strong><\/span><br \/><span style=\"color: #000000;\"><strong>Her zaman en iyiyi hedefleyerek<\/strong><\/span><br \/><span style=\"color: #000000;\"><strong>Her nerede olursa olsun<\/strong><\/span><br \/><span style=\"color: #000000;\"><strong>TMK y\u0131ld\u0131z\u0131n\u0131 parlataca\u011f\u0131ma<\/strong><\/span><br \/><span style=\"color: #000000;\"><strong>Ant i\u00e7erim<\/strong><\/span><br \/><span style=\"color: #000000;\"><strong>\u00c7\u00fcnk\u00fc ben<\/strong><\/span><br \/><span style=\"color: #000000;\"><strong>TMK&#8217;l\u0131y\u0131m!<\/strong><\/span><br \/><span style=\"color: #000000;\"><strong>\u00c7\u00fcnk\u00fc biz<\/strong><\/span><br \/><span style=\"color: #000000;\"><strong>TMK&#8217;l\u0131y\u0131z!<\/strong><\/span><\/p><p>Yazar\u0131 : Esin \u00c7etinba\u015f \u0130\u015feri<\/p>\t\t\t\t\t\t\t\t<\/div>\n\t\t\t\t<\/div>\n\t\t\t\t\t<\/div>\n\t\t\t\t<\/div>\n\t\t\t\t<\/div>","protected":false},"excerpt":{"rendered":"<p>TMK And\u0131 Ben TMK&#8217;l\u0131y\u0131m!Gururla ta\u015f\u0131d\u0131\u011f\u0131m bu isimAzim, bilgi ve ba\u015far\u0131 demekD\u00fcnyaya a\u00e7\u0131lan kap\u0131 demekBu kap\u0131dan ge\u00e7en her TMK&#8217;l\u0131 gibiSorumluluklar\u0131m\u0131n bilincindeDo\u011fruluktan ayr\u0131lmadanHer zaman en iyiyi hedefleyerekHer nerede olursa olsunTMK y\u0131ld\u0131z\u0131n\u0131 parlataca\u011f\u0131maAnt i\u00e7erim\u00c7\u00fcnk\u00fc benTMK&#8217;l\u0131y\u0131m!\u00c7\u00fcnk\u00fc bizTMK&#8217;l\u0131y\u0131z! Yazar\u0131 : Esin \u00c7etinba\u015f \u0130\u015feri<\/p>","protected":false},"author":1,"featured_media":0,"parent":0,"menu_order":0,"comment_status":"closed","ping_status":"closed","template":"elementor_theme","meta":{"_kad_post_transparent":"","_kad_post_title":"","_kad_post_layout":"","_kad_post_sidebar_id":"","_kad_post_content_style":"","_kad_post_vertical_padding":"","_kad_post_feature":"","_kad_post_feature_position":"","_kad_post_header":false,"_kad_post_footer":false,"footnotes":""},"class_list":["post-1040","page","type-page","status-publish","hentry"],"yoast_head":"<!-- This site is optimized with the Yoast SEO plugin v25.9 - https:\/\/yoast.com\/wordpress\/plugins\/seo\/ -->\n<title>And\u0131m\u0131z - T\u00fcrk Maarif Koleji<\/title>\n<meta name=\"robots\" content=\"index, follow, max-snippet:-1, max-image-preview:large, max-video-preview:-1\" \/>\n<link rel=\"canonical\" href=\"https:\/\/turkmaarifkoleji.org\/en\/andimiz\/\" \/>\n<meta property=\"og:locale\" content=\"en_US\" \/>\n<meta property=\"og:type\" content=\"article\" \/>\n<meta property=\"og:title\" content=\"And\u0131m\u0131z - T\u00fcrk Maarif Koleji\" \/>\n<meta property=\"og:description\" content=\"TMK And\u0131 Ben TMK&#8217;l\u0131y\u0131m!Gururla ta\u015f\u0131d\u0131\u011f\u0131m bu isimAzim, bilgi ve ba\u015far\u0131 demekD\u00fcnyaya a\u00e7\u0131lan kap\u0131 demekBu kap\u0131dan ge\u00e7en her TMK&#8217;l\u0131 gibiSorumluluklar\u0131m\u0131n bilincindeDo\u011fruluktan ayr\u0131lmadanHer zaman en iyiyi hedefleyerekHer nerede olursa olsunTMK y\u0131ld\u0131z\u0131n\u0131 parlataca\u011f\u0131maAnt i\u00e7erim\u00c7\u00fcnk\u00fc benTMK&#8217;l\u0131y\u0131m!\u00c7\u00fcnk\u00fc bizTMK&#8217;l\u0131y\u0131z! Yazar\u0131 : Esin \u00c7etinba\u015f \u0130\u015feri\" \/>\n<meta property=\"og:url\" content=\"https:\/\/turkmaarifkoleji.org\/en\/andimiz\/\" \/>\n<meta property=\"og:site_name\" content=\"T\u00fcrk Maarif Koleji\" \/>\n<meta property=\"article:publisher\" content=\"https:\/\/www.facebook.com\/tmkcyprus\/\" \/>\n<meta property=\"article:modified_time\" content=\"2023-12-12T20:00:28+00:00\" \/>\n<meta property=\"og:image\" content=\"https:\/\/turkmaarifkoleji.org\/wp-content\/uploads\/2023\/07\/Turk_Maarif_Koleji_logo-1.png\" \/>\n\t<meta property=\"og:image:width\" content=\"477\" \/>\n\t<meta property=\"og:image:height\" content=\"160\" \/>\n\t<meta property=\"og:image:type\" content=\"image\/png\" \/>\n<meta name=\"twitter:card\" content=\"summary_large_image\" \/>\n<meta name=\"twitter:label1\" content=\"Est. reading time\" \/>\n\t<meta name=\"twitter:data1\" content=\"1 minute\" \/>\n<script type=\"application\/ld+json\" class=\"yoast-schema-graph\">{\"@context\":\"https:\/\/schema.org\",\"@graph\":[{\"@type\":\"WebPage\",\"@id\":\"https:\/\/turkmaarifkoleji.org\/andimiz\/\",\"url\":\"https:\/\/turkmaarifkoleji.org\/andimiz\/\",\"name\":\"And\u0131m\u0131z - T\u00fcrk Maarif Koleji\",\"isPartOf\":{\"@id\":\"https:\/\/turkmaarifkoleji.org\/en\/#website\"},\"datePublished\":\"2023-07-24T06:42:54+00:00\",\"dateModified\":\"2023-12-12T20:00:28+00:00\",\"breadcrumb\":{\"@id\":\"https:\/\/turkmaarifkoleji.org\/andimiz\/#breadcrumb\"},\"inLanguage\":\"en-US\",\"potentialAction\":[{\"@type\":\"ReadAction\",\"target\":[\"https:\/\/turkmaarifkoleji.org\/andimiz\/\"]}]},{\"@type\":\"BreadcrumbList\",\"@id\":\"https:\/\/turkmaarifkoleji.org\/andimiz\/#breadcrumb\",\"itemListElement\":[{\"@type\":\"ListItem\",\"position\":1,\"name\":\"Anasayfa\",\"item\":\"https:\/\/turkmaarifkoleji.org\/\"},{\"@type\":\"ListItem\",\"position\":2,\"name\":\"And\u0131m\u0131z\"}]},{\"@type\":\"WebSite\",\"@id\":\"https:\/\/turkmaarifkoleji.org\/en\/#website\",\"url\":\"https:\/\/turkmaarifkoleji.org\/en\/\",\"name\":\"T\u00fcrk Maarif Koleji\",\"description\":\"D\u00fcnyaya A\u00e7\u0131lan Kap\u0131\",\"publisher\":{\"@id\":\"https:\/\/turkmaarifkoleji.org\/en\/#organization\"},\"potentialAction\":[{\"@type\":\"SearchAction\",\"target\":{\"@type\":\"EntryPoint\",\"urlTemplate\":\"https:\/\/turkmaarifkoleji.org\/en\/?s={search_term_string}\"},\"query-input\":{\"@type\":\"PropertyValueSpecification\",\"valueRequired\":true,\"valueName\":\"search_term_string\"}}],\"inLanguage\":\"en-US\"},{\"@type\":\"Organization\",\"@id\":\"https:\/\/turkmaarifkoleji.org\/en\/#organization\",\"name\":\"T\u00fcrk Maarif Koleji\",\"alternateName\":\"TMK\",\"url\":\"https:\/\/turkmaarifkoleji.org\/en\/\",\"logo\":{\"@type\":\"ImageObject\",\"inLanguage\":\"en-US\",\"@id\":\"https:\/\/turkmaarifkoleji.org\/en\/#\/schema\/logo\/image\/\",\"url\":\"https:\/\/turkmaarifkoleji.org\/wp-content\/uploads\/2023\/08\/Turk_Maarif_Koleji-1.svg\",\"contentUrl\":\"https:\/\/turkmaarifkoleji.org\/wp-content\/uploads\/2023\/08\/Turk_Maarif_Koleji-1.svg\",\"width\":120,\"height\":160,\"caption\":\"T\u00fcrk Maarif Koleji\"},\"image\":{\"@id\":\"https:\/\/turkmaarifkoleji.org\/en\/#\/schema\/logo\/image\/\"},\"sameAs\":[\"https:\/\/www.facebook.com\/tmkcyprus\/\",\"https:\/\/www.instagram.com\/turkmaarifkolejitmk\/\"]}]}<\/script>\n<!-- \/ Yoast SEO plugin. -->","yoast_head_json":{"title":"And\u0131m\u0131z - T\u00fcrk Maarif Koleji","robots":{"index":"index","follow":"follow","max-snippet":"max-snippet:-1","max-image-preview":"max-image-preview:large","max-video-preview":"max-video-preview:-1"},"canonical":"https:\/\/turkmaarifkoleji.org\/en\/andimiz\/","og_locale":"en_US","og_type":"article","og_title":"And\u0131m\u0131z - T\u00fcrk Maarif Koleji","og_description":"TMK And\u0131 Ben TMK&#8217;l\u0131y\u0131m!Gururla ta\u015f\u0131d\u0131\u011f\u0131m bu isimAzim, bilgi ve ba\u015far\u0131 demekD\u00fcnyaya a\u00e7\u0131lan kap\u0131 demekBu kap\u0131dan ge\u00e7en her TMK&#8217;l\u0131 gibiSorumluluklar\u0131m\u0131n bilincindeDo\u011fruluktan ayr\u0131lmadanHer zaman en iyiyi hedefleyerekHer nerede olursa olsunTMK y\u0131ld\u0131z\u0131n\u0131 parlataca\u011f\u0131maAnt i\u00e7erim\u00c7\u00fcnk\u00fc benTMK&#8217;l\u0131y\u0131m!\u00c7\u00fcnk\u00fc bizTMK&#8217;l\u0131y\u0131z! Yazar\u0131 : Esin \u00c7etinba\u015f \u0130\u015feri","og_url":"https:\/\/turkmaarifkoleji.org\/en\/andimiz\/","og_site_name":"T\u00fcrk Maarif Koleji","article_publisher":"https:\/\/www.facebook.com\/tmkcyprus\/","article_modified_time":"2023-12-12T20:00:28+00:00","og_image":[{"width":477,"height":160,"url":"https:\/\/turkmaarifkoleji.org\/wp-content\/uploads\/2023\/07\/Turk_Maarif_Koleji_logo-1.png","type":"image\/png"}],"twitter_card":"summary_large_image","twitter_misc":{"Est. reading time":"1 minute"},"schema":{"@context":"https:\/\/schema.org","@graph":[{"@type":"WebPage","@id":"https:\/\/turkmaarifkoleji.org\/andimiz\/","url":"https:\/\/turkmaarifkoleji.org\/andimiz\/","name":"And\u0131m\u0131z - T\u00fcrk Maarif Koleji","isPartOf":{"@id":"https:\/\/turkmaarifkoleji.org\/en\/#website"},"datePublished":"2023-07-24T06:42:54+00:00","dateModified":"2023-12-12T20:00:28+00:00","breadcrumb":{"@id":"https:\/\/turkmaarifkoleji.org\/andimiz\/#breadcrumb"},"inLanguage":"en-US","potentialAction":[{"@type":"ReadAction","target":["https:\/\/turkmaarifkoleji.org\/andimiz\/"]}]},{"@type":"BreadcrumbList","@id":"https:\/\/turkmaarifkoleji.org\/andimiz\/#breadcrumb","itemListElement":[{"@type":"ListItem","position":1,"name":"Anasayfa","item":"https:\/\/turkmaarifkoleji.org\/"},{"@type":"ListItem","position":2,"name":"And\u0131m\u0131z"}]},{"@type":"WebSite","@id":"https:\/\/turkmaarifkoleji.org\/en\/#website","url":"https:\/\/turkmaarifkoleji.org\/en\/","name":"T\u00fcrk Maarif College","description":"A Gateway to the World","publisher":{"@id":"https:\/\/turkmaarifkoleji.org\/en\/#organization"},"potentialAction":[{"@type":"SearchAction","target":{"@type":"EntryPoint","urlTemplate":"https:\/\/turkmaarifkoleji.org\/en\/?s={search_term_string}"},"query-input":{"@type":"PropertyValueSpecification","valueRequired":true,"valueName":"search_term_string"}}],"inLanguage":"en-US"},{"@type":"Organization","@id":"https:\/\/turkmaarifkoleji.org\/en\/#organization","name":"T\u00fcrk Maarif College","alternateName":"TMK","url":"https:\/\/turkmaarifkoleji.org\/en\/","logo":{"@type":"ImageObject","inLanguage":"en-US","@id":"https:\/\/turkmaarifkoleji.org\/en\/#\/schema\/logo\/image\/","url":"https:\/\/turkmaarifkoleji.org\/wp-content\/uploads\/2023\/08\/Turk_Maarif_Koleji-1.svg","contentUrl":"https:\/\/turkmaarifkoleji.org\/wp-content\/uploads\/2023\/08\/Turk_Maarif_Koleji-1.svg","width":120,"height":160,"caption":"T\u00fcrk Maarif Koleji"},"image":{"@id":"https:\/\/turkmaarifkoleji.org\/en\/#\/schema\/logo\/image\/"},"sameAs":["https:\/\/www.facebook.com\/tmkcyprus\/","https:\/\/www.instagram.com\/turkmaarifkolejitmk\/"]}]}},"_links":{"self":[{"href":"https:\/\/turkmaarifkoleji.org\/en\/wp-json\/wp\/v2\/pages\/1040","targetHints":{"allow":["GET"]}}],"collection":[{"href":"https:\/\/turkmaarifkoleji.org\/en\/wp-json\/wp\/v2\/pages"}],"about":[{"href":"https:\/\/turkmaarifkoleji.org\/en\/wp-json\/wp\/v2\/types\/page"}],"author":[{"embeddable":true,"href":"https:\/\/turkmaarifkoleji.org\/en\/wp-json\/wp\/v2\/users\/1"}],"replies":[{"embeddable":true,"href":"https:\/\/turkmaarifkoleji.org\/en\/wp-json\/wp\/v2\/comments?post=1040"}],"version-history":[{"count":0,"href":"https:\/\/turkmaarifkoleji.org\/en\/wp-json\/wp\/v2\/pages\/1040\/revisions"}],"wp:attachment":[{"href":"https:\/\/turkmaarifkoleji.org\/en\/wp-json\/wp\/v2\/media?parent=1040"}],"curies":[{"name":"wp","href":"https:\/\/api.w.org\/{rel}","templated":true}]}}